{"id":2242,"date":"2025-11-28T11:51:24","date_gmt":"2025-11-28T11:51:24","guid":{"rendered":"https:\/\/amprojects.hu\/?page_id=2242"},"modified":"2026-01-22T09:33:56","modified_gmt":"2026-01-22T09:33:56","slug":"acs-kinga-noemi","status":"publish","type":"page","link":"https:\/\/amprojects.hu\/en\/acs-kinga-noemi\/","title":{"rendered":"\u00c1cs-Kinga No\u00e9mi"},"content":{"rendered":"<div data-elementor-type=\"wp-page\" data-elementor-id=\"2242\" class=\"elementor elementor-2242\" data-elementor-post-type=\"page\">\n\t\t\t\t<div class=\"elementor-element elementor-element-b915a9b e-flex e-con-boxed wpr-particle-no wpr-jarallax-no wpr-parallax-no wpr-sticky-section-no e-con e-parent\" data-id=\"b915a9b\" data-element_type=\"container\" data-e-type=\"container\" data-settings=\"{&quot;background_background&quot;:&quot;classic&quot;}\">\n\t\t\t\t\t<div class=\"e-con-inner\">\n\t\t<div class=\"elementor-element elementor-element-6066f3b e-con-full e-flex wpr-particle-no wpr-jarallax-no wpr-parallax-no wpr-sticky-section-no e-con e-child\" data-id=\"6066f3b\" data-element_type=\"container\" data-e-type=\"container\">\n\t\t\t\t<div class=\"elementor-element elementor-element-b9ce3f3 elementor-widget__width-inherit elementor-widget elementor-widget-heading\" data-id=\"b9ce3f3\" data-element_type=\"widget\" data-e-type=\"widget\" data-widget_type=\"heading.default\">\n\t\t\t\t\t<h2 class=\"elementor-heading-title elementor-size-default\">Kinga-No\u00e9mi \u00c1cs<\/h2>\t\t\t\t<\/div>\n\t\t\t\t<div class=\"elementor-element elementor-element-8ca2511 elementor-widget__width-initial elementor-widget elementor-widget-text-editor\" data-id=\"8ca2511\" data-element_type=\"widget\" data-e-type=\"widget\" data-widget_type=\"text-editor.default\">\n\t\t\t\t\t\t\t\t\t<p><strong>Kinga-No\u00e9mi \u00c1cs was born in 1997 in<\/strong> Miercurea Ciuc, Romania. She currently lives and works in Budapest, Hungary. Her artistic practice focuses on female identity, anxiety-inducing social norms, and behavioral patterns, which she explores through the metaphor of play and games. In 2021, she earned her master\u2019s degree in Graphic Arts from the Hungarian University of Fine Arts. In 2019, she was awarded the L\u00e1szl\u00f3 Csomor Prize. During her university years, she received the New National Excellence Program research scholarship twice, and also spent a year studying at the Rome University of Fine Arts. Since 2017, she has been regularly exhibiting her works in solo and group exhibitions, both in Hungary and internationally, including biennials. Her most recent solo exhibition (in collaboration with Anna J\u00e1rai) was held at the T\u00e9r-K\u00e9p Gallery. Since 2022, she has been a member of the Studio of Young Artists\u2019 Association.<\/p>\t\t\t\t\t\t\t\t<\/div>\n\t\t\t\t<div class=\"elementor-element elementor-element-67a8cc3 elementor-widget elementor-widget-button\" data-id=\"67a8cc3\" data-element_type=\"widget\" data-e-type=\"widget\" data-widget_type=\"button.default\">\n\t\t\t\t\t\t\t\t\t\t<a class=\"elementor-button elementor-button-link elementor-size-sm elementor-animation-grow\" href=\"https:\/\/amprojects.hu\/en\/acs-kinga-noemi-eletrajz\/\">\n\t\t\t\t\t\t<span class=\"elementor-button-content-wrapper\">\n\t\t\t\t\t\t<span class=\"elementor-button-icon\">\n\t\t\t\t<svg aria-hidden=\"true\" class=\"e-font-icon-svg e-fas-angle-double-right\" viewbox=\"0 0 448 512\" xmlns=\"http:\/\/www.w3.org\/2000\/svg\"><path d=\"M224.3 273l-136 136c-9.4 9.4-24.6 9.4-33.9 0l-22.6-22.6c-9.4-9.4-9.4-24.6 0-33.9l96.4-96.4-96.4-96.4c-9.4-9.4-9.4-24.6 0-33.9L54.3 103c9.4-9.4 24.6-9.4 33.9 0l136 136c9.5 9.4 9.5 24.6.1 34zm192-34l-136-136c-9.4-9.4-24.6-9.4-33.9 0l-22.6 22.6c-9.4 9.4-9.4 24.6 0 33.9l96.4 96.4-96.4 96.4c-9.4 9.4-9.4 24.6 0 33.9l22.6 22.6c9.4 9.4 24.6 9.4 33.9 0l136-136c9.4-9.2 9.4-24.4 0-33.8z\"><\/path><\/svg>\t\t\t<\/span>\n\t\t\t\t\t\t\t\t\t<span class=\"elementor-button-text\">Biography<\/span>\n\t\t\t\t\t<\/span>\n\t\t\t\t\t<\/a>\n\t\t\t\t\t\t\t\t<\/div>\n\t\t\t\t<\/div>\n\t\t<div class=\"elementor-element elementor-element-559a721 e-con-full e-flex wpr-particle-no wpr-jarallax-no wpr-parallax-no wpr-sticky-section-no e-con e-child\" data-id=\"559a721\" data-element_type=\"container\" data-e-type=\"container\">\n\t\t\t\t<div class=\"elementor-element elementor-element-45f6a55 elementor-widget elementor-widget-gallery\" data-id=\"45f6a55\" data-element_type=\"widget\" data-e-type=\"widget\" data-settings=\"{&quot;gallery_layout&quot;:&quot;justified&quot;,&quot;ideal_row_height&quot;:{&quot;unit&quot;:&quot;px&quot;,&quot;size&quot;:200,&quot;sizes&quot;:[]},&quot;ideal_row_height_tablet&quot;:{&quot;unit&quot;:&quot;px&quot;,&quot;size&quot;:150,&quot;sizes&quot;:[]},&quot;ideal_row_height_mobile&quot;:{&quot;unit&quot;:&quot;px&quot;,&quot;size&quot;:150,&quot;sizes&quot;:[]},&quot;gap&quot;:{&quot;unit&quot;:&quot;px&quot;,&quot;size&quot;:10,&quot;sizes&quot;:[]},&quot;gap_tablet&quot;:{&quot;unit&quot;:&quot;px&quot;,&quot;size&quot;:10,&quot;sizes&quot;:[]},&quot;gap_mobile&quot;:{&quot;unit&quot;:&quot;px&quot;,&quot;size&quot;:10,&quot;sizes&quot;:[]},&quot;link_to&quot;:&quot;file&quot;,&quot;overlay_background&quot;:&quot;yes&quot;,&quot;content_hover_animation&quot;:&quot;fade-in&quot;}\" data-widget_type=\"gallery.default\">\n\t\t\t\t\t\t\t<div class=\"elementor-gallery__container\">\n\t\t\t\t\t\t\t<a class=\"e-gallery-item elementor-gallery-item elementor-animated-content\" href=\"https:\/\/amprojects.hu\/wp-content\/uploads\/2025\/11\/DSC_0079.jpg\" data-elementor-open-lightbox=\"yes\" data-elementor-lightbox-slideshow=\"45f6a55\" data-elementor-lightbox-title=\"DSC_0079\" data-e-action-hash=\"#elementor-action%3Aaction%3Dlightbox%26settings%3DeyJpZCI6MjQxMSwidXJsIjoiaHR0cHM6XC9cL2FtcHJvamVjdHMuaHVcL3dwLWNvbnRlbnRcL3VwbG9hZHNcLzIwMjVcLzExXC9EU0NfMDA3OS5qcGciLCJzbGlkZXNob3ciOiI0NWY2YTU1In0%3D\">\n\t\t\t\t\t<div class=\"e-gallery-image elementor-gallery-item__image\" data-thumbnail=\"https:\/\/amprojects.hu\/wp-content\/uploads\/2025\/11\/DSC_0079.jpg\" data-width=\"1365\" data-height=\"2048\" aria-label=\"\" role=\"img\" ><\/div>\n\t\t\t\t\t\t\t\t\t\t\t<div class=\"elementor-gallery-item__overlay\"><\/div>\n\t\t\t\t\t\t\t\t\t\t\t\t\t\t<\/a>\n\t\t\t\t\t\t\t<a class=\"e-gallery-item elementor-gallery-item elementor-animated-content\" href=\"https:\/\/amprojects.hu\/wp-content\/uploads\/2025\/11\/Harpia-Bingo_2025_Acs-Kinga-Noemi-scaled.jpg\" data-elementor-open-lightbox=\"yes\" data-elementor-lightbox-slideshow=\"45f6a55\" data-elementor-lightbox-title=\"Ha\u0301rpia Bingo\u0301_2025_A\u0301cs Kinga-Noe\u0301mi\" data-e-action-hash=\"#elementor-action%3Aaction%3Dlightbox%26settings%3DeyJpZCI6MjQxMiwidXJsIjoiaHR0cHM6XC9cL2FtcHJvamVjdHMuaHVcL3dwLWNvbnRlbnRcL3VwbG9hZHNcLzIwMjVcLzExXC9IYXJwaWEtQmluZ29fMjAyNV9BY3MtS2luZ2EtTm9lbWktc2NhbGVkLmpwZyIsInNsaWRlc2hvdyI6IjQ1ZjZhNTUifQ%3D%3D\">\n\t\t\t\t\t<div class=\"e-gallery-image elementor-gallery-item__image\" data-thumbnail=\"https:\/\/amprojects.hu\/wp-content\/uploads\/2025\/11\/Harpia-Bingo_2025_Acs-Kinga-Noemi-scaled.jpg\" data-width=\"2165\" data-height=\"2560\" aria-label=\"\" role=\"img\" ><\/div>\n\t\t\t\t\t\t\t\t\t\t\t<div class=\"elementor-gallery-item__overlay\"><\/div>\n\t\t\t\t\t\t\t\t\t\t\t\t\t\t<\/a>\n\t\t\t\t\t\t\t<a class=\"e-gallery-item elementor-gallery-item elementor-animated-content\" href=\"https:\/\/amprojects.hu\/wp-content\/uploads\/2025\/11\/Kerekbetort-Gorgo_2025_Acs-Kinga-Noemi-scaled.jpg\" data-elementor-open-lightbox=\"yes\" data-elementor-lightbox-slideshow=\"45f6a55\" data-elementor-lightbox-title=\"Kere\u0301kbeto\u0308rt Gorgo\u0301_2025_A\u0301cs Kinga-Noe\u0301mi\" data-e-action-hash=\"#elementor-action%3Aaction%3Dlightbox%26settings%3DeyJpZCI6MjQxMywidXJsIjoiaHR0cHM6XC9cL2FtcHJvamVjdHMuaHVcL3dwLWNvbnRlbnRcL3VwbG9hZHNcLzIwMjVcLzExXC9LZXJla2JldG9ydC1Hb3Jnb18yMDI1X0Fjcy1LaW5nYS1Ob2VtaS1zY2FsZWQuanBnIiwic2xpZGVzaG93IjoiNDVmNmE1NSJ9\">\n\t\t\t\t\t<div class=\"e-gallery-image elementor-gallery-item__image\" data-thumbnail=\"https:\/\/amprojects.hu\/wp-content\/uploads\/2025\/11\/Kerekbetort-Gorgo_2025_Acs-Kinga-Noemi-scaled.jpg\" data-width=\"1688\" data-height=\"2560\" aria-label=\"\" role=\"img\" ><\/div>\n\t\t\t\t\t\t\t\t\t\t\t<div class=\"elementor-gallery-item__overlay\"><\/div>\n\t\t\t\t\t\t\t\t\t\t\t\t\t\t<\/a>\n\t\t\t\t\t\t\t<a class=\"e-gallery-item elementor-gallery-item elementor-animated-content\" href=\"https:\/\/amprojects.hu\/wp-content\/uploads\/2025\/11\/Szerencsekerek_2025_Acs-Kinga-Noemi-scaled.jpg\" data-elementor-open-lightbox=\"yes\" data-elementor-lightbox-slideshow=\"45f6a55\" data-elementor-lightbox-title=\"Szerencsekere\u0301k_2025_A\u0301cs Kinga-Noe\u0301mi\" data-e-action-hash=\"#elementor-action%3Aaction%3Dlightbox%26settings%3DeyJpZCI6MjQxNCwidXJsIjoiaHR0cHM6XC9cL2FtcHJvamVjdHMuaHVcL3dwLWNvbnRlbnRcL3VwbG9hZHNcLzIwMjVcLzExXC9TemVyZW5jc2VrZXJla18yMDI1X0Fjcy1LaW5nYS1Ob2VtaS1zY2FsZWQuanBnIiwic2xpZGVzaG93IjoiNDVmNmE1NSJ9\">\n\t\t\t\t\t<div class=\"e-gallery-image elementor-gallery-item__image\" data-thumbnail=\"https:\/\/amprojects.hu\/wp-content\/uploads\/2025\/11\/Szerencsekerek_2025_Acs-Kinga-Noemi-scaled.jpg\" data-width=\"2050\" data-height=\"2560\" aria-label=\"\" role=\"img\" ><\/div>\n\t\t\t\t\t\t\t\t\t\t\t<div class=\"elementor-gallery-item__overlay\"><\/div>\n\t\t\t\t\t\t\t\t\t\t\t\t\t\t<\/a>\n\t\t\t\t\t\t\t<a class=\"e-gallery-item elementor-gallery-item elementor-animated-content\" href=\"https:\/\/amprojects.hu\/wp-content\/uploads\/2025\/11\/Unknown-2.jpg\" data-elementor-open-lightbox=\"yes\" data-elementor-lightbox-slideshow=\"45f6a55\" data-elementor-lightbox-title=\"Unknown-2\" data-e-action-hash=\"#elementor-action%3Aaction%3Dlightbox%26settings%3DeyJpZCI6MjQxNSwidXJsIjoiaHR0cHM6XC9cL2FtcHJvamVjdHMuaHVcL3dwLWNvbnRlbnRcL3VwbG9hZHNcLzIwMjVcLzExXC9Vbmtub3duLTIuanBnIiwic2xpZGVzaG93IjoiNDVmNmE1NSJ9\">\n\t\t\t\t\t<div class=\"e-gallery-image elementor-gallery-item__image\" data-thumbnail=\"https:\/\/amprojects.hu\/wp-content\/uploads\/2025\/11\/Unknown-2.jpg\" data-width=\"1502\" data-height=\"2047\" aria-label=\"\" role=\"img\" ><\/div>\n\t\t\t\t\t\t\t\t\t\t\t<div class=\"elementor-gallery-item__overlay\"><\/div>\n\t\t\t\t\t\t\t\t\t\t\t\t\t\t<\/a>\n\t\t\t\t\t\t\t<a class=\"e-gallery-item elementor-gallery-item elementor-animated-content\" href=\"https:\/\/amprojects.hu\/wp-content\/uploads\/2025\/11\/Acs-Kinga-Noemi-6.jpg\" data-elementor-open-lightbox=\"yes\" data-elementor-lightbox-slideshow=\"45f6a55\" data-elementor-lightbox-title=\"A\u0301cs-Kinga Noe\u0301mi 6\" data-e-action-hash=\"#elementor-action%3Aaction%3Dlightbox%26settings%3DeyJpZCI6MjI0OCwidXJsIjoiaHR0cHM6XC9cL2FtcHJvamVjdHMuaHVcL3dwLWNvbnRlbnRcL3VwbG9hZHNcLzIwMjVcLzExXC9BY3MtS2luZ2EtTm9lbWktNi5qcGciLCJzbGlkZXNob3ciOiI0NWY2YTU1In0%3D\">\n\t\t\t\t\t<div class=\"e-gallery-image elementor-gallery-item__image\" data-thumbnail=\"https:\/\/amprojects.hu\/wp-content\/uploads\/2025\/11\/Acs-Kinga-Noemi-6.jpg\" data-width=\"1365\" data-height=\"2048\" aria-label=\"\" role=\"img\" ><\/div>\n\t\t\t\t\t\t\t\t\t\t\t<div class=\"elementor-gallery-item__overlay\"><\/div>\n\t\t\t\t\t\t\t\t\t\t\t\t\t\t<\/a>\n\t\t\t\t\t\t\t<a class=\"e-gallery-item elementor-gallery-item elementor-animated-content\" href=\"https:\/\/amprojects.hu\/wp-content\/uploads\/2025\/11\/Acs-Kinga-Noemi-5.jpg\" data-elementor-open-lightbox=\"yes\" data-elementor-lightbox-slideshow=\"45f6a55\" data-elementor-lightbox-title=\"A\u0301cs-Kinga Noe\u0301mi 5\" data-e-action-hash=\"#elementor-action%3Aaction%3Dlightbox%26settings%3DeyJpZCI6MjI0NywidXJsIjoiaHR0cHM6XC9cL2FtcHJvamVjdHMuaHVcL3dwLWNvbnRlbnRcL3VwbG9hZHNcLzIwMjVcLzExXC9BY3MtS2luZ2EtTm9lbWktNS5qcGciLCJzbGlkZXNob3ciOiI0NWY2YTU1In0%3D\">\n\t\t\t\t\t<div class=\"e-gallery-image elementor-gallery-item__image\" data-thumbnail=\"https:\/\/amprojects.hu\/wp-content\/uploads\/2025\/11\/Acs-Kinga-Noemi-5.jpg\" data-width=\"1365\" data-height=\"2048\" aria-label=\"\" role=\"img\" ><\/div>\n\t\t\t\t\t\t\t\t\t\t\t<div class=\"elementor-gallery-item__overlay\"><\/div>\n\t\t\t\t\t\t\t\t\t\t\t\t\t\t<\/a>\n\t\t\t\t\t\t\t<a class=\"e-gallery-item elementor-gallery-item elementor-animated-content\" href=\"https:\/\/amprojects.hu\/wp-content\/uploads\/2025\/11\/Acs-Kinga-Noemi-4.jpg\" data-elementor-open-lightbox=\"yes\" data-elementor-lightbox-slideshow=\"45f6a55\" data-elementor-lightbox-title=\"A\u0301cs-Kinga Noe\u0301mi 4\" data-e-action-hash=\"#elementor-action%3Aaction%3Dlightbox%26settings%3DeyJpZCI6MjI0NiwidXJsIjoiaHR0cHM6XC9cL2FtcHJvamVjdHMuaHVcL3dwLWNvbnRlbnRcL3VwbG9hZHNcLzIwMjVcLzExXC9BY3MtS2luZ2EtTm9lbWktNC5qcGciLCJzbGlkZXNob3ciOiI0NWY2YTU1In0%3D\">\n\t\t\t\t\t<div class=\"e-gallery-image elementor-gallery-item__image\" data-thumbnail=\"https:\/\/amprojects.hu\/wp-content\/uploads\/2025\/11\/Acs-Kinga-Noemi-4.jpg\" data-width=\"2048\" data-height=\"1365\" aria-label=\"\" role=\"img\" ><\/div>\n\t\t\t\t\t\t\t\t\t\t\t<div class=\"elementor-gallery-item__overlay\"><\/div>\n\t\t\t\t\t\t\t\t\t\t\t\t\t\t<\/a>\n\t\t\t\t\t\t\t<a class=\"e-gallery-item elementor-gallery-item elementor-animated-content\" href=\"https:\/\/amprojects.hu\/wp-content\/uploads\/2025\/11\/Acs-Kinga-Noemi-1.jpg\" data-elementor-open-lightbox=\"yes\" data-elementor-lightbox-slideshow=\"45f6a55\" data-elementor-lightbox-title=\"A\u0301cs-Kinga Noe\u0301mi 1\" data-e-action-hash=\"#elementor-action%3Aaction%3Dlightbox%26settings%3DeyJpZCI6MjI0NSwidXJsIjoiaHR0cHM6XC9cL2FtcHJvamVjdHMuaHVcL3dwLWNvbnRlbnRcL3VwbG9hZHNcLzIwMjVcLzExXC9BY3MtS2luZ2EtTm9lbWktMS5qcGciLCJzbGlkZXNob3ciOiI0NWY2YTU1In0%3D\">\n\t\t\t\t\t<div class=\"e-gallery-image elementor-gallery-item__image\" data-thumbnail=\"https:\/\/amprojects.hu\/wp-content\/uploads\/2025\/11\/Acs-Kinga-Noemi-1.jpg\" data-width=\"2048\" data-height=\"1365\" aria-label=\"\" role=\"img\" ><\/div>\n\t\t\t\t\t\t\t\t\t\t\t<div class=\"elementor-gallery-item__overlay\"><\/div>\n\t\t\t\t\t\t\t\t\t\t\t\t\t\t<\/a>\n\t\t\t\t\t\t\t<a class=\"e-gallery-item elementor-gallery-item elementor-animated-content\" href=\"https:\/\/amprojects.hu\/wp-content\/uploads\/2025\/11\/DSC_9298.jpg\" data-elementor-open-lightbox=\"yes\" data-elementor-lightbox-slideshow=\"45f6a55\" data-elementor-lightbox-title=\"DSC_9298\" data-e-action-hash=\"#elementor-action%3Aaction%3Dlightbox%26settings%3DeyJpZCI6MjIyOCwidXJsIjoiaHR0cHM6XC9cL2FtcHJvamVjdHMuaHVcL3dwLWNvbnRlbnRcL3VwbG9hZHNcLzIwMjVcLzExXC9EU0NfOTI5OC5qcGciLCJzbGlkZXNob3ciOiI0NWY2YTU1In0%3D\">\n\t\t\t\t\t<div class=\"e-gallery-image elementor-gallery-item__image\" data-thumbnail=\"https:\/\/amprojects.hu\/wp-content\/uploads\/2025\/11\/DSC_9298.jpg\" data-width=\"1365\" data-height=\"2048\" aria-label=\"\" role=\"img\" ><\/div>\n\t\t\t\t\t\t\t\t\t\t\t<div class=\"elementor-gallery-item__overlay\"><\/div>\n\t\t\t\t\t\t\t\t\t\t\t\t\t\t<\/a>\n\t\t\t\t\t\t\t<a class=\"e-gallery-item elementor-gallery-item elementor-animated-content\" href=\"https:\/\/amprojects.hu\/wp-content\/uploads\/2025\/11\/DSC_9282.jpg\" data-elementor-open-lightbox=\"yes\" data-elementor-lightbox-slideshow=\"45f6a55\" data-elementor-lightbox-title=\"DSC_9282\" data-e-action-hash=\"#elementor-action%3Aaction%3Dlightbox%26settings%3DeyJpZCI6MjIwOSwidXJsIjoiaHR0cHM6XC9cL2FtcHJvamVjdHMuaHVcL3dwLWNvbnRlbnRcL3VwbG9hZHNcLzIwMjVcLzExXC9EU0NfOTI4Mi5qcGciLCJzbGlkZXNob3ciOiI0NWY2YTU1In0%3D\">\n\t\t\t\t\t<div class=\"e-gallery-image elementor-gallery-item__image\" data-thumbnail=\"https:\/\/amprojects.hu\/wp-content\/uploads\/2025\/11\/DSC_9282.jpg\" data-width=\"2048\" data-height=\"1366\" aria-label=\"\" role=\"img\" ><\/div>\n\t\t\t\t\t\t\t\t\t\t\t<div class=\"elementor-gallery-item__overlay\"><\/div>\n\t\t\t\t\t\t\t\t\t\t\t\t\t\t<\/a>\n\t\t\t\t\t\t\t<a class=\"e-gallery-item elementor-gallery-item elementor-animated-content\" href=\"https:\/\/amprojects.hu\/wp-content\/uploads\/2025\/11\/DSC_9264.jpg\" data-elementor-open-lightbox=\"yes\" data-elementor-lightbox-slideshow=\"45f6a55\" data-elementor-lightbox-title=\"DSC_9264\" data-e-action-hash=\"#elementor-action%3Aaction%3Dlightbox%26settings%3DeyJpZCI6MjIwNCwidXJsIjoiaHR0cHM6XC9cL2FtcHJvamVjdHMuaHVcL3dwLWNvbnRlbnRcL3VwbG9hZHNcLzIwMjVcLzExXC9EU0NfOTI2NC5qcGciLCJzbGlkZXNob3ciOiI0NWY2YTU1In0%3D\">\n\t\t\t\t\t<div class=\"e-gallery-image elementor-gallery-item__image\" data-thumbnail=\"https:\/\/amprojects.hu\/wp-content\/uploads\/2025\/11\/DSC_9264.jpg\" data-width=\"1365\" data-height=\"2048\" aria-label=\"\" role=\"img\" ><\/div>\n\t\t\t\t\t\t\t\t\t\t\t<div class=\"elementor-gallery-item__overlay\"><\/div>\n\t\t\t\t\t\t\t\t\t\t\t\t\t\t<\/a>\n\t\t\t\t\t\t\t<a class=\"e-gallery-item elementor-gallery-item elementor-animated-content\" href=\"https:\/\/amprojects.hu\/wp-content\/uploads\/2025\/11\/DSC_9202.jpg\" data-elementor-open-lightbox=\"yes\" data-elementor-lightbox-slideshow=\"45f6a55\" data-elementor-lightbox-title=\"DSC_9202\" data-e-action-hash=\"#elementor-action%3Aaction%3Dlightbox%26settings%3DeyJpZCI6MjIwMywidXJsIjoiaHR0cHM6XC9cL2FtcHJvamVjdHMuaHVcL3dwLWNvbnRlbnRcL3VwbG9hZHNcLzIwMjVcLzExXC9EU0NfOTIwMi5qcGciLCJzbGlkZXNob3ciOiI0NWY2YTU1In0%3D\">\n\t\t\t\t\t<div class=\"e-gallery-image elementor-gallery-item__image\" data-thumbnail=\"https:\/\/amprojects.hu\/wp-content\/uploads\/2025\/11\/DSC_9202.jpg\" data-width=\"2048\" data-height=\"1367\" aria-label=\"\" role=\"img\" ><\/div>\n\t\t\t\t\t\t\t\t\t\t\t<div class=\"elementor-gallery-item__overlay\"><\/div>\n\t\t\t\t\t\t\t\t\t\t\t\t\t\t<\/a>\n\t\t\t\t\t<\/div>\n\t\t\t\t\t<\/div>\n\t\t\t\t<\/div>\n\t\t\t\t\t<\/div>\n\t\t\t\t<\/div>\n\t\t\t\t<\/div>","protected":false},"excerpt":{"rendered":"<p>\u00c1cs Kinga-No\u00e9mi \u00c1cs Kinga-No\u00e9mi 1997-ben sz\u00fcletett Cs\u00edkszered\u00e1n (Miercurea Ciuc), Rom\u00e1ni\u00e1ban. Jelenleg Budapesten \u00e9l \u00e9s dolgozik. M\u0171v\u00e9szeti gyakorlat\u00e1ban a n\u0151i identit\u00e1s, a szorong\u00e1st kelt\u0151 t\u00e1rsadalmi norm\u00e1k \u00e9s viselked\u00e9smint\u00e1k \u00e1llnak, melyeket a j\u00e1t\u00e9k metafor\u00e1j\u00e1n kereszt\u00fcl vizsg\u00e1l. 2021-ben szerzett mesterdiplom\u00e1t a Magyar K\u00e9pz\u0151m\u0171v\u00e9szeti Egyetem Grafikusm\u0171v\u00e9sz szak\u00e1n. 2019-ben Csomor L\u00e1szl\u00f3 D\u00edjjal t\u00fcntett\u00e9k ki. Egyetemi \u00e9vei alatt k\u00e9tszer is elnyerte az \u00daj Nemzeti Kiv\u00e1l\u00f3s\u00e1gi Program kutat\u00f3i \u00f6szt\u00f6nd\u00edj\u00e1t, \u00e9s a R\u00f3mai M\u0171v\u00e9szeti Egyetemen is tanult egy \u00e9vet. 2017 \u00f3ta rendszeresen \u00e1ll\u00edt ki \u00f6n\u00e1ll\u00f3 \u00e9s csoportos, hazai \u00e9s nemzetk\u00f6zi ki\u00e1ll\u00edt\u00e1sokon, bienn\u00e1l\u00e9kon. Legut\u00f3bbi \u00f6n\u00e1ll\u00f3 ki\u00e1ll\u00edt\u00e1sa (J\u00e1rai Ann\u00e1val k\u00f6z\u00f6sen) a T\u00e9r-K\u00e9p Gal\u00e9ri\u00e1ban ker\u00fclt megrendez\u00e9sre. 2022 \u00f3ta a Fiatal K\u00e9pz\u0151m\u0171v\u00e9szek St\u00fadi\u00f3ja Egyes\u00fclet tagja. \u00c9letrajz<\/p>","protected":false},"author":1,"featured_media":0,"parent":0,"menu_order":0,"comment_status":"closed","ping_status":"closed","template":"","meta":{"footnotes":""},"class_list":["post-2242","page","type-page","status-publish","hentry"],"_links":{"self":[{"href":"https:\/\/amprojects.hu\/en\/wp-json\/wp\/v2\/pages\/2242","targetHints":{"allow":["GET"]}}],"collection":[{"href":"https:\/\/amprojects.hu\/en\/wp-json\/wp\/v2\/pages"}],"about":[{"href":"https:\/\/amprojects.hu\/en\/wp-json\/wp\/v2\/types\/page"}],"author":[{"embeddable":true,"href":"https:\/\/amprojects.hu\/en\/wp-json\/wp\/v2\/users\/1"}],"replies":[{"embeddable":true,"href":"https:\/\/amprojects.hu\/en\/wp-json\/wp\/v2\/comments?post=2242"}],"version-history":[{"count":22,"href":"https:\/\/amprojects.hu\/en\/wp-json\/wp\/v2\/pages\/2242\/revisions"}],"predecessor-version":[{"id":3076,"href":"https:\/\/amprojects.hu\/en\/wp-json\/wp\/v2\/pages\/2242\/revisions\/3076"}],"wp:attachment":[{"href":"https:\/\/amprojects.hu\/en\/wp-json\/wp\/v2\/media?parent=2242"}],"curies":[{"name":"wp","href":"https:\/\/api.w.org\/{rel}","templated":true}]}}