{"id":2255,"date":"2025-11-28T12:09:48","date_gmt":"2025-11-28T12:09:48","guid":{"rendered":"https:\/\/amprojects.hu\/?page_id=2255"},"modified":"2025-11-28T15:03:21","modified_gmt":"2025-11-28T15:03:21","slug":"csonka-veronika","status":"publish","type":"page","link":"https:\/\/amprojects.hu\/en\/csonka-veronika\/","title":{"rendered":"Veronika Csonka"},"content":{"rendered":"<div data-elementor-type=\"wp-page\" data-elementor-id=\"2255\" class=\"elementor elementor-2255\" data-elementor-post-type=\"page\">\n\t\t\t\t<div class=\"elementor-element elementor-element-1874131 e-flex e-con-boxed wpr-particle-no wpr-jarallax-no wpr-parallax-no wpr-sticky-section-no e-con e-parent\" data-id=\"1874131\" data-element_type=\"container\" data-e-type=\"container\" data-settings=\"{&quot;background_background&quot;:&quot;classic&quot;}\">\n\t\t\t\t\t<div class=\"e-con-inner\">\n\t\t<div class=\"elementor-element elementor-element-3cad44f e-con-full e-flex wpr-particle-no wpr-jarallax-no wpr-parallax-no wpr-sticky-section-no e-con e-child\" data-id=\"3cad44f\" data-element_type=\"container\" data-e-type=\"container\">\n\t\t\t\t<div class=\"elementor-element elementor-element-48e554d elementor-widget__width-inherit elementor-widget elementor-widget-heading\" data-id=\"48e554d\" data-element_type=\"widget\" data-e-type=\"widget\" data-widget_type=\"heading.default\">\n\t\t\t\t\t<h2 class=\"elementor-heading-title elementor-size-default\">Veronika Csonka<\/h2>\t\t\t\t<\/div>\n\t\t\t\t<div class=\"elementor-element elementor-element-9a7bf5d elementor-widget__width-initial elementor-widget elementor-widget-text-editor\" data-id=\"9a7bf5d\" data-element_type=\"widget\" data-e-type=\"widget\" data-widget_type=\"text-editor.default\">\n\t\t\t\t\t\t\t\t\t<p><strong>Veronika Csonka was born in 1992 in Si\u00f3fok,<\/strong>Hungary, and currently lives and works in Budapest. Her works of various materials and scales are inspired by biology, be it paintings or 3D pen-drawn objects, placing living tissue in a scientific framework.<\/p>\t\t\t\t\t\t\t\t<\/div>\n\t\t\t\t<div class=\"elementor-element elementor-element-7fd2802 elementor-widget elementor-widget-button\" data-id=\"7fd2802\" data-element_type=\"widget\" data-e-type=\"widget\" data-widget_type=\"button.default\">\n\t\t\t\t\t\t\t\t\t\t<a class=\"elementor-button elementor-button-link elementor-size-sm elementor-animation-grow\" href=\"https:\/\/amprojects.hu\/en\/csonka-veronika-eletrajz\/\">\n\t\t\t\t\t\t<span class=\"elementor-button-content-wrapper\">\n\t\t\t\t\t\t<span class=\"elementor-button-icon\">\n\t\t\t\t<svg aria-hidden=\"true\" class=\"e-font-icon-svg e-fas-angle-double-right\" viewbox=\"0 0 448 512\" xmlns=\"http:\/\/www.w3.org\/2000\/svg\"><path d=\"M224.3 273l-136 136c-9.4 9.4-24.6 9.4-33.9 0l-22.6-22.6c-9.4-9.4-9.4-24.6 0-33.9l96.4-96.4-96.4-96.4c-9.4-9.4-9.4-24.6 0-33.9L54.3 103c9.4-9.4 24.6-9.4 33.9 0l136 136c9.5 9.4 9.5 24.6.1 34zm192-34l-136-136c-9.4-9.4-24.6-9.4-33.9 0l-22.6 22.6c-9.4 9.4-9.4 24.6 0 33.9l96.4 96.4-96.4 96.4c-9.4 9.4-9.4 24.6 0 33.9l22.6 22.6c9.4 9.4 24.6 9.4 33.9 0l136-136c9.4-9.2 9.4-24.4 0-33.8z\"><\/path><\/svg>\t\t\t<\/span>\n\t\t\t\t\t\t\t\t\t<span class=\"elementor-button-text\">Biography<\/span>\n\t\t\t\t\t<\/span>\n\t\t\t\t\t<\/a>\n\t\t\t\t\t\t\t\t<\/div>\n\t\t\t\t<\/div>\n\t\t<div class=\"elementor-element elementor-element-495de33 e-con-full e-flex wpr-particle-no wpr-jarallax-no wpr-parallax-no wpr-sticky-section-no e-con e-child\" data-id=\"495de33\" data-element_type=\"container\" data-e-type=\"container\">\n\t\t\t\t<div class=\"elementor-element elementor-element-48b3ed3 elementor-widget elementor-widget-gallery\" data-id=\"48b3ed3\" data-element_type=\"widget\" data-e-type=\"widget\" data-settings=\"{&quot;gallery_layout&quot;:&quot;justified&quot;,&quot;ideal_row_height&quot;:{&quot;unit&quot;:&quot;px&quot;,&quot;size&quot;:200,&quot;sizes&quot;:[]},&quot;ideal_row_height_tablet&quot;:{&quot;unit&quot;:&quot;px&quot;,&quot;size&quot;:150,&quot;sizes&quot;:[]},&quot;ideal_row_height_mobile&quot;:{&quot;unit&quot;:&quot;px&quot;,&quot;size&quot;:150,&quot;sizes&quot;:[]},&quot;gap&quot;:{&quot;unit&quot;:&quot;px&quot;,&quot;size&quot;:10,&quot;sizes&quot;:[]},&quot;gap_tablet&quot;:{&quot;unit&quot;:&quot;px&quot;,&quot;size&quot;:10,&quot;sizes&quot;:[]},&quot;gap_mobile&quot;:{&quot;unit&quot;:&quot;px&quot;,&quot;size&quot;:10,&quot;sizes&quot;:[]},&quot;link_to&quot;:&quot;file&quot;,&quot;overlay_background&quot;:&quot;yes&quot;,&quot;content_hover_animation&quot;:&quot;fade-in&quot;}\" data-widget_type=\"gallery.default\">\n\t\t\t\t\t\t\t<div class=\"elementor-gallery__container\">\n\t\t\t\t\t\t\t<a class=\"e-gallery-item elementor-gallery-item elementor-animated-content\" href=\"https:\/\/amprojects.hu\/wp-content\/uploads\/2025\/11\/csonkaveronika.jpg\" data-elementor-open-lightbox=\"yes\" data-elementor-lightbox-slideshow=\"48b3ed3\" data-elementor-lightbox-title=\"csonkaveronika\" data-e-action-hash=\"#elementor-action%3Aaction%3Dlightbox%26settings%3DeyJpZCI6MjM3MiwidXJsIjoiaHR0cHM6XC9cL2FtcHJvamVjdHMuaHVcL3dwLWNvbnRlbnRcL3VwbG9hZHNcLzIwMjVcLzExXC9jc29ua2F2ZXJvbmlrYS5qcGciLCJzbGlkZXNob3ciOiI0OGIzZWQzIn0%3D\">\n\t\t\t\t\t<div class=\"e-gallery-image elementor-gallery-item__image\" data-thumbnail=\"https:\/\/amprojects.hu\/wp-content\/uploads\/2025\/11\/csonkaveronika.jpg\" data-width=\"2048\" data-height=\"1468\" aria-label=\"\" role=\"img\" ><\/div>\n\t\t\t\t\t\t\t\t\t\t\t<div class=\"elementor-gallery-item__overlay\"><\/div>\n\t\t\t\t\t\t\t\t\t\t\t\t\t\t<\/a>\n\t\t\t\t\t\t\t<a class=\"e-gallery-item elementor-gallery-item elementor-animated-content\" href=\"https:\/\/amprojects.hu\/wp-content\/uploads\/2025\/11\/Csonka-Veronika_1-scaled-1-1.jpg\" data-elementor-open-lightbox=\"yes\" data-elementor-lightbox-slideshow=\"48b3ed3\" data-elementor-lightbox-title=\"Csonka-Veronika_1-scaled (1)\" data-e-action-hash=\"#elementor-action%3Aaction%3Dlightbox%26settings%3DeyJpZCI6MjM2OSwidXJsIjoiaHR0cHM6XC9cL2FtcHJvamVjdHMuaHVcL3dwLWNvbnRlbnRcL3VwbG9hZHNcLzIwMjVcLzExXC9Dc29ua2EtVmVyb25pa2FfMS1zY2FsZWQtMS0xLmpwZyIsInNsaWRlc2hvdyI6IjQ4YjNlZDMifQ%3D%3D\">\n\t\t\t\t\t<div class=\"e-gallery-image elementor-gallery-item__image\" data-thumbnail=\"https:\/\/amprojects.hu\/wp-content\/uploads\/2025\/11\/Csonka-Veronika_1-scaled-1-1.jpg\" data-width=\"1707\" data-height=\"2560\" aria-label=\"\" role=\"img\" ><\/div>\n\t\t\t\t\t\t\t\t\t\t\t<div class=\"elementor-gallery-item__overlay\"><\/div>\n\t\t\t\t\t\t\t\t\t\t\t\t\t\t<\/a>\n\t\t\t\t\t\t\t<a class=\"e-gallery-item elementor-gallery-item elementor-animated-content\" href=\"https:\/\/amprojects.hu\/wp-content\/uploads\/2025\/11\/Csonka-Veronika-scaled-1.jpg\" data-elementor-open-lightbox=\"yes\" data-elementor-lightbox-slideshow=\"48b3ed3\" data-elementor-lightbox-title=\"Csonka-Veronika-scaled\" data-e-action-hash=\"#elementor-action%3Aaction%3Dlightbox%26settings%3DeyJpZCI6MjM3MSwidXJsIjoiaHR0cHM6XC9cL2FtcHJvamVjdHMuaHVcL3dwLWNvbnRlbnRcL3VwbG9hZHNcLzIwMjVcLzExXC9Dc29ua2EtVmVyb25pa2Etc2NhbGVkLTEuanBnIiwic2xpZGVzaG93IjoiNDhiM2VkMyJ9\">\n\t\t\t\t\t<div class=\"e-gallery-image elementor-gallery-item__image\" data-thumbnail=\"https:\/\/amprojects.hu\/wp-content\/uploads\/2025\/11\/Csonka-Veronika-scaled-1.jpg\" data-width=\"1707\" data-height=\"2560\" aria-label=\"\" role=\"img\" ><\/div>\n\t\t\t\t\t\t\t\t\t\t\t<div class=\"elementor-gallery-item__overlay\"><\/div>\n\t\t\t\t\t\t\t\t\t\t\t\t\t\t<\/a>\n\t\t\t\t\t\t\t<a class=\"e-gallery-item elementor-gallery-item elementor-animated-content\" href=\"https:\/\/amprojects.hu\/wp-content\/uploads\/2025\/11\/Csonka-Veronika_2-scaled-1.jpg\" data-elementor-open-lightbox=\"yes\" data-elementor-lightbox-slideshow=\"48b3ed3\" data-elementor-lightbox-title=\"Csonka-Veronika_2-scaled\" data-e-action-hash=\"#elementor-action%3Aaction%3Dlightbox%26settings%3DeyJpZCI6MjM3MCwidXJsIjoiaHR0cHM6XC9cL2FtcHJvamVjdHMuaHVcL3dwLWNvbnRlbnRcL3VwbG9hZHNcLzIwMjVcLzExXC9Dc29ua2EtVmVyb25pa2FfMi1zY2FsZWQtMS5qcGciLCJzbGlkZXNob3ciOiI0OGIzZWQzIn0%3D\">\n\t\t\t\t\t<div class=\"e-gallery-image elementor-gallery-item__image\" data-thumbnail=\"https:\/\/amprojects.hu\/wp-content\/uploads\/2025\/11\/Csonka-Veronika_2-scaled-1.jpg\" data-width=\"1707\" data-height=\"2560\" aria-label=\"\" role=\"img\" ><\/div>\n\t\t\t\t\t\t\t\t\t\t\t<div class=\"elementor-gallery-item__overlay\"><\/div>\n\t\t\t\t\t\t\t\t\t\t\t\t\t\t<\/a>\n\t\t\t\t\t\t\t<a class=\"e-gallery-item elementor-gallery-item elementor-animated-content\" href=\"https:\/\/amprojects.hu\/wp-content\/uploads\/2025\/11\/Ceratium-hirundinella_70x40x25-_-Eco-PLA_-2025-masolat-scaled.jpg\" data-elementor-open-lightbox=\"yes\" data-elementor-lightbox-slideshow=\"48b3ed3\" data-elementor-lightbox-title=\"Ceratium hirundinella_70x40x25 _ Eco PLA_ 2025 ma\u0301solat\" data-e-action-hash=\"#elementor-action%3Aaction%3Dlightbox%26settings%3DeyJpZCI6MjQ0OCwidXJsIjoiaHR0cHM6XC9cL2FtcHJvamVjdHMuaHVcL3dwLWNvbnRlbnRcL3VwbG9hZHNcLzIwMjVcLzExXC9DZXJhdGl1bS1oaXJ1bmRpbmVsbGFfNzB4NDB4MjUtXy1FY28tUExBXy0yMDI1LW1hc29sYXQtc2NhbGVkLmpwZyIsInNsaWRlc2hvdyI6IjQ4YjNlZDMifQ%3D%3D\">\n\t\t\t\t\t<div class=\"e-gallery-image elementor-gallery-item__image\" data-thumbnail=\"https:\/\/amprojects.hu\/wp-content\/uploads\/2025\/11\/Ceratium-hirundinella_70x40x25-_-Eco-PLA_-2025-masolat-scaled.jpg\" data-width=\"1920\" data-height=\"2560\" aria-label=\"\" role=\"img\" ><\/div>\n\t\t\t\t\t\t\t\t\t\t\t<div class=\"elementor-gallery-item__overlay\"><\/div>\n\t\t\t\t\t\t\t\t\t\t\t\t\t\t<\/a>\n\t\t\t\t\t\t\t<a class=\"e-gallery-item elementor-gallery-item elementor-animated-content\" href=\"https:\/\/amprojects.hu\/wp-content\/uploads\/2025\/11\/Himantoglossum_-72x42x28_-Eco-PLAmetal_2025--scaled.jpg\" data-elementor-open-lightbox=\"yes\" data-elementor-lightbox-slideshow=\"48b3ed3\" data-elementor-lightbox-title=\"Himantoglossum_ 72x42x28_ Eco PLA,metal_2025\" data-e-action-hash=\"#elementor-action%3Aaction%3Dlightbox%26settings%3DeyJpZCI6MjQ0OSwidXJsIjoiaHR0cHM6XC9cL2FtcHJvamVjdHMuaHVcL3dwLWNvbnRlbnRcL3VwbG9hZHNcLzIwMjVcLzExXC9IaW1hbnRvZ2xvc3N1bV8tNzJ4NDJ4MjhfLUVjby1QTEFtZXRhbF8yMDI1LS1zY2FsZWQuanBnIiwic2xpZGVzaG93IjoiNDhiM2VkMyJ9\">\n\t\t\t\t\t<div class=\"e-gallery-image elementor-gallery-item__image\" data-thumbnail=\"https:\/\/amprojects.hu\/wp-content\/uploads\/2025\/11\/Himantoglossum_-72x42x28_-Eco-PLAmetal_2025--scaled.jpg\" data-width=\"1920\" data-height=\"2560\" aria-label=\"\" role=\"img\" ><\/div>\n\t\t\t\t\t\t\t\t\t\t\t<div class=\"elementor-gallery-item__overlay\"><\/div>\n\t\t\t\t\t\t\t\t\t\t\t\t\t\t<\/a>\n\t\t\t\t\t\t\t<a class=\"e-gallery-item elementor-gallery-item elementor-animated-content\" href=\"https:\/\/amprojects.hu\/wp-content\/uploads\/2025\/11\/Nature-sampling-series_Pasterze-glacier-I_2024_60x80x4_steel-Eco-PLA-canvas-acrylic-plexiwood_2.jpeg\" data-elementor-open-lightbox=\"yes\" data-elementor-lightbox-slideshow=\"48b3ed3\" data-elementor-lightbox-title=\"Nature sampling series_Pasterze-glacier I_2024_60x80x4_steel, Eco PLA, canvas acrylic, plexi,wood_2\" data-e-action-hash=\"#elementor-action%3Aaction%3Dlightbox%26settings%3DeyJpZCI6MjQ1MCwidXJsIjoiaHR0cHM6XC9cL2FtcHJvamVjdHMuaHVcL3dwLWNvbnRlbnRcL3VwbG9hZHNcLzIwMjVcLzExXC9OYXR1cmUtc2FtcGxpbmctc2VyaWVzX1Bhc3RlcnplLWdsYWNpZXItSV8yMDI0XzYweDgweDRfc3RlZWwtRWNvLVBMQS1jYW52YXMtYWNyeWxpYy1wbGV4aXdvb2RfMi5qcGVnIiwic2xpZGVzaG93IjoiNDhiM2VkMyJ9\">\n\t\t\t\t\t<div class=\"e-gallery-image elementor-gallery-item__image\" data-thumbnail=\"https:\/\/amprojects.hu\/wp-content\/uploads\/2025\/11\/Nature-sampling-series_Pasterze-glacier-I_2024_60x80x4_steel-Eco-PLA-canvas-acrylic-plexiwood_2.jpeg\" data-width=\"461\" data-height=\"663\" aria-label=\"\" role=\"img\" ><\/div>\n\t\t\t\t\t\t\t\t\t\t\t<div class=\"elementor-gallery-item__overlay\"><\/div>\n\t\t\t\t\t\t\t\t\t\t\t\t\t\t<\/a>\n\t\t\t\t\t\t\t<a class=\"e-gallery-item elementor-gallery-item elementor-animated-content\" href=\"https:\/\/amprojects.hu\/wp-content\/uploads\/2025\/11\/Nature-sampling-series_Somogyfajsz-II_2024_60x80x4_steel-Eco-PLA-canvas-charcoal-plexiwood_2.jpeg\" data-elementor-open-lightbox=\"yes\" data-elementor-lightbox-slideshow=\"48b3ed3\" data-elementor-lightbox-title=\"Nature sampling series_Somogyfajsz II_2024_60x80x4_steel, Eco PLA, canvas, charcoal, plexi,wood_2\" data-e-action-hash=\"#elementor-action%3Aaction%3Dlightbox%26settings%3DeyJpZCI6MjQ1MSwidXJsIjoiaHR0cHM6XC9cL2FtcHJvamVjdHMuaHVcL3dwLWNvbnRlbnRcL3VwbG9hZHNcLzIwMjVcLzExXC9OYXR1cmUtc2FtcGxpbmctc2VyaWVzX1NvbW9neWZhanN6LUlJXzIwMjRfNjB4ODB4NF9zdGVlbC1FY28tUExBLWNhbnZhcy1jaGFyY29hbC1wbGV4aXdvb2RfMi5qcGVnIiwic2xpZGVzaG93IjoiNDhiM2VkMyJ9\">\n\t\t\t\t\t<div class=\"e-gallery-image elementor-gallery-item__image\" data-thumbnail=\"https:\/\/amprojects.hu\/wp-content\/uploads\/2025\/11\/Nature-sampling-series_Somogyfajsz-II_2024_60x80x4_steel-Eco-PLA-canvas-charcoal-plexiwood_2.jpeg\" data-width=\"443\" data-height=\"622\" aria-label=\"\" role=\"img\" ><\/div>\n\t\t\t\t\t\t\t\t\t\t\t<div class=\"elementor-gallery-item__overlay\"><\/div>\n\t\t\t\t\t\t\t\t\t\t\t\t\t\t<\/a>\n\t\t\t\t\t\t\t<a class=\"e-gallery-item elementor-gallery-item elementor-animated-content\" href=\"https:\/\/amprojects.hu\/wp-content\/uploads\/2025\/11\/Prosthechea-Cochleata_Eco-PLAmetal_60x40x26-_2025-masolat-scaled.jpg\" data-elementor-open-lightbox=\"yes\" data-elementor-lightbox-slideshow=\"48b3ed3\" data-elementor-lightbox-title=\"Prosthechea Cochleata_Eco PLA,metal_60x40x26 _2025 ma\u0301solat\" data-e-action-hash=\"#elementor-action%3Aaction%3Dlightbox%26settings%3DeyJpZCI6MjQ1MiwidXJsIjoiaHR0cHM6XC9cL2FtcHJvamVjdHMuaHVcL3dwLWNvbnRlbnRcL3VwbG9hZHNcLzIwMjVcLzExXC9Qcm9zdGhlY2hlYS1Db2NobGVhdGFfRWNvLVBMQW1ldGFsXzYweDQweDI2LV8yMDI1LW1hc29sYXQtc2NhbGVkLmpwZyIsInNsaWRlc2hvdyI6IjQ4YjNlZDMifQ%3D%3D\">\n\t\t\t\t\t<div class=\"e-gallery-image elementor-gallery-item__image\" data-thumbnail=\"https:\/\/amprojects.hu\/wp-content\/uploads\/2025\/11\/Prosthechea-Cochleata_Eco-PLAmetal_60x40x26-_2025-masolat-scaled.jpg\" data-width=\"1920\" data-height=\"2560\" aria-label=\"\" role=\"img\" ><\/div>\n\t\t\t\t\t\t\t\t\t\t\t<div class=\"elementor-gallery-item__overlay\"><\/div>\n\t\t\t\t\t\t\t\t\t\t\t\t\t\t<\/a>\n\t\t\t\t\t\t\t<a class=\"e-gallery-item elementor-gallery-item elementor-animated-content\" href=\"https:\/\/amprojects.hu\/wp-content\/uploads\/2025\/11\/Venae-folii-33x32x20_EcoPLA_steel.2025.jpeg2_-scaled.jpeg\" data-elementor-open-lightbox=\"yes\" data-elementor-lightbox-slideshow=\"48b3ed3\" data-elementor-lightbox-title=\"Venae folii 33x32x20_EcoPLA_steel.2025.jpeg2\" data-e-action-hash=\"#elementor-action%3Aaction%3Dlightbox%26settings%3DeyJpZCI6MjQ1MywidXJsIjoiaHR0cHM6XC9cL2FtcHJvamVjdHMuaHVcL3dwLWNvbnRlbnRcL3VwbG9hZHNcLzIwMjVcLzExXC9WZW5hZS1mb2xpaS0zM3gzMngyMF9FY29QTEFfc3RlZWwuMjAyNS5qcGVnMl8tc2NhbGVkLmpwZWciLCJzbGlkZXNob3ciOiI0OGIzZWQzIn0%3D\">\n\t\t\t\t\t<div class=\"e-gallery-image elementor-gallery-item__image\" data-thumbnail=\"https:\/\/amprojects.hu\/wp-content\/uploads\/2025\/11\/Venae-folii-33x32x20_EcoPLA_steel.2025.jpeg2_-scaled.jpeg\" data-width=\"1920\" data-height=\"2560\" aria-label=\"\" role=\"img\" ><\/div>\n\t\t\t\t\t\t\t\t\t\t\t<div class=\"elementor-gallery-item__overlay\"><\/div>\n\t\t\t\t\t\t\t\t\t\t\t\t\t\t<\/a>\n\t\t\t\t\t<\/div>\n\t\t\t\t\t<\/div>\n\t\t\t\t<\/div>\n\t\t\t\t\t<\/div>\n\t\t\t\t<\/div>\n\t\t\t\t<\/div>","protected":false},"excerpt":{"rendered":"<p>Csonka Veronika Csonka Veronika 1992-ben sz\u00fcletett Si\u00f3fokon, jelenleg Budapesten \u00e9l \u00e9s alkot. 2019-ben v\u00e9gzett a Magyar K\u00e9pz\u0151m\u0171v\u00e9szeti Egyetem fest\u0151 szak\u00e1n, 2021-ben k\u00e9pz\u0151m\u0171v\u00e9sz tan\u00e1r k\u00e9pes\u00edt\u00e9st is szerzett. M\u0171veit a biol\u00f3gia inspir\u00e1lja, v\u00e1ltozatos anyag\u00fa \u00e9s l\u00e9pt\u00e9k\u0171 alkot\u00e1sai, legyen sz\u00f3 ak\u00e1r festm\u00e9nyekr\u0151l, ak\u00e1r 3D tollal felrajzolt objektjeir\u0151l, az \u00e9l\u0151 sz\u00f6vetet helyezik tudom\u00e1nyos keretbe. \u00c9letrajz<\/p>","protected":false},"author":1,"featured_media":0,"parent":0,"menu_order":0,"comment_status":"closed","ping_status":"closed","template":"","meta":{"footnotes":""},"class_list":["post-2255","page","type-page","status-publish","hentry"],"_links":{"self":[{"href":"https:\/\/amprojects.hu\/en\/wp-json\/wp\/v2\/pages\/2255","targetHints":{"allow":["GET"]}}],"collection":[{"href":"https:\/\/amprojects.hu\/en\/wp-json\/wp\/v2\/pages"}],"about":[{"href":"https:\/\/amprojects.hu\/en\/wp-json\/wp\/v2\/types\/page"}],"author":[{"embeddable":true,"href":"https:\/\/amprojects.hu\/en\/wp-json\/wp\/v2\/users\/1"}],"replies":[{"embeddable":true,"href":"https:\/\/amprojects.hu\/en\/wp-json\/wp\/v2\/comments?post=2255"}],"version-history":[{"count":22,"href":"https:\/\/amprojects.hu\/en\/wp-json\/wp\/v2\/pages\/2255\/revisions"}],"predecessor-version":[{"id":2456,"href":"https:\/\/amprojects.hu\/en\/wp-json\/wp\/v2\/pages\/2255\/revisions\/2456"}],"wp:attachment":[{"href":"https:\/\/amprojects.hu\/en\/wp-json\/wp\/v2\/media?parent=2255"}],"curies":[{"name":"wp","href":"https:\/\/api.w.org\/{rel}","templated":true}]}}