{"id":2273,"date":"2025-11-28T12:23:24","date_gmt":"2025-11-28T12:23:24","guid":{"rendered":"https:\/\/amprojects.hu\/?page_id=2273"},"modified":"2026-01-22T09:40:23","modified_gmt":"2026-01-22T09:40:23","slug":"csonka-veronika-eletrajz","status":"publish","type":"page","link":"https:\/\/amprojects.hu\/en\/csonka-veronika-eletrajz\/","title":{"rendered":"Csonka Veronika \u00e9letrajz"},"content":{"rendered":"<div data-elementor-type=\"wp-page\" data-elementor-id=\"2273\" class=\"elementor elementor-2273\" data-elementor-post-type=\"page\">\n\t\t\t\t<div class=\"elementor-element elementor-element-56c53a7 e-flex e-con-boxed wpr-particle-no wpr-jarallax-no wpr-parallax-no wpr-sticky-section-no e-con e-parent\" data-id=\"56c53a7\" data-element_type=\"container\" data-e-type=\"container\" data-settings=\"{&quot;background_background&quot;:&quot;classic&quot;}\">\n\t\t\t\t\t<div class=\"e-con-inner\">\n\t\t<div class=\"elementor-element elementor-element-d9dc735 e-con-full e-flex wpr-particle-no wpr-jarallax-no wpr-parallax-no wpr-sticky-section-no e-con e-child\" data-id=\"d9dc735\" data-element_type=\"container\" data-e-type=\"container\">\n\t\t\t\t<div class=\"elementor-element elementor-element-2817655 elementor-widget elementor-widget-image\" data-id=\"2817655\" data-element_type=\"widget\" data-e-type=\"widget\" data-widget_type=\"image.default\">\n\t\t\t\t\t\t\t\t\t\t\t\t\t\t\t<img fetchpriority=\"high\" decoding=\"async\" width=\"960\" height=\"685\" src=\"https:\/\/amprojects.hu\/wp-content\/uploads\/2025\/11\/Csonka_Vera_-1536x1097-1-1024x731.jpg\" class=\"attachment-large size-large wp-image-2275\" alt=\"\" srcset=\"https:\/\/amprojects.hu\/wp-content\/uploads\/2025\/11\/Csonka_Vera_-1536x1097-1-1024x731.jpg 1024w, https:\/\/amprojects.hu\/wp-content\/uploads\/2025\/11\/Csonka_Vera_-1536x1097-1-600x429.jpg 600w, https:\/\/amprojects.hu\/wp-content\/uploads\/2025\/11\/Csonka_Vera_-1536x1097-1-300x214.jpg 300w, https:\/\/amprojects.hu\/wp-content\/uploads\/2025\/11\/Csonka_Vera_-1536x1097-1-768x549.jpg 768w, https:\/\/amprojects.hu\/wp-content\/uploads\/2025\/11\/Csonka_Vera_-1536x1097-1.jpg 1536w\" sizes=\"(max-width: 960px) 100vw, 960px\" \/>\t\t\t\t\t\t\t\t\t\t\t\t\t\t\t<\/div>\n\t\t\t\t<div class=\"elementor-element elementor-element-11f8813 elementor-widget elementor-widget-text-editor\" data-id=\"11f8813\" data-element_type=\"widget\" data-e-type=\"widget\" data-widget_type=\"text-editor.default\">\n\t\t\t\t\t\t\t\t\t<h3>Veronika Csonka<\/h3><p>Csonka Veronika 1992-ben sz\u00fcletett Si\u00f3fokon, jelenleg Budapesten \u00e9l \u00e9s alkot. 2019-ben v\u00e9gzett a Magyar K\u00e9pz\u0151m\u0171v\u00e9szeti Egyetem fest\u0151 szak\u00e1n, 2021-ben k\u00e9pz\u0151m\u0171v\u00e9sz tan\u00e1r k\u00e9pes\u00edt\u00e9st is szerzett. M\u0171veit a biol\u00f3gia inspir\u00e1lja, v\u00e1ltozatos anyag\u00fa \u00e9s l\u00e9pt\u00e9k\u0171 alkot\u00e1sai, legyen sz\u00f3 ak\u00e1r festm\u00e9nyekr\u0151l, ak\u00e1r 3D tollal felrajzolt objektjeir\u0151l, az \u00e9l\u0151 sz\u00f6vetet helyezik tudom\u00e1nyos keretbe.<\/p>\t\t\t\t\t\t\t\t<\/div>\n\t\t\t\t<div class=\"elementor-element elementor-element-8dc80fb elementor-widget elementor-widget-button\" data-id=\"8dc80fb\" data-element_type=\"widget\" data-e-type=\"widget\" data-widget_type=\"button.default\">\n\t\t\t\t\t\t\t\t\t\t<a class=\"elementor-button elementor-button-link elementor-size-sm elementor-animation-grow\" href=\"https:\/\/amprojects.hu\/en\/csonka-veronika\/\">\n\t\t\t\t\t\t<span class=\"elementor-button-content-wrapper\">\n\t\t\t\t\t\t<span class=\"elementor-button-icon\">\n\t\t\t\t<svg aria-hidden=\"true\" class=\"e-font-icon-svg e-fas-angle-double-right\" viewbox=\"0 0 448 512\" xmlns=\"http:\/\/www.w3.org\/2000\/svg\"><path d=\"M224.3 273l-136 136c-9.4 9.4-24.6 9.4-33.9 0l-22.6-22.6c-9.4-9.4-9.4-24.6 0-33.9l96.4-96.4-96.4-96.4c-9.4-9.4-9.4-24.6 0-33.9L54.3 103c9.4-9.4 24.6-9.4 33.9 0l136 136c9.5 9.4 9.5 24.6.1 34zm192-34l-136-136c-9.4-9.4-24.6-9.4-33.9 0l-22.6 22.6c-9.4 9.4-9.4 24.6 0 33.9l96.4 96.4-96.4 96.4c-9.4 9.4-9.4 24.6 0 33.9l22.6 22.6c9.4 9.4 24.6 9.4 33.9 0l136-136c9.4-9.2 9.4-24.4 0-33.8z\"><\/path><\/svg>\t\t\t<\/span>\n\t\t\t\t\t\t\t\t\t<span class=\"elementor-button-text\">M\u0171alkot\u00e1sok<\/span>\n\t\t\t\t\t<\/span>\n\t\t\t\t\t<\/a>\n\t\t\t\t\t\t\t\t<\/div>\n\t\t\t\t<\/div>\n\t\t<div class=\"elementor-element elementor-element-894efd0 e-con-full e-flex wpr-particle-no wpr-jarallax-no wpr-parallax-no wpr-sticky-section-no e-con e-child\" data-id=\"894efd0\" data-element_type=\"container\" data-e-type=\"container\">\n\t\t\t\t<div class=\"elementor-element elementor-element-8c038fb elementor-widget elementor-widget-text-editor\" data-id=\"8c038fb\" data-element_type=\"widget\" data-e-type=\"widget\" data-widget_type=\"text-editor.default\">\n\t\t\t\t\t\t\t\t\t<section class=\"elementor-section elementor-inner-section elementor-element elementor-element-5cb1cbd1 elementor-section-boxed elementor-section-height-default elementor-section-height-default\" data-id=\"5cb1cbd1\" data-element_type=\"section\"><div class=\"elementor-container elementor-column-gap-default\"><div class=\"elementor-column elementor-col-100 elementor-inner-column elementor-element elementor-element-67901ab3\" data-id=\"67901ab3\" data-element_type=\"column\"><div class=\"elementor-widget-wrap elementor-element-populated\"><div class=\"elementor-element elementor-element-304e04e5 elementor-widget elementor-widget-text-editor\" data-id=\"304e04e5\" data-element_type=\"widget\" data-widget_type=\"text-editor.default\"><p><i>1992. Si\u00f3fok<\/i><\/p><\/div><\/div><\/div><\/div><\/section><div class=\"elementor-element elementor-element-425c60e elementor-widget elementor-widget-text-editor\" data-id=\"425c60e\" data-element_type=\"widget\" data-widget_type=\"text-editor.default\"><p><b>Tanulm\u00e1nyok<\/b><\/p><\/div><section class=\"elementor-section elementor-inner-section elementor-element elementor-element-235e47b4 elementor-section-boxed elementor-section-height-default elementor-section-height-default\" data-id=\"235e47b4\" data-element_type=\"section\"><div class=\"elementor-container elementor-column-gap-default\"><div class=\"elementor-column elementor-col-50 elementor-inner-column elementor-element elementor-element-3466ebc8\" data-id=\"3466ebc8\" data-element_type=\"column\"><div class=\"elementor-widget-wrap elementor-element-populated\"><div class=\"elementor-element elementor-element-58f3cfeb elementor-widget elementor-widget-text-editor\" data-id=\"58f3cfeb\" data-element_type=\"widget\" data-widget_type=\"text-editor.default\"><p>2020-2021<\/p><\/div><\/div><\/div><div class=\"elementor-column elementor-col-50 elementor-inner-column elementor-element elementor-element-22449f28\" data-id=\"22449f28\" data-element_type=\"column\"><div class=\"elementor-widget-wrap elementor-element-populated\"><div class=\"elementor-element elementor-element-79647aa7 elementor-widget elementor-widget-text-editor\" data-id=\"79647aa7\" data-element_type=\"widget\" data-widget_type=\"text-editor.default\"><p>Magyar K\u00e9pz\u0151m\u0171v\u00e9szeti Egyetem, K\u00e9pz\u0151m\u0171v\u00e9sz- tan\u00e1r<\/p><\/div><\/div><\/div><\/div><\/section><section class=\"elementor-section elementor-inner-section elementor-element elementor-element-42147e9 elementor-section-boxed elementor-section-height-default elementor-section-height-default\" data-id=\"42147e9\" data-element_type=\"section\"><div class=\"elementor-container elementor-column-gap-default\"><div class=\"elementor-column elementor-col-50 elementor-inner-column elementor-element elementor-element-82999cd\" data-id=\"82999cd\" data-element_type=\"column\"><div class=\"elementor-widget-wrap elementor-element-populated\"><div class=\"elementor-element elementor-element-96afaca elementor-widget elementor-widget-text-editor\" data-id=\"96afaca\" data-element_type=\"widget\" data-widget_type=\"text-editor.default\"><p>2013-2019<\/p><\/div><\/div><\/div><div class=\"elementor-column elementor-col-50 elementor-inner-column elementor-element elementor-element-cb8d07b\" data-id=\"cb8d07b\" data-element_type=\"column\"><div class=\"elementor-widget-wrap elementor-element-populated\"><div class=\"elementor-element elementor-element-50859a1 elementor-widget elementor-widget-text-editor\" data-id=\"50859a1\" data-element_type=\"widget\" data-widget_type=\"text-editor.default\"><p>Magyar K\u00e9pz\u0151m\u0171v\u00e9szeti Egyetem, Fest\u0151 szak<\/p><\/div><\/div><\/div><\/div><\/section><div class=\"elementor-element elementor-element-862d758 elementor-widget elementor-widget-spacer\" data-id=\"862d758\" data-element_type=\"widget\" data-widget_type=\"spacer.default\"><div class=\"elementor-spacer\"><div class=\"elementor-spacer-inner\">\u00a0<\/div><\/div><\/div><div class=\"elementor-element elementor-element-2c5be6c7 elementor-widget elementor-widget-text-editor\" data-id=\"2c5be6c7\" data-element_type=\"widget\" data-widget_type=\"text-editor.default\"><p><b>V\u00e1logatott egy\u00e9ni ki\u00e1ll\u00edt\u00e1sok<\/b><\/p><\/div><section class=\"elementor-section elementor-inner-section elementor-element elementor-element-3c44dfe8 elementor-section-boxed elementor-section-height-default elementor-section-height-default\" data-id=\"3c44dfe8\" data-element_type=\"section\"><div class=\"elementor-container elementor-column-gap-default\"><div class=\"elementor-column elementor-col-50 elementor-inner-column elementor-element elementor-element-62028af6\" data-id=\"62028af6\" data-element_type=\"column\"><div class=\"elementor-widget-wrap elementor-element-populated\"><div class=\"elementor-element elementor-element-28242acb elementor-widget elementor-widget-text-editor\" data-id=\"28242acb\" data-element_type=\"widget\" data-widget_type=\"text-editor.default\"><p>2024<\/p><\/div><\/div><\/div><div class=\"elementor-column elementor-col-50 elementor-inner-column elementor-element elementor-element-57b0c505\" data-id=\"57b0c505\" data-element_type=\"column\"><div class=\"elementor-widget-wrap elementor-element-populated\"><div class=\"elementor-element elementor-element-3a12f7af elementor-widget elementor-widget-text-editor\" data-id=\"3a12f7af\" data-element_type=\"widget\" data-widget_type=\"text-editor.default\"><p>TRAD, A bizonytalans\u00e1g kora, (Antalka Zs\u00f3fi\u00e1val) K6 Projekt Gal\u00e9ria, \u00a0Budapest<\/p><p>\u00dcvegmedence, Cairo Contemporary, Budapest<\/p><p>BIotic mechanism, AM Projects by Ani Molnar, Budapest<\/p><\/div><\/div><\/div><\/div><\/section><div class=\"elementor-element elementor-element-d193645 elementor-widget elementor-widget-text-editor\" data-id=\"d193645\" data-element_type=\"widget\" data-widget_type=\"text-editor.default\"><p><b>Csoportos ki\u00e1ll\u00edt\u00e1sok<\/b><\/p><\/div><section class=\"elementor-section elementor-inner-section elementor-element elementor-element-a1e2d96 elementor-section-boxed elementor-section-height-default elementor-section-height-default\" data-id=\"a1e2d96\" data-element_type=\"section\"><div class=\"elementor-container elementor-column-gap-default\"><div class=\"elementor-column elementor-col-50 elementor-inner-column elementor-element elementor-element-f89965a\" data-id=\"f89965a\" data-element_type=\"column\"><div class=\"elementor-widget-wrap elementor-element-populated\"><div class=\"elementor-element elementor-element-e8b0b36 elementor-widget elementor-widget-text-editor\" data-id=\"e8b0b36\" data-element_type=\"widget\" data-widget_type=\"text-editor.default\"><p>2024<\/p><\/div><\/div><\/div><div class=\"elementor-column elementor-col-50 elementor-inner-column elementor-element elementor-element-d6f6cf8\" data-id=\"d6f6cf8\" data-element_type=\"column\"><div class=\"elementor-widget-wrap elementor-element-populated\"><div class=\"elementor-element elementor-element-0e8f366 elementor-widget elementor-widget-text-editor\" data-id=\"0e8f366\" data-element_type=\"widget\" data-widget_type=\"text-editor.default\"><p>A nyugv\u00f3, a t\u00e9velyg\u0151 \u00e9s a megzabol\u00e1zott term\u00e9szet, Tokaj Art Wine, Budapest<\/p><\/div><\/div><\/div><\/div><\/section><section class=\"elementor-section elementor-inner-section elementor-element elementor-element-8291eed elementor-section-boxed elementor-section-height-default elementor-section-height-default\" data-id=\"8291eed\" data-element_type=\"section\"><div class=\"elementor-container elementor-column-gap-default\"><div class=\"elementor-column elementor-col-50 elementor-inner-column elementor-element elementor-element-6344d86\" data-id=\"6344d86\" data-element_type=\"column\"><div class=\"elementor-widget-wrap elementor-element-populated\"><div class=\"elementor-element elementor-element-8b3be80 elementor-widget elementor-widget-text-editor\" data-id=\"8b3be80\" data-element_type=\"widget\" data-widget_type=\"text-editor.default\"><p>2022<\/p><\/div><\/div><\/div><div class=\"elementor-column elementor-col-50 elementor-inner-column elementor-element elementor-element-14430fd\" data-id=\"14430fd\" data-element_type=\"column\"><div class=\"elementor-widget-wrap elementor-element-populated\"><div class=\"elementor-element elementor-element-f1203ed elementor-widget elementor-widget-text-editor\" data-id=\"f1203ed\" data-element_type=\"widget\" data-widget_type=\"text-editor.default\"><p>Organikus Design, Budapest Designweek, K11 Labor, Budapest<\/p><\/div><\/div><\/div><\/div><\/section><section class=\"elementor-section elementor-inner-section elementor-element elementor-element-ca9f49e elementor-section-boxed elementor-section-height-default elementor-section-height-default\" data-id=\"ca9f49e\" data-element_type=\"section\"><div class=\"elementor-container elementor-column-gap-default\"><div class=\"elementor-column elementor-col-50 elementor-inner-column elementor-element elementor-element-42c46ec\" data-id=\"42c46ec\" data-element_type=\"column\"><div class=\"elementor-widget-wrap elementor-element-populated\"><div class=\"elementor-element elementor-element-0cea7d0 elementor-widget elementor-widget-text-editor\" data-id=\"0cea7d0\" data-element_type=\"widget\" data-widget_type=\"text-editor.default\"><p>2021<\/p><\/div><\/div><\/div><div class=\"elementor-column elementor-col-50 elementor-inner-column elementor-element elementor-element-a5f5abd\" data-id=\"a5f5abd\" data-element_type=\"column\"><div class=\"elementor-widget-wrap elementor-element-populated\"><div class=\"elementor-element elementor-element-ad57280 elementor-widget elementor-widget-text-editor\" data-id=\"ad57280\" data-element_type=\"widget\" data-widget_type=\"text-editor.default\"><p>Szem\u00e9lyes Ut\u00f3pi\u00e1k, 2057, MANK, Szentendre<\/p><\/div><\/div><\/div><\/div><\/section><section class=\"elementor-section elementor-inner-section elementor-element elementor-element-2885824 elementor-section-boxed elementor-section-height-default elementor-section-height-default\" data-id=\"2885824\" data-element_type=\"section\"><div class=\"elementor-container elementor-column-gap-default\"><div class=\"elementor-column elementor-col-50 elementor-inner-column elementor-element elementor-element-fd906d3\" data-id=\"fd906d3\" data-element_type=\"column\"><div class=\"elementor-widget-wrap elementor-element-populated\"><div class=\"elementor-element elementor-element-6d70197 elementor-widget elementor-widget-text-editor\" data-id=\"6d70197\" data-element_type=\"widget\" data-widget_type=\"text-editor.default\"><p>2020<\/p><\/div><\/div><\/div><div class=\"elementor-column elementor-col-50 elementor-inner-column elementor-element elementor-element-8615622\" data-id=\"8615622\" data-element_type=\"column\"><div class=\"elementor-widget-wrap elementor-element-populated\"><div class=\"elementor-element elementor-element-31db53b elementor-widget elementor-widget-text-editor\" data-id=\"31db53b\" data-element_type=\"widget\" data-widget_type=\"text-editor.default\"><p>Mesterek \u00e9s tan\u00edtv\u00e1nyok, Vasary k\u00e9pt\u00e1r, Kaposv\u00e1r<\/p><\/div><\/div><\/div><\/div><\/section><section class=\"elementor-section elementor-inner-section elementor-element elementor-element-8ca8dd9 elementor-section-boxed elementor-section-height-default elementor-section-height-default\" data-id=\"8ca8dd9\" data-element_type=\"section\"><div class=\"elementor-container elementor-column-gap-default\"><div class=\"elementor-column elementor-col-50 elementor-inner-column elementor-element elementor-element-6316933\" data-id=\"6316933\" data-element_type=\"column\"><div class=\"elementor-widget-wrap elementor-element-populated\"><div class=\"elementor-element elementor-element-200aad9 elementor-widget elementor-widget-text-editor\" data-id=\"200aad9\" data-element_type=\"widget\" data-widget_type=\"text-editor.default\"><p>2019<\/p><\/div><\/div><\/div><div class=\"elementor-column elementor-col-50 elementor-inner-column elementor-element elementor-element-1ac378b\" data-id=\"1ac378b\" data-element_type=\"column\"><div class=\"elementor-widget-wrap elementor-element-populated\"><div class=\"elementor-element elementor-element-f1d0879 elementor-widget elementor-widget-text-editor\" data-id=\"f1d0879\" data-element_type=\"widget\" data-widget_type=\"text-editor.default\"><p>\u00d6sszetev\u0151k, Godot Gal\u00e9ria, Budapest<\/p><\/div><\/div><\/div><\/div><\/section><section class=\"elementor-section elementor-inner-section elementor-element elementor-element-ec0a0dc elementor-section-boxed elementor-section-height-default elementor-section-height-default\" data-id=\"ec0a0dc\" data-element_type=\"section\"><div class=\"elementor-container elementor-column-gap-default\"><div class=\"elementor-column elementor-col-50 elementor-inner-column elementor-element elementor-element-1789200\" data-id=\"1789200\" data-element_type=\"column\"><div class=\"elementor-widget-wrap elementor-element-populated\"><div class=\"elementor-element elementor-element-5c12df4 elementor-widget elementor-widget-text-editor\" data-id=\"5c12df4\" data-element_type=\"widget\" data-widget_type=\"text-editor.default\"><p>2018<\/p><\/div><\/div><\/div><div class=\"elementor-column elementor-col-50 elementor-inner-column elementor-element elementor-element-e63ddb5\" data-id=\"e63ddb5\" data-element_type=\"column\"><div class=\"elementor-widget-wrap elementor-element-populated\"><div class=\"elementor-element elementor-element-9c0ae24 elementor-widget elementor-widget-text-editor\" data-id=\"9c0ae24\" data-element_type=\"widget\" data-widget_type=\"text-editor.default\"><p>Other Subject, MKE Aula, Budapest<\/p><p>Re-Edit, B32 Gal\u00e9ria Art camp m\u0171v\u00e9sztelep, Bart\u00f3k1 Gal\u00e9ria, Budapest<\/p><\/div><\/div><\/div><\/div><\/section><section class=\"elementor-section elementor-inner-section elementor-element elementor-element-b6a8369 elementor-section-boxed elementor-section-height-default elementor-section-height-default\" data-id=\"b6a8369\" data-element_type=\"section\"><div class=\"elementor-container elementor-column-gap-default\"><div class=\"elementor-column elementor-col-50 elementor-inner-column elementor-element elementor-element-f71f6a4\" data-id=\"f71f6a4\" data-element_type=\"column\"><div class=\"elementor-widget-wrap elementor-element-populated\"><div class=\"elementor-element elementor-element-460c400 elementor-widget elementor-widget-text-editor\" data-id=\"460c400\" data-element_type=\"widget\" data-widget_type=\"text-editor.default\"><p>2017<\/p><\/div><\/div><\/div><div class=\"elementor-column elementor-col-50 elementor-inner-column elementor-element elementor-element-8dcaac7\" data-id=\"8dcaac7\" data-element_type=\"column\"><div class=\"elementor-widget-wrap elementor-element-populated\"><div class=\"elementor-element elementor-element-4404131 elementor-widget elementor-widget-text-editor\" data-id=\"4404131\" data-element_type=\"widget\" data-widget_type=\"text-editor.default\"><p>Senzation, Horizont Gal\u00e9ria, Budapest<\/p><p>T-m\u00ednusz, MKE-Aula, Budapest<\/p><p>K\u00f6z\u00f6s T\u00f6rt\u00e9net\u00fcnk, MKE- Barcsay Terem<\/p><\/div><\/div><\/div><\/div><\/section><section class=\"elementor-section elementor-inner-section elementor-element elementor-element-155f6ad elementor-section-boxed elementor-section-height-default elementor-section-height-default\" data-id=\"155f6ad\" data-element_type=\"section\"><div class=\"elementor-container elementor-column-gap-default\"><div class=\"elementor-column elementor-col-50 elementor-inner-column elementor-element elementor-element-d2c6f7f\" data-id=\"d2c6f7f\" data-element_type=\"column\"><div class=\"elementor-widget-wrap elementor-element-populated\"><div class=\"elementor-element elementor-element-4deed91 elementor-widget elementor-widget-text-editor\" data-id=\"4deed91\" data-element_type=\"widget\" data-widget_type=\"text-editor.default\"><p>2016<\/p><\/div><\/div><\/div><div class=\"elementor-column elementor-col-50 elementor-inner-column elementor-element elementor-element-f80c74c\" data-id=\"f80c74c\" data-element_type=\"column\"><div class=\"elementor-widget-wrap elementor-element-populated\"><div class=\"elementor-element elementor-element-fce60e9 elementor-widget elementor-widget-text-editor\" data-id=\"fce60e9\" data-element_type=\"widget\" data-widget_type=\"text-editor.default\"><p>H\u00e9tk\u00f6znapi Szakralit\u00e1s, Templom Gal\u00e9ria, Eger<\/p><p>Con -Text, Amedeusz Alkot\u00f3h\u00e1z, Budapest<\/p><p>PAKK-Art, Showroom Opening exhibition, Budapest<\/p><\/div><\/div><\/div><\/div><\/section><div class=\"elementor-element elementor-element-1715ccc elementor-widget elementor-widget-text-editor\" data-id=\"1715ccc\" data-element_type=\"widget\" data-widget_type=\"text-editor.default\"><p><b>V\u00e1s\u00e1ri r\u00e9szv\u00e9tel<\/b><\/p><\/div><section class=\"elementor-section elementor-inner-section elementor-element elementor-element-24a9c4e elementor-section-boxed elementor-section-height-default elementor-section-height-default\" data-id=\"24a9c4e\" data-element_type=\"section\"><div class=\"elementor-container elementor-column-gap-default\"><div class=\"elementor-column elementor-col-50 elementor-inner-column elementor-element elementor-element-706a97b\" data-id=\"706a97b\" data-element_type=\"column\"><div class=\"elementor-widget-wrap elementor-element-populated\"><div class=\"elementor-element elementor-element-44bcac2 elementor-widget elementor-widget-text-editor\" data-id=\"44bcac2\" data-element_type=\"widget\" data-widget_type=\"text-editor.default\"><p>2024<\/p><\/div><\/div><\/div><div class=\"elementor-column elementor-col-50 elementor-inner-column elementor-element elementor-element-660ca4a\" data-id=\"660ca4a\" data-element_type=\"column\"><div class=\"elementor-widget-wrap elementor-element-populated\"><div class=\"elementor-element elementor-element-3526ac2 elementor-widget elementor-widget-text-editor\" data-id=\"3526ac2\" data-element_type=\"widget\" data-widget_type=\"text-editor.default\"><p>Budapest Contemporary, Moln\u00e1r Ani Gal\u00e9ria standja<\/p><\/div><\/div><\/div><\/div><\/section>\t\t\t\t\t\t\t\t<\/div>\n\t\t\t\t<\/div>\n\t\t\t\t\t<\/div>\n\t\t\t\t<\/div>\n\t\t\t\t<\/div>","protected":false},"excerpt":{"rendered":"<p>Csonka Veronika Csonka Veronika 1992-ben sz\u00fcletett Si\u00f3fokon, jelenleg Budapesten \u00e9l \u00e9s alkot. 2019-ben v\u00e9gzett a Magyar K\u00e9pz\u0151m\u0171v\u00e9szeti Egyetem fest\u0151 szak\u00e1n, 2021-ben k\u00e9pz\u0151m\u0171v\u00e9sz tan\u00e1r k\u00e9pes\u00edt\u00e9st is szerzett. M\u0171veit a biol\u00f3gia inspir\u00e1lja, v\u00e1ltozatos anyag\u00fa \u00e9s l\u00e9pt\u00e9k\u0171 alkot\u00e1sai, legyen sz\u00f3 ak\u00e1r festm\u00e9nyekr\u0151l, ak\u00e1r 3D tollal felrajzolt objektjeir\u0151l, az \u00e9l\u0151 sz\u00f6vetet helyezik tudom\u00e1nyos keretbe. M\u0171alkot\u00e1sok 1992. Si\u00f3fok Tanulm\u00e1nyok 2020-2021 Magyar K\u00e9pz\u0151m\u0171v\u00e9szeti Egyetem, K\u00e9pz\u0151m\u0171v\u00e9sz- tan\u00e1r 2013-2019 Magyar K\u00e9pz\u0151m\u0171v\u00e9szeti Egyetem, Fest\u0151 szak \u00a0 V\u00e1logatott egy\u00e9ni ki\u00e1ll\u00edt\u00e1sok 2024 TRAD, A bizonytalans\u00e1g kora, (Antalka Zs\u00f3fi\u00e1val) K6 Projekt Gal\u00e9ria, \u00a0Budapest \u00dcvegmedence, Cairo Contemporary, Budapest BIotic mechanism, AM Projects by Ani Molnar, Budapest Csoportos ki\u00e1ll\u00edt\u00e1sok 2024 A nyugv\u00f3, a t\u00e9velyg\u0151 \u00e9s a megzabol\u00e1zott term\u00e9szet, Tokaj Art Wine, Budapest 2022 Organikus Design, Budapest Designweek, K11 Labor, Budapest 2021 Szem\u00e9lyes Ut\u00f3pi\u00e1k, 2057, MANK, Szentendre 2020 Mesterek \u00e9s tan\u00edtv\u00e1nyok, Vasary k\u00e9pt\u00e1r, Kaposv\u00e1r 2019 \u00d6sszetev\u0151k, Godot Gal\u00e9ria, Budapest 2018 Other Subject, MKE Aula, Budapest Re-Edit, B32 Gal\u00e9ria Art camp m\u0171v\u00e9sztelep, Bart\u00f3k1 Gal\u00e9ria, Budapest 2017 Senzation, Horizont Gal\u00e9ria, Budapest T-m\u00ednusz, MKE-Aula, Budapest K\u00f6z\u00f6s T\u00f6rt\u00e9net\u00fcnk, MKE- Barcsay Terem 2016 H\u00e9tk\u00f6znapi Szakralit\u00e1s, Templom Gal\u00e9ria, Eger Con -Text, Amedeusz Alkot\u00f3h\u00e1z, Budapest PAKK-Art, Showroom Opening exhibition, Budapest V\u00e1s\u00e1ri r\u00e9szv\u00e9tel 2024 Budapest Contemporary, Moln\u00e1r Ani Gal\u00e9ria standja<\/p>","protected":false},"author":1,"featured_media":0,"parent":0,"menu_order":0,"comment_status":"closed","ping_status":"closed","template":"","meta":{"footnotes":""},"class_list":["post-2273","page","type-page","status-publish","hentry"],"_links":{"self":[{"href":"https:\/\/amprojects.hu\/en\/wp-json\/wp\/v2\/pages\/2273","targetHints":{"allow":["GET"]}}],"collection":[{"href":"https:\/\/amprojects.hu\/en\/wp-json\/wp\/v2\/pages"}],"about":[{"href":"https:\/\/amprojects.hu\/en\/wp-json\/wp\/v2\/types\/page"}],"author":[{"embeddable":true,"href":"https:\/\/amprojects.hu\/en\/wp-json\/wp\/v2\/users\/1"}],"replies":[{"embeddable":true,"href":"https:\/\/amprojects.hu\/en\/wp-json\/wp\/v2\/comments?post=2273"}],"version-history":[{"count":13,"href":"https:\/\/amprojects.hu\/en\/wp-json\/wp\/v2\/pages\/2273\/revisions"}],"predecessor-version":[{"id":3083,"href":"https:\/\/amprojects.hu\/en\/wp-json\/wp\/v2\/pages\/2273\/revisions\/3083"}],"wp:attachment":[{"href":"https:\/\/amprojects.hu\/en\/wp-json\/wp\/v2\/media?parent=2273"}],"curies":[{"name":"wp","href":"https:\/\/api.w.org\/{rel}","templated":true}]}}