{"id":2290,"date":"2025-11-28T12:40:51","date_gmt":"2025-11-28T12:40:51","guid":{"rendered":"https:\/\/amprojects.hu\/?page_id=2290"},"modified":"2025-11-30T12:03:38","modified_gmt":"2025-11-30T12:03:38","slug":"kortmann-jaray-katalin","status":"publish","type":"page","link":"https:\/\/amprojects.hu\/en\/kortmann-jaray-katalin\/","title":{"rendered":"Katalin Kortmann-J\u00e1ray"},"content":{"rendered":"<div data-elementor-type=\"wp-page\" data-elementor-id=\"2290\" class=\"elementor elementor-2290\" data-elementor-post-type=\"page\">\n\t\t\t\t<div class=\"elementor-element elementor-element-05f197c e-flex e-con-boxed wpr-particle-no wpr-jarallax-no wpr-parallax-no wpr-sticky-section-no e-con e-parent\" data-id=\"05f197c\" data-element_type=\"container\" data-e-type=\"container\" data-settings=\"{&quot;background_background&quot;:&quot;classic&quot;}\">\n\t\t\t\t\t<div class=\"e-con-inner\">\n\t\t<div class=\"elementor-element elementor-element-b11bb28 e-con-full e-flex wpr-particle-no wpr-jarallax-no wpr-parallax-no wpr-sticky-section-no e-con e-child\" data-id=\"b11bb28\" data-element_type=\"container\" data-e-type=\"container\">\n\t\t\t\t<div class=\"elementor-element elementor-element-bc83a41 elementor-widget__width-inherit elementor-widget elementor-widget-heading\" data-id=\"bc83a41\" data-element_type=\"widget\" data-e-type=\"widget\" data-widget_type=\"heading.default\">\n\t\t\t\t\t<h2 class=\"elementor-heading-title elementor-size-default\">Katalin Kortmann-J\u00e1ray<\/h2>\t\t\t\t<\/div>\n\t\t\t\t<div class=\"elementor-element elementor-element-2e499a4 elementor-widget__width-initial elementor-widget elementor-widget-text-editor\" data-id=\"2e499a4\" data-element_type=\"widget\" data-e-type=\"widget\" data-widget_type=\"text-editor.default\">\n\t\t\t\t\t\t\t\t\t<p><strong>Katalin Kortmann-J\u00e1ray<\/strong> (1986, Budapest) explores the impact of culture on human perception in her installations, with a particular focus on the intersections of individual and collective experience. Her work brings together the experience of globality and the particularities of attachment to place, tracing these through the lenses of nostalgia and utopia, childhood and adulthood, as well as memory and fiction. Childhood, understood as a multilayered metaphor both literally and symbolically, plays a central role in her practice and forms a recurring interpretive framework within her work.<\/p><p><strong>Katalin Kortmann-J\u00e1ray and Karina Mendreczky<\/strong> have been working closely together since 2019. They create large-scale, walk-through installations using a spatial collage of various elements. Their cooperated work combines different techniques and materials to create their metaphorically feminine spaces. Both artists exhibit regularly at national and international group shows and art fairs. In 2023, they were jointly awarded the Esterh\u00e1zy Art Prize, a prestigious award for young artists in Hungary, with their works showcased at venues such as Q21 Salon in Vienna, Budapest Gallery, Ludwig Museum in Budapest, and MODEM in Debrecen. Since 2024, they are represented by\u00a0am projects, following their highly acclaimed debut exhibition, The Long Sigh of the Frog. This year, they also presented site-specific installations in Beijing and at Arsenal Gallery in Poland.<\/p>\t\t\t\t\t\t\t\t<\/div>\n\t\t\t\t<div class=\"elementor-element elementor-element-0b2b5b3 elementor-widget elementor-widget-button\" data-id=\"0b2b5b3\" data-element_type=\"widget\" data-e-type=\"widget\" data-widget_type=\"button.default\">\n\t\t\t\t\t\t\t\t\t\t<a class=\"elementor-button elementor-button-link elementor-size-sm elementor-animation-grow\" href=\"https:\/\/amprojects.hu\/en\/kortmann-jaray-katalin-eletrajz\/\">\n\t\t\t\t\t\t<span class=\"elementor-button-content-wrapper\">\n\t\t\t\t\t\t<span class=\"elementor-button-icon\">\n\t\t\t\t<svg aria-hidden=\"true\" class=\"e-font-icon-svg e-fas-angle-double-right\" viewbox=\"0 0 448 512\" xmlns=\"http:\/\/www.w3.org\/2000\/svg\"><path d=\"M224.3 273l-136 136c-9.4 9.4-24.6 9.4-33.9 0l-22.6-22.6c-9.4-9.4-9.4-24.6 0-33.9l96.4-96.4-96.4-96.4c-9.4-9.4-9.4-24.6 0-33.9L54.3 103c9.4-9.4 24.6-9.4 33.9 0l136 136c9.5 9.4 9.5 24.6.1 34zm192-34l-136-136c-9.4-9.4-24.6-9.4-33.9 0l-22.6 22.6c-9.4 9.4-9.4 24.6 0 33.9l96.4 96.4-96.4 96.4c-9.4 9.4-9.4 24.6 0 33.9l22.6 22.6c9.4 9.4 24.6 9.4 33.9 0l136-136c9.4-9.2 9.4-24.4 0-33.8z\"><\/path><\/svg>\t\t\t<\/span>\n\t\t\t\t\t\t\t\t\t<span class=\"elementor-button-text\">Katalin Kortmann-J\u00e1ray biography<\/span>\n\t\t\t\t\t<\/span>\n\t\t\t\t\t<\/a>\n\t\t\t\t\t\t\t\t<\/div>\n\t\t\t\t<\/div>\n\t\t<div class=\"elementor-element elementor-element-96ccaf6 e-con-full e-flex wpr-particle-no wpr-jarallax-no wpr-parallax-no wpr-sticky-section-no e-con e-child\" data-id=\"96ccaf6\" data-element_type=\"container\" data-e-type=\"container\">\n\t\t\t\t<div class=\"elementor-element elementor-element-21b19f7 elementor-widget elementor-widget-gallery\" data-id=\"21b19f7\" data-element_type=\"widget\" data-e-type=\"widget\" data-settings=\"{&quot;gallery_layout&quot;:&quot;justified&quot;,&quot;ideal_row_height&quot;:{&quot;unit&quot;:&quot;px&quot;,&quot;size&quot;:200,&quot;sizes&quot;:[]},&quot;ideal_row_height_tablet&quot;:{&quot;unit&quot;:&quot;px&quot;,&quot;size&quot;:150,&quot;sizes&quot;:[]},&quot;ideal_row_height_mobile&quot;:{&quot;unit&quot;:&quot;px&quot;,&quot;size&quot;:150,&quot;sizes&quot;:[]},&quot;gap&quot;:{&quot;unit&quot;:&quot;px&quot;,&quot;size&quot;:10,&quot;sizes&quot;:[]},&quot;gap_tablet&quot;:{&quot;unit&quot;:&quot;px&quot;,&quot;size&quot;:10,&quot;sizes&quot;:[]},&quot;gap_mobile&quot;:{&quot;unit&quot;:&quot;px&quot;,&quot;size&quot;:10,&quot;sizes&quot;:[]},&quot;link_to&quot;:&quot;file&quot;,&quot;overlay_background&quot;:&quot;yes&quot;,&quot;content_hover_animation&quot;:&quot;fade-in&quot;}\" data-widget_type=\"gallery.default\">\n\t\t\t\t\t\t\t<div class=\"elementor-gallery__container\">\n\t\t\t\t\t\t\t<a class=\"e-gallery-item elementor-gallery-item elementor-animated-content\" href=\"https:\/\/amprojects.hu\/wp-content\/uploads\/2025\/11\/Kepernyofoto-2025-11-28-15.16.33.png\" data-elementor-open-lightbox=\"yes\" data-elementor-lightbox-slideshow=\"21b19f7\" data-elementor-lightbox-title=\"Ke\u0301pernyo\u030bfoto\u0301 2025-11-28 - 15.16.33\" data-e-action-hash=\"#elementor-action%3Aaction%3Dlightbox%26settings%3DeyJpZCI6MjM5NSwidXJsIjoiaHR0cHM6XC9cL2FtcHJvamVjdHMuaHVcL3dwLWNvbnRlbnRcL3VwbG9hZHNcLzIwMjVcLzExXC9LZXBlcm55b2ZvdG8tMjAyNS0xMS0yOC0xNS4xNi4zMy5wbmciLCJzbGlkZXNob3ciOiIyMWIxOWY3In0%3D\">\n\t\t\t\t\t<div class=\"e-gallery-image elementor-gallery-item__image\" data-thumbnail=\"https:\/\/amprojects.hu\/wp-content\/uploads\/2025\/11\/Kepernyofoto-2025-11-28-15.16.33.png\" data-width=\"704\" data-height=\"1028\" aria-label=\"\" role=\"img\" ><\/div>\n\t\t\t\t\t\t\t\t\t\t\t<div class=\"elementor-gallery-item__overlay\"><\/div>\n\t\t\t\t\t\t\t\t\t\t\t\t\t\t<\/a>\n\t\t\t\t\t\t\t<a class=\"e-gallery-item elementor-gallery-item elementor-animated-content\" href=\"https:\/\/amprojects.hu\/wp-content\/uploads\/2025\/11\/kattalin5.png\" data-elementor-open-lightbox=\"yes\" data-elementor-lightbox-slideshow=\"21b19f7\" data-elementor-lightbox-title=\"kattalin5\" data-e-action-hash=\"#elementor-action%3Aaction%3Dlightbox%26settings%3DeyJpZCI6MjM4NiwidXJsIjoiaHR0cHM6XC9cL2FtcHJvamVjdHMuaHVcL3dwLWNvbnRlbnRcL3VwbG9hZHNcLzIwMjVcLzExXC9rYXR0YWxpbjUucG5nIiwic2xpZGVzaG93IjoiMjFiMTlmNyJ9\">\n\t\t\t\t\t<div class=\"e-gallery-image elementor-gallery-item__image\" data-thumbnail=\"https:\/\/amprojects.hu\/wp-content\/uploads\/2025\/11\/kattalin5.png\" data-width=\"768\" data-height=\"1114\" aria-label=\"\" role=\"img\" ><\/div>\n\t\t\t\t\t\t\t\t\t\t\t<div class=\"elementor-gallery-item__overlay\"><\/div>\n\t\t\t\t\t\t\t\t\t\t\t\t\t\t<\/a>\n\t\t\t\t\t\t\t<a class=\"e-gallery-item elementor-gallery-item elementor-animated-content\" href=\"https:\/\/amprojects.hu\/wp-content\/uploads\/2025\/11\/katalin10.jpg\" data-elementor-open-lightbox=\"yes\" data-elementor-lightbox-slideshow=\"21b19f7\" data-elementor-lightbox-title=\"katalin10\" data-e-action-hash=\"#elementor-action%3Aaction%3Dlightbox%26settings%3DeyJpZCI6MjM4NSwidXJsIjoiaHR0cHM6XC9cL2FtcHJvamVjdHMuaHVcL3dwLWNvbnRlbnRcL3VwbG9hZHNcLzIwMjVcLzExXC9rYXRhbGluMTAuanBnIiwic2xpZGVzaG93IjoiMjFiMTlmNyJ9\">\n\t\t\t\t\t<div class=\"e-gallery-image elementor-gallery-item__image\" data-thumbnail=\"https:\/\/amprojects.hu\/wp-content\/uploads\/2025\/11\/katalin10.jpg\" data-width=\"1668\" data-height=\"2500\" aria-label=\"\" role=\"img\" ><\/div>\n\t\t\t\t\t\t\t\t\t\t\t<div class=\"elementor-gallery-item__overlay\"><\/div>\n\t\t\t\t\t\t\t\t\t\t\t\t\t\t<\/a>\n\t\t\t\t\t\t\t<a class=\"e-gallery-item elementor-gallery-item elementor-animated-content\" href=\"https:\/\/amprojects.hu\/wp-content\/uploads\/2025\/11\/katalin8.png\" data-elementor-open-lightbox=\"yes\" data-elementor-lightbox-slideshow=\"21b19f7\" data-elementor-lightbox-title=\"katalin8\" data-e-action-hash=\"#elementor-action%3Aaction%3Dlightbox%26settings%3DeyJpZCI6MjM4NCwidXJsIjoiaHR0cHM6XC9cL2FtcHJvamVjdHMuaHVcL3dwLWNvbnRlbnRcL3VwbG9hZHNcLzIwMjVcLzExXC9rYXRhbGluOC5wbmciLCJzbGlkZXNob3ciOiIyMWIxOWY3In0%3D\">\n\t\t\t\t\t<div class=\"e-gallery-image elementor-gallery-item__image\" data-thumbnail=\"https:\/\/amprojects.hu\/wp-content\/uploads\/2025\/11\/katalin8.png\" data-width=\"900\" data-height=\"1170\" aria-label=\"\" role=\"img\" ><\/div>\n\t\t\t\t\t\t\t\t\t\t\t<div class=\"elementor-gallery-item__overlay\"><\/div>\n\t\t\t\t\t\t\t\t\t\t\t\t\t\t<\/a>\n\t\t\t\t\t\t\t<a class=\"e-gallery-item elementor-gallery-item elementor-animated-content\" href=\"https:\/\/amprojects.hu\/wp-content\/uploads\/2025\/11\/katalin7.png\" data-elementor-open-lightbox=\"yes\" data-elementor-lightbox-slideshow=\"21b19f7\" data-elementor-lightbox-title=\"katalin7\" data-e-action-hash=\"#elementor-action%3Aaction%3Dlightbox%26settings%3DeyJpZCI6MjM4MywidXJsIjoiaHR0cHM6XC9cL2FtcHJvamVjdHMuaHVcL3dwLWNvbnRlbnRcL3VwbG9hZHNcLzIwMjVcLzExXC9rYXRhbGluNy5wbmciLCJzbGlkZXNob3ciOiIyMWIxOWY3In0%3D\">\n\t\t\t\t\t<div class=\"e-gallery-image elementor-gallery-item__image\" data-thumbnail=\"https:\/\/amprojects.hu\/wp-content\/uploads\/2025\/11\/katalin7.png\" data-width=\"1126\" data-height=\"876\" aria-label=\"\" role=\"img\" ><\/div>\n\t\t\t\t\t\t\t\t\t\t\t<div class=\"elementor-gallery-item__overlay\"><\/div>\n\t\t\t\t\t\t\t\t\t\t\t\t\t\t<\/a>\n\t\t\t\t\t\t\t<a class=\"e-gallery-item elementor-gallery-item elementor-animated-content\" href=\"https:\/\/amprojects.hu\/wp-content\/uploads\/2025\/11\/katalin6.png\" data-elementor-open-lightbox=\"yes\" data-elementor-lightbox-slideshow=\"21b19f7\" data-elementor-lightbox-title=\"katalin6\" data-e-action-hash=\"#elementor-action%3Aaction%3Dlightbox%26settings%3DeyJpZCI6MjM4MiwidXJsIjoiaHR0cHM6XC9cL2FtcHJvamVjdHMuaHVcL3dwLWNvbnRlbnRcL3VwbG9hZHNcLzIwMjVcLzExXC9rYXRhbGluNi5wbmciLCJzbGlkZXNob3ciOiIyMWIxOWY3In0%3D\">\n\t\t\t\t\t<div class=\"e-gallery-image elementor-gallery-item__image\" data-thumbnail=\"https:\/\/amprojects.hu\/wp-content\/uploads\/2025\/11\/katalin6.png\" data-width=\"1252\" data-height=\"830\" aria-label=\"\" role=\"img\" ><\/div>\n\t\t\t\t\t\t\t\t\t\t\t<div class=\"elementor-gallery-item__overlay\"><\/div>\n\t\t\t\t\t\t\t\t\t\t\t\t\t\t<\/a>\n\t\t\t\t\t\t\t<a class=\"e-gallery-item elementor-gallery-item elementor-animated-content\" href=\"https:\/\/amprojects.hu\/wp-content\/uploads\/2025\/11\/katalin4.png\" data-elementor-open-lightbox=\"yes\" data-elementor-lightbox-slideshow=\"21b19f7\" data-elementor-lightbox-title=\"katalin4\" data-e-action-hash=\"#elementor-action%3Aaction%3Dlightbox%26settings%3DeyJpZCI6MjM4MSwidXJsIjoiaHR0cHM6XC9cL2FtcHJvamVjdHMuaHVcL3dwLWNvbnRlbnRcL3VwbG9hZHNcLzIwMjVcLzExXC9rYXRhbGluNC5wbmciLCJzbGlkZXNob3ciOiIyMWIxOWY3In0%3D\">\n\t\t\t\t\t<div class=\"e-gallery-image elementor-gallery-item__image\" data-thumbnail=\"https:\/\/amprojects.hu\/wp-content\/uploads\/2025\/11\/katalin4.png\" data-width=\"852\" data-height=\"1154\" aria-label=\"\" role=\"img\" ><\/div>\n\t\t\t\t\t\t\t\t\t\t\t<div class=\"elementor-gallery-item__overlay\"><\/div>\n\t\t\t\t\t\t\t\t\t\t\t\t\t\t<\/a>\n\t\t\t\t\t\t\t<a class=\"e-gallery-item elementor-gallery-item elementor-animated-content\" href=\"https:\/\/amprojects.hu\/wp-content\/uploads\/2025\/11\/katalin2.jpeg\" data-elementor-open-lightbox=\"yes\" data-elementor-lightbox-slideshow=\"21b19f7\" data-elementor-lightbox-title=\"katalin2\" data-e-action-hash=\"#elementor-action%3Aaction%3Dlightbox%26settings%3DeyJpZCI6MjM3OSwidXJsIjoiaHR0cHM6XC9cL2FtcHJvamVjdHMuaHVcL3dwLWNvbnRlbnRcL3VwbG9hZHNcLzIwMjVcLzExXC9rYXRhbGluMi5qcGVnIiwic2xpZGVzaG93IjoiMjFiMTlmNyJ9\">\n\t\t\t\t\t<div class=\"e-gallery-image elementor-gallery-item__image\" data-thumbnail=\"https:\/\/amprojects.hu\/wp-content\/uploads\/2025\/11\/katalin2.jpeg\" data-width=\"980\" data-height=\"1412\" aria-label=\"\" role=\"img\" ><\/div>\n\t\t\t\t\t\t\t\t\t\t\t<div class=\"elementor-gallery-item__overlay\"><\/div>\n\t\t\t\t\t\t\t\t\t\t\t\t\t\t<\/a>\n\t\t\t\t\t\t\t<a class=\"e-gallery-item elementor-gallery-item elementor-animated-content\" href=\"https:\/\/amprojects.hu\/wp-content\/uploads\/2025\/11\/katalin1.jpg\" data-elementor-open-lightbox=\"yes\" data-elementor-lightbox-slideshow=\"21b19f7\" data-elementor-lightbox-title=\"katalin1\" data-e-action-hash=\"#elementor-action%3Aaction%3Dlightbox%26settings%3DeyJpZCI6MjM3OCwidXJsIjoiaHR0cHM6XC9cL2FtcHJvamVjdHMuaHVcL3dwLWNvbnRlbnRcL3VwbG9hZHNcLzIwMjVcLzExXC9rYXRhbGluMS5qcGciLCJzbGlkZXNob3ciOiIyMWIxOWY3In0%3D\">\n\t\t\t\t\t<div class=\"e-gallery-image elementor-gallery-item__image\" data-thumbnail=\"https:\/\/amprojects.hu\/wp-content\/uploads\/2025\/11\/katalin1.jpg\" data-width=\"1680\" data-height=\"1121\" aria-label=\"\" role=\"img\" ><\/div>\n\t\t\t\t\t\t\t\t\t\t\t<div class=\"elementor-gallery-item__overlay\"><\/div>\n\t\t\t\t\t\t\t\t\t\t\t\t\t\t<\/a>\n\t\t\t\t\t\t\t<a class=\"e-gallery-item elementor-gallery-item elementor-animated-content\" href=\"https:\/\/amprojects.hu\/wp-content\/uploads\/2025\/11\/katalin.png\" data-elementor-open-lightbox=\"yes\" data-elementor-lightbox-slideshow=\"21b19f7\" data-elementor-lightbox-title=\"katalin\" data-e-action-hash=\"#elementor-action%3Aaction%3Dlightbox%26settings%3DeyJpZCI6MjM3NywidXJsIjoiaHR0cHM6XC9cL2FtcHJvamVjdHMuaHVcL3dwLWNvbnRlbnRcL3VwbG9hZHNcLzIwMjVcLzExXC9rYXRhbGluLnBuZyIsInNsaWRlc2hvdyI6IjIxYjE5ZjcifQ%3D%3D\">\n\t\t\t\t\t<div class=\"e-gallery-image elementor-gallery-item__image\" data-thumbnail=\"https:\/\/amprojects.hu\/wp-content\/uploads\/2025\/11\/katalin.png\" data-width=\"992\" data-height=\"430\" aria-label=\"\" role=\"img\" ><\/div>\n\t\t\t\t\t\t\t\t\t\t\t<div class=\"elementor-gallery-item__overlay\"><\/div>\n\t\t\t\t\t\t\t\t\t\t\t\t\t\t<\/a>\n\t\t\t\t\t\t\t<a class=\"e-gallery-item elementor-gallery-item elementor-animated-content\" href=\"https:\/\/amprojects.hu\/wp-content\/uploads\/2025\/11\/avokado-scaled.jpg\" data-elementor-open-lightbox=\"yes\" data-elementor-lightbox-slideshow=\"21b19f7\" data-elementor-lightbox-title=\"avokado\" data-e-action-hash=\"#elementor-action%3Aaction%3Dlightbox%26settings%3DeyJpZCI6MjQ2NywidXJsIjoiaHR0cHM6XC9cL2FtcHJvamVjdHMuaHVcL3dwLWNvbnRlbnRcL3VwbG9hZHNcLzIwMjVcLzExXC9hdm9rYWRvLXNjYWxlZC5qcGciLCJzbGlkZXNob3ciOiIyMWIxOWY3In0%3D\">\n\t\t\t\t\t<div class=\"e-gallery-image elementor-gallery-item__image\" data-thumbnail=\"https:\/\/amprojects.hu\/wp-content\/uploads\/2025\/11\/avokado-scaled.jpg\" data-width=\"1920\" data-height=\"2560\" aria-label=\"\" role=\"img\" ><\/div>\n\t\t\t\t\t\t\t\t\t\t\t<div class=\"elementor-gallery-item__overlay\"><\/div>\n\t\t\t\t\t\t\t\t\t\t\t\t\t\t<\/a>\n\t\t\t\t\t\t\t<a class=\"e-gallery-item elementor-gallery-item elementor-animated-content\" href=\"https:\/\/amprojects.hu\/wp-content\/uploads\/2025\/11\/MOLNAR_ANI_GALERIA_ARCO_2025_029-scaled.jpg\" data-elementor-open-lightbox=\"yes\" data-elementor-lightbox-slideshow=\"21b19f7\" data-elementor-lightbox-title=\"MOLNAR_ANI_GALERIA_ARCO_2025_029\" data-e-action-hash=\"#elementor-action%3Aaction%3Dlightbox%26settings%3DeyJpZCI6MjQ2OCwidXJsIjoiaHR0cHM6XC9cL2FtcHJvamVjdHMuaHVcL3dwLWNvbnRlbnRcL3VwbG9hZHNcLzIwMjVcLzExXC9NT0xOQVJfQU5JX0dBTEVSSUFfQVJDT18yMDI1XzAyOS1zY2FsZWQuanBnIiwic2xpZGVzaG93IjoiMjFiMTlmNyJ9\">\n\t\t\t\t\t<div class=\"e-gallery-image elementor-gallery-item__image\" data-thumbnail=\"https:\/\/amprojects.hu\/wp-content\/uploads\/2025\/11\/MOLNAR_ANI_GALERIA_ARCO_2025_029-scaled.jpg\" data-width=\"1707\" data-height=\"2560\" aria-label=\"\" role=\"img\" ><\/div>\n\t\t\t\t\t\t\t\t\t\t\t<div class=\"elementor-gallery-item__overlay\"><\/div>\n\t\t\t\t\t\t\t\t\t\t\t\t\t\t<\/a>\n\t\t\t\t\t\t\t<a class=\"e-gallery-item elementor-gallery-item elementor-animated-content\" href=\"https:\/\/amprojects.hu\/wp-content\/uploads\/2025\/11\/virag-scaled.jpg\" data-elementor-open-lightbox=\"yes\" data-elementor-lightbox-slideshow=\"21b19f7\" data-elementor-lightbox-title=\"virag\" data-e-action-hash=\"#elementor-action%3Aaction%3Dlightbox%26settings%3DeyJpZCI6MjQ3MCwidXJsIjoiaHR0cHM6XC9cL2FtcHJvamVjdHMuaHVcL3dwLWNvbnRlbnRcL3VwbG9hZHNcLzIwMjVcLzExXC92aXJhZy1zY2FsZWQuanBnIiwic2xpZGVzaG93IjoiMjFiMTlmNyJ9\">\n\t\t\t\t\t<div class=\"e-gallery-image elementor-gallery-item__image\" data-thumbnail=\"https:\/\/amprojects.hu\/wp-content\/uploads\/2025\/11\/virag-scaled.jpg\" data-width=\"1513\" data-height=\"2560\" aria-label=\"\" role=\"img\" ><\/div>\n\t\t\t\t\t\t\t\t\t\t\t<div class=\"elementor-gallery-item__overlay\"><\/div>\n\t\t\t\t\t\t\t\t\t\t\t\t\t\t<\/a>\n\t\t\t\t\t<\/div>\n\t\t\t\t\t<\/div>\n\t\t\t\t<\/div>\n\t\t\t\t\t<\/div>\n\t\t\t\t<\/div>\n\t\t\t\t<\/div>","protected":false},"excerpt":{"rendered":"<p>Kortmann-J\u00e1ray Katalin Kortmann-J\u00e1ray Katalin (1986, Budapest) install\u00e1ci\u00f3iban a kult\u00fara emberi \u00e9szlel\u00e9sre gyakorolt hat\u00e1sait vizsg\u00e1lja, k\u00fcl\u00f6n\u00f6s hangs\u00falyt helyezve az egy\u00e9ni \u00e9s kollekt\u00edv tapasztalat metsz\u00e9spontjaira. Munk\u00e1iban a globalit\u00e1s \u00e9lm\u00e9nye \u00e9s a helyhez k\u00f6t\u0151d\u00e9s saj\u00e1toss\u00e1gai egyszerre jelennek meg, melyeket a nosztalgia \u00e9s ut\u00f3pia, a gyerekkor \u00e9s feln\u0151ttkor, valamint az eml\u00e9kezet \u00e9s fikci\u00f3 hat\u00e1rterei ment\u00e9n kutat. A gyerekkor mint t\u00f6bbr\u00e9teg\u0171 metafora kiemelt szerepet j\u00e1tszik m\u0171v\u00e9szet\u00e9ben, amelynek visszat\u00e9r\u0151 \u00e9rtelmez\u00e9si keret\u00e9t adja. Kortmann-J\u00e1ray Katalin \u00e9s Mendreczky Karina 2019 \u00f3ta dolgoznak szorosan egy\u00fctt. Nagy l\u00e9pt\u00e9k\u0171, bej\u00e1rhat\u00f3 install\u00e1ci\u00f3kat hoznak l\u00e9tre, amelyek k\u00fcl\u00f6nf\u00e9le elemek t\u00e9rbeli koll\u00e1zs\u00e1ra \u00e9p\u00fclnek. K\u00f6z\u00f6s munk\u00e1ik k\u00fcl\u00f6nb\u00f6z\u0151 technik\u00e1kat \u00e9s anyagokat \u00f6tv\u00f6znek, hogy metaforikusan n\u0151ies tereket hozzanak l\u00e9tre. Mindk\u00e9t m\u0171v\u00e9sz rendszeresen \u00e1ll\u00edt ki hazai \u00e9s nemzetk\u00f6zi csoportos ki\u00e1ll\u00edt\u00e1sokon \u00e9s m\u0171v\u00e9szeti v\u00e1s\u00e1rokon. 2023-ban k\u00f6z\u00f6sen nyert\u00e9k el az Esterh\u00e1zy M\u0171v\u00e9szeti D\u00edjat, amely Magyarorsz\u00e1g egyik rangos, fiatal m\u0171v\u00e9szeknek sz\u00f3l\u00f3 elismer\u00e9se. M\u0171veik olyan helysz\u00edneken ker\u00fcltek bemutat\u00e1sra, mint a b\u00e9csi Q21 Salon, a Budapest Gal\u00e9ria, a budapesti Ludwig M\u00fazeum \u00e9s a debreceni MODEM. 2024 \u00f3ta az am projects k\u00e9pviseli \u0151ket, nagy siker\u0171 deb\u00fct\u00e1l\u00f3 ki\u00e1ll\u00edt\u00e1suk, The Long Sigh of the Frog ut\u00e1n. Ebben az \u00e9vben helyspecifikus install\u00e1ci\u00f3kat mutattak be Pekingben \u00e9s a lengyelorsz\u00e1gi Arsenal Galleryben is. Kortmann-J\u00e1ray Katalin \u00e9letrajz<\/p>","protected":false},"author":1,"featured_media":0,"parent":0,"menu_order":0,"comment_status":"closed","ping_status":"closed","template":"","meta":{"footnotes":""},"class_list":["post-2290","page","type-page","status-publish","hentry"],"_links":{"self":[{"href":"https:\/\/amprojects.hu\/en\/wp-json\/wp\/v2\/pages\/2290","targetHints":{"allow":["GET"]}}],"collection":[{"href":"https:\/\/amprojects.hu\/en\/wp-json\/wp\/v2\/pages"}],"about":[{"href":"https:\/\/amprojects.hu\/en\/wp-json\/wp\/v2\/types\/page"}],"author":[{"embeddable":true,"href":"https:\/\/amprojects.hu\/en\/wp-json\/wp\/v2\/users\/1"}],"replies":[{"embeddable":true,"href":"https:\/\/amprojects.hu\/en\/wp-json\/wp\/v2\/comments?post=2290"}],"version-history":[{"count":34,"href":"https:\/\/amprojects.hu\/en\/wp-json\/wp\/v2\/pages\/2290\/revisions"}],"predecessor-version":[{"id":2728,"href":"https:\/\/amprojects.hu\/en\/wp-json\/wp\/v2\/pages\/2290\/revisions\/2728"}],"wp:attachment":[{"href":"https:\/\/amprojects.hu\/en\/wp-json\/wp\/v2\/media?parent=2290"}],"curies":[{"name":"wp","href":"https:\/\/api.w.org\/{rel}","templated":true}]}}