{"id":2301,"date":"2025-11-28T12:54:48","date_gmt":"2025-11-28T12:54:48","guid":{"rendered":"https:\/\/amprojects.hu\/?page_id=2301"},"modified":"2026-01-22T09:46:50","modified_gmt":"2026-01-22T09:46:50","slug":"kortmann-jaray-katalin-eletrajz","status":"publish","type":"page","link":"https:\/\/amprojects.hu\/en\/kortmann-jaray-katalin-eletrajz\/","title":{"rendered":"Kortmann J\u00e1ray Katalin \u00e9letrajz"},"content":{"rendered":"<div data-elementor-type=\"wp-page\" data-elementor-id=\"2301\" class=\"elementor elementor-2301\" data-elementor-post-type=\"page\">\n\t\t\t\t<div class=\"elementor-element elementor-element-915888a e-flex e-con-boxed wpr-particle-no wpr-jarallax-no wpr-parallax-no wpr-sticky-section-no e-con e-parent\" data-id=\"915888a\" data-element_type=\"container\" data-e-type=\"container\" data-settings=\"{&quot;background_background&quot;:&quot;classic&quot;}\">\n\t\t\t\t\t<div class=\"e-con-inner\">\n\t\t<div class=\"elementor-element elementor-element-25e099e e-con-full e-flex wpr-particle-no wpr-jarallax-no wpr-parallax-no wpr-sticky-section-no e-con e-child\" data-id=\"25e099e\" data-element_type=\"container\" data-e-type=\"container\">\n\t\t\t\t<div class=\"elementor-element elementor-element-3d57dd1 elementor-widget elementor-widget-image\" data-id=\"3d57dd1\" data-element_type=\"widget\" data-e-type=\"widget\" data-widget_type=\"image.default\">\n\t\t\t\t\t\t\t\t\t\t\t\t\t\t\t<img fetchpriority=\"high\" decoding=\"async\" width=\"960\" height=\"639\" src=\"https:\/\/amprojects.hu\/wp-content\/uploads\/2025\/11\/d931fd7ea72e435d9be39cb90e718ef7-1024x682.jpg\" class=\"attachment-large size-large wp-image-2303\" alt=\"\" srcset=\"https:\/\/amprojects.hu\/wp-content\/uploads\/2025\/11\/d931fd7ea72e435d9be39cb90e718ef7-1024x682.jpg 1024w, https:\/\/amprojects.hu\/wp-content\/uploads\/2025\/11\/d931fd7ea72e435d9be39cb90e718ef7-600x400.jpg 600w, https:\/\/amprojects.hu\/wp-content\/uploads\/2025\/11\/d931fd7ea72e435d9be39cb90e718ef7-300x200.jpg 300w, https:\/\/amprojects.hu\/wp-content\/uploads\/2025\/11\/d931fd7ea72e435d9be39cb90e718ef7-768x511.jpg 768w, https:\/\/amprojects.hu\/wp-content\/uploads\/2025\/11\/d931fd7ea72e435d9be39cb90e718ef7.jpg 1200w\" sizes=\"(max-width: 960px) 100vw, 960px\" \/>\t\t\t\t\t\t\t\t\t\t\t\t\t\t\t<\/div>\n\t\t\t\t<div class=\"elementor-element elementor-element-eacc372 elementor-widget__width-inherit elementor-widget elementor-widget-heading\" data-id=\"eacc372\" data-element_type=\"widget\" data-e-type=\"widget\" data-widget_type=\"heading.default\">\n\t\t\t\t\t<h2 class=\"elementor-heading-title elementor-size-default\">Kortmann-J\u00e1ray Katalin &amp; Mendreczky Karina<\/h2>\t\t\t\t<\/div>\n\t\t\t\t<div class=\"elementor-element elementor-element-92522b1 elementor-widget elementor-widget-text-editor\" data-id=\"92522b1\" data-element_type=\"widget\" data-e-type=\"widget\" data-widget_type=\"text-editor.default\">\n\t\t\t\t\t\t\t\t\t<p>Kortmann-J\u00e1ray Katalin (1986, Budapest, Budapesten \u00e9l \u00e9s dolgozik) \u00e9s Mendreczky Karina (1988, Budapest, B\u00e9csben \u00e9s Budapesten \u00e9l \u00e9s dolgozik) m\u0171v\u00e9szp\u00e1ros\u00e1nak munk\u00e1i a kult\u00fara \u00e9s az aktu\u00e1lis k\u00f6rnyezeti hat\u00e1sok emberi \u00e9rz\u00e9kel\u00e9sre gyakorolt hat\u00e1s\u00e1t vizsg\u00e1lj\u00e1k. Az \u00f6kol\u00f3giai v\u00e1ls\u00e1gban gy\u00f6kerez\u0151 \u00e9s az ut\u00f3bbi id\u0151ben egyre ink\u00e1bb el\u0151t\u00e9rbe ker\u00fcl\u0151 animisztikus szeml\u00e9leten kereszt\u00fcl olyan t\u00e1jakon \u00e9s bej\u00e1rhat\u00f3 d\u00edszletekon kereszt\u00fcl hozz\u00e1k l\u00e9tre t\u00f6rt\u00e9neteiket, amelyekben \u00f6sszefon\u00f3dik a mes\u00e9k, az eml\u00e9kezet, a kv\u00e1zi-vall\u00e1si mot\u00edvumok \u00e9s a miszticizmus szimbolik\u00e1ja. Kortmann-J\u00e1ray \u00e9s Mendreczky 2019 \u00f3ta dolgozik szorosan egy\u00fctt. Nagym\u00e9ret\u0171, bej\u00e1rhat\u00f3 install\u00e1ci\u00f3kat hoznak l\u00e9tre k\u00fcl\u00f6nb\u00f6z\u0151 elemek t\u00e9rbeli koll\u00e1zs\u00e1b\u00f3l. K\u00f6z\u00f6s munk\u00e1ikban k\u00fcl\u00f6nb\u00f6z\u0151 technik\u00e1kat \u00e9s anyagokat kombin\u00e1lnak, hogy l\u00e9trehozz\u00e1k metaforikusan n\u0151ies tereiket. A Verena Kaspar Eisert \u00e1ltal kur\u00e1lt, MQ Wien Szalon els\u0151 ki\u00e1ll\u00edt\u00e1sak\u00e9nt 2023-ban nagyszab\u00e1s\u00fa t\u00e1rlatot mutattak be, \u00e9s du\u00f3juk ugyanebben az \u00e9vben elnyerte az Esterh\u00e1zy Art Award-ot.<\/p>\t\t\t\t\t\t\t\t<\/div>\n\t\t\t\t<div class=\"elementor-element elementor-element-1c39f96 elementor-widget elementor-widget-button\" data-id=\"1c39f96\" data-element_type=\"widget\" data-e-type=\"widget\" data-widget_type=\"button.default\">\n\t\t\t\t\t\t\t\t\t\t<a class=\"elementor-button elementor-button-link elementor-size-sm elementor-animation-grow\" href=\"https:\/\/amprojects.hu\/en\/kortmann-jaray-katalin\/\">\n\t\t\t\t\t\t<span class=\"elementor-button-content-wrapper\">\n\t\t\t\t\t\t<span class=\"elementor-button-icon\">\n\t\t\t\t<svg aria-hidden=\"true\" class=\"e-font-icon-svg e-fas-angle-double-right\" viewbox=\"0 0 448 512\" xmlns=\"http:\/\/www.w3.org\/2000\/svg\"><path d=\"M224.3 273l-136 136c-9.4 9.4-24.6 9.4-33.9 0l-22.6-22.6c-9.4-9.4-9.4-24.6 0-33.9l96.4-96.4-96.4-96.4c-9.4-9.4-9.4-24.6 0-33.9L54.3 103c9.4-9.4 24.6-9.4 33.9 0l136 136c9.5 9.4 9.5 24.6.1 34zm192-34l-136-136c-9.4-9.4-24.6-9.4-33.9 0l-22.6 22.6c-9.4 9.4-9.4 24.6 0 33.9l96.4 96.4-96.4 96.4c-9.4 9.4-9.4 24.6 0 33.9l22.6 22.6c9.4 9.4 24.6 9.4 33.9 0l136-136c9.4-9.2 9.4-24.4 0-33.8z\"><\/path><\/svg>\t\t\t<\/span>\n\t\t\t\t\t\t\t\t\t<span class=\"elementor-button-text\">M\u0171alkot\u00e1sok<\/span>\n\t\t\t\t\t<\/span>\n\t\t\t\t\t<\/a>\n\t\t\t\t\t\t\t\t<\/div>\n\t\t\t\t<\/div>\n\t\t<div class=\"elementor-element elementor-element-2b33814 e-con-full e-flex wpr-particle-no wpr-jarallax-no wpr-parallax-no wpr-sticky-section-no e-con e-child\" data-id=\"2b33814\" data-element_type=\"container\" data-e-type=\"container\">\n\t\t\t\t<div class=\"elementor-element elementor-element-f279778 elementor-widget elementor-widget-text-editor\" data-id=\"f279778\" data-element_type=\"widget\" data-e-type=\"widget\" data-widget_type=\"text-editor.default\">\n\t\t\t\t\t\t\t\t\t<section class=\"elementor-section elementor-inner-section elementor-element elementor-element-5cb1cbd1 elementor-section-boxed elementor-section-height-default elementor-section-height-default\" data-id=\"5cb1cbd1\" data-element_type=\"section\"><div class=\"elementor-container elementor-column-gap-default\"><div class=\"elementor-column elementor-col-100 elementor-inner-column elementor-element elementor-element-67901ab3\" data-id=\"67901ab3\" data-element_type=\"column\"><div class=\"elementor-widget-wrap elementor-element-populated\"><div class=\"elementor-element elementor-element-304e04e5 elementor-widget elementor-widget-text-editor\" data-id=\"304e04e5\" data-element_type=\"widget\" data-widget_type=\"text-editor.default\"><div class=\"elementor-element elementor-element-d5a49a5 elementor-widget elementor-widget-text-editor\" data-id=\"d5a49a5\" data-element_type=\"widget\" data-widget_type=\"text-editor.default\"><h5 class=\"p1\">Katalin Kortmann-J\u00e1ray<\/h5><p class=\"p1\"><b>1986, Budapest<br \/><\/b><i>Budapesten \u00e9l \u00e9s alkot.<\/i><\/p><p class=\"p1\"><b>Tanulm\u00e1nyok<\/b><\/p><p class=\"p1\">2019\u2013 Doktori Iskola, Magyar K\u00e9pz\u0151m\u0171v\u00e9szeti Egyetem, Budapest<\/p><p class=\"p1\">2006\u20132012 K\u00e9pgrafika Szak, Magyar K\u00e9pz\u0151m\u0171v\u00e9szeti Egyetem, Budapest<\/p><p class=\"p1\">2011-2012 Akademie der Bildenden K\u00fcnste M\u00fcnchen, DE<\/p><p class=\"p1\"><b>D\u00edjak, \u00f6szt\u00f6nd\u00edjak<\/b><\/p><p class=\"p1\">2023<\/p><p class=\"p1\">Esterh\u00e1zy Art Award, Budapest,HU<\/p><p class=\"p1\">Visegrad Scholarship with SOPA Gallery, SL<\/p><p class=\"p1\">A Budapest Gal\u00e9ria \u00f6szt\u00f6nd\u00edj programja, Krems, AU<\/p><p class=\"p1\">Ludwig Scholarship by the Peter and Irene Ludwig Foundation, DE<\/p><p class=\"p1\">2021<\/p><p class=\"p1\">A Budapest Gal\u00e9ria \u00f6szt\u00f6nd\u00edj programja, Budapest, HU<\/p><p class=\"p1\">Walter Koschatzky Preis 21 (jel\u00f6lt), B\u00e9cs, AT<\/p><p class=\"p1\">2019<\/p><p class=\"p1\">Award of the International Willi M\u00fcnzenberg Forum, Berlin, DE<\/p><p class=\"p3\"><b>Installat\u00edv terek csoportos ki\u00e1ll\u00edt\u00e1sokon egy\u00fcttm\u0171k\u00f6d\u00e9sben Mendreczky Karin\u00e1val<\/b><\/p><p class=\"p1\"><b>2024<\/b><\/p><p class=\"p1\">Latent Science: Telepathy in the shadow, kur\u00e1tor: Iris Long, Hermit Space, Beijing, CN<\/p><p class=\"p1\">Tanulni a term\u00e9szett\u0151l? \u2013 Botanika, kur\u00e1torok: T\u00f6r\u00f6k Kriszti\u00e1n G\u00e1bor, S\u00fcli-Zakar Szabolcs, V\u00e9kony Dorottya, Hor\u00e1nyi Attila, MODEM, Debrecen, HU<\/p><p class=\"p1\">Villa dei Misteri, kur\u00e1tor: T\u00f3th Lili Rebeka, Etyeki bork\u00faria, Etyek, HU<\/p><p class=\"p1\">To the Bottom of the Goblet, Aqb Project Space, kur\u00e1tor: Jan Gajdusek-Meet Factory, Budapest, HU<\/p><p class=\"p1\">MALEFICAE, kur\u00e1torok: Koll\u00e1r Dalma Eszter, Hermann J\u00falia, Gad\u00f3 Fl\u00f3ra, Budapest Gallery, Budapest, HU<\/p><p class=\"p1\">Breaking the Frame, Esterhazy Art Award ki\u00e1ll\u00edt\u00e1s, kur\u00e1tor: Katharina Hoffmann, Esterh\u00e1zy Kast\u00e9y, Eisenstadt, AT<\/p><p class=\"p1\">Rian\u00e1s, k\u00fclt\u00e9ri install\u00e1ci\u00f3, szervez\u0151: Project 833, kur\u00e1tor: F\u00fcl\u00f6p T\u00edmea, Boszork\u00e1nysziget, Szeged, HU<\/p><p class=\"p1\">\u00c1tmeneti t\u00e1rgyak, \u00e1tmeneti t\u00e1jak, kur\u00e1tor: Maj Ajna, De\u00e1k Erika Gallery, Budapest, HU<\/p><p class=\"p1\"><b>2023<\/b><\/p><p class=\"p1\">Breaking the Frame Making Future, Esterhazy Art Award ki\u00e1ll\u00edt\u00e1s, kur\u00e1tor: Vitus Weh, Ludwig Museum, Budapest, HU<\/p><p class=\"p1\">Eternit, szervez\u0151: Project 833, kur\u00e1tor: Zsoldos Anna \u00e9s Seress Anna, Budapest, HU<\/p><p class=\"p1\"><b>V\u00e1logatott csoportos ki\u00e1ll\u00edt\u00e1sok<\/b><\/p><p class=\"p1\"><b>2024<\/b><\/p><p class=\"p1\">Big Bang. T\u00e1gul\u00f3 gy\u0171jtem\u00e9nyi horizontok, kur\u00e1tor: K\u00e9szman J\u00f3zsef, Ludwig M\u00fazeum, Budapest, HU<\/p><p class=\"p1\">N\u0151i Kv\u00f3ta 02, kur\u00e1tor: Szip\u0151cs Krisztina, Ludwig M\u00fazeum, Budapest, HU<\/p><p class=\"p1\">&#8222;Would you?&#8221;, kur\u00e1tor: Domenico de Chirico, FELIX, Budapest, HU<\/p><p class=\"p1\">Step by Step, kur\u00e1tor: Daniel H\u00fcttler, FKSE, Budapest, HU<\/p><p class=\"p1\">UNPETRIFIED, kur\u00e1tor: Lucia Gregorov\u00e1 Stach, Tomas Umrian Contemporary, Bratislava, SO<\/p><p class=\"p1\">6 qm, kur\u00e1tor: Ol\u00e1h Orsolya, Kollab by, Budapest, HU<\/p><p class=\"p1\">Prelude, curated by MAMA projects, New York, US<\/p><p class=\"p1\">Handle with Care, kur\u00e1tor: Popovics Vikt\u00f3ria-Museum Ludwig, Liszt Institute, Brussel, BE<\/p><p class=\"p1\"><b>2023<\/b><\/p><p class=\"p1\">Szigetek \u00e9s lehet\u0151s\u00e9geik, kur\u00e1torok: Salamon J\u00falia, Kicsiny Bal\u00e1zs, AQB Project Space, Budapest, HU<\/p><p class=\"p1\">The eco-theatrical shape-shifter \u2013 landscape as a political agitator, curated by Like a Little Disaster, Museum of Contemporary Art Pino Pascali, Polignano a Mare, IT<\/p><p class=\"p1\">Mediating Time and Charm, kur\u00e1tor: Zsikla M\u00f3nika, Q Contemporary, Budapest, HU<\/p><p class=\"p1\">Mondva Csin\u00e1lt Dolgok, kur\u00e1tor: Maj Ajna, Glassyard Gallery, Budapest, HU<\/p><p class=\"p1\">Parallel Edition, a Galerie Rudolf Leeb-bel, B\u00e9cs, AT<\/p><p class=\"p1\">An ideal meal, kur\u00e1torok: Henriette \u00e9s Viktor Seibert, Studio Hannibal, Berlin, DE<\/p><p class=\"p1\"><b>2022<\/b><\/p><p class=\"p1\">Maradjon k\u00f6zt\u00fcnk, kur\u00e1torok: Salamon J\u00falia, Czene M\u00e1rta, Magyar K\u00e9pz\u0151m\u0171v\u00e9szeti Egyetem Budapest HU<\/p><p class=\"p1\">Regresso, kur\u00e1torok: Petr\u00f3 Zsuzska, Vet\u0151 Orsolya Lia Vet\u0151, Tayler Patrick Nicholas, CHB, Berlin, DE<\/p><p class=\"p1\">Fair For Art Vienna 2021, Galerie Rudolf Leeb, B\u00e9cs, AT<\/p><p class=\"p1\">The Man Who Stepped in Paint, cur\u00e1tor. Harmati Kitti Klaudia, MKE Profil, Budapest, HU<\/p><p class=\"p1\"><b>2021<\/b><\/p><p class=\"p1\">A Better Time, They Say, 1111 Gallery, Budapest, HU<\/p><p class=\"p1\">A Whale of a Bad Time\/Spinning the Sticky Threads of Childhood Memories: From Cold War to Anthropocene conference, Sillye G\u00e1bor M\u0171vel\u0151d\u00e9si K\u00f6zpont \u00e9s K\u00f6z\u00f6ss\u00e9gi H\u00e1z, Hajd\u00fab\u00f6sz\u00f6rm\u00e9ny, HU<\/p><p class=\"p1\">Walter Koschatzky Preis 21 (nominated), B\u00e9cs, AT<\/p><p class=\"p1\">Fireworks, kur\u00e1tor: Bubla \u00c9va, Placcc Fesztiv\u00e1l 2021, Budapest, HU<\/p><p class=\"p1\">Maradand\u00f3 Marad\u00e9k, kur\u00e1tor: Maj Ajna, FKSE, Budapest, HU<\/p><p class=\"p1\"><b>2020<\/b><\/p><p class=\"p1\">A gonosz b\u00e1lna, kur\u00e1tor: K\u00f3kai Zs\u00f3fia, ISBN, Budapest, HU<\/p><p class=\"p1\"><b>2019<\/b><\/p><p class=\"p1\">Oft die Zukunft ist schon da, ehe wir ihr gewachsen sind, Internationales Willi M\u00fcnzenberg Forum, Berlin, DE<\/p><p class=\"p1\">Marianne Eml\u00e9kk\u00f6nyv\u00e9be, kur\u00e1tor: Istv\u00e1nk\u00f3 Bea, PINCE, Budapest, HU<\/p><p class=\"p1\"><b>2018<\/b><\/p><p class=\"p1\">Tokyo International Mini-Print Triennial, Tama Art University, Tokyo, JP<\/p><p class=\"p1\">Heise Kunstpreis Dessau, Autohaus Heise, Dessau, DE<\/p><p class=\"p1\">The 5th International Graphic Art Biennial of Szeklerland, RO<\/p><p class=\"p1\"><b>2017<\/b><\/p><p class=\"p1\">Opdagelser 2017, Gallery Heike Arndt Dk, Kettinge, DK<\/p><p class=\"p1\">Magic mirror in my hand\u2026, Outdoor installation with E\u00d6S project, B\u00e9cs, AT<\/p><p class=\"p1\">Fresh Legs, Gallery Heike Arndt Dk, Berlin, DE<\/p><p class=\"p1\"><b>2016<\/b><\/p><p class=\"p1\">Heartfield und Grosz, Montage_16, FMP1, Berlin, DE<\/p><p class=\"p1\">Fundamental, The 5. Mediations Biennale, CK Zamek, Poznan, PL<\/p><p class=\"p1\">Art Lab Kettinge, Gallery Heike Arndt DK, Kettinge, DK<\/p><p class=\"p1\">In Vielfalt, Prize and Exhibiton, Eggenstein-Leopoldhafen, DE<\/p><p class=\"p1\"><b>2015<\/b><\/p><p class=\"p1\">Unsere Leben w\u00e4ren alle ganz anders verlaufen\u2026, Gallery2, Auguststrasse, Berlin, DE<\/p><p class=\"p1\"><b>2013<\/b><\/p><p class=\"p1\">18 qm, Berlin, Art residency-collaboration, Berlin, DE<\/p><p class=\"p1\">Soundscape Festival, Cres, Landart Week, Osor, HR<\/p><p class=\"p1\">EatLandManArt, Landart Week, Boxtel, Landart Week, Boxtel, NL<\/p><p class=\"p1\"><b>2012<\/b><\/p><p class=\"p1\">Best of Diploma, Magyar K\u00e9pz\u0151m\u0171v\u00e9szeti Egyetem, Budapest, HU<\/p><p class=\"p1\"><b>Tags\u00e1gok<\/b><\/p><p class=\"p1\">2019 &#8211; Fiatal K\u00e9pz\u0151m\u0171v\u00e9szek St\u00fadi\u00f3ja Egyes\u00fclet, Budapest, HU<\/p><p class=\"p1\"><b>Munk\u00e1k int\u00e9zm\u00e9nyi gy\u0171jtem\u00e9nyekben <\/b><\/p><p class=\"p1\">Ludwig M\u00fazeum, Budapest, HU<\/p><p class=\"p1\">MODEM, Debrecen, HU<\/p><p class=\"p1\">Tama Art University Graphic Collection, Tokyo, JP<\/p><\/div><\/div><\/div><\/div><\/div><\/section>\t\t\t\t\t\t\t\t<\/div>\n\t\t\t\t<\/div>\n\t\t\t\t\t<\/div>\n\t\t\t\t<\/div>\n\t\t\t\t<\/div>","protected":false},"excerpt":{"rendered":"<p>Kortmann-J\u00e1ray Katalin &amp; Mendreczky Karina Kortmann-J\u00e1ray Katalin (1986, Budapest, Budapesten \u00e9l \u00e9s dolgozik) \u00e9s Mendreczky Karina (1988, Budapest, B\u00e9csben \u00e9s Budapesten \u00e9l \u00e9s dolgozik) m\u0171v\u00e9szp\u00e1ros\u00e1nak munk\u00e1i a kult\u00fara \u00e9s az aktu\u00e1lis k\u00f6rnyezeti hat\u00e1sok emberi \u00e9rz\u00e9kel\u00e9sre gyakorolt hat\u00e1s\u00e1t vizsg\u00e1lj\u00e1k. Az \u00f6kol\u00f3giai v\u00e1ls\u00e1gban gy\u00f6kerez\u0151 \u00e9s az ut\u00f3bbi id\u0151ben egyre ink\u00e1bb el\u0151t\u00e9rbe ker\u00fcl\u0151 animisztikus szeml\u00e9leten kereszt\u00fcl olyan t\u00e1jakon \u00e9s bej\u00e1rhat\u00f3 d\u00edszletekon kereszt\u00fcl hozz\u00e1k l\u00e9tre t\u00f6rt\u00e9neteiket, amelyekben \u00f6sszefon\u00f3dik a mes\u00e9k, az eml\u00e9kezet, a kv\u00e1zi-vall\u00e1si mot\u00edvumok \u00e9s a miszticizmus szimbolik\u00e1ja. Kortmann-J\u00e1ray \u00e9s Mendreczky 2019 \u00f3ta dolgozik szorosan egy\u00fctt. Nagym\u00e9ret\u0171, bej\u00e1rhat\u00f3 install\u00e1ci\u00f3kat hoznak l\u00e9tre k\u00fcl\u00f6nb\u00f6z\u0151 elemek t\u00e9rbeli koll\u00e1zs\u00e1b\u00f3l. K\u00f6z\u00f6s munk\u00e1ikban k\u00fcl\u00f6nb\u00f6z\u0151 technik\u00e1kat \u00e9s anyagokat kombin\u00e1lnak, hogy l\u00e9trehozz\u00e1k metaforikusan n\u0151ies tereiket. A Verena Kaspar Eisert \u00e1ltal kur\u00e1lt, MQ Wien Szalon els\u0151 ki\u00e1ll\u00edt\u00e1sak\u00e9nt 2023-ban nagyszab\u00e1s\u00fa t\u00e1rlatot mutattak be, \u00e9s du\u00f3juk ugyanebben az \u00e9vben elnyerte az Esterh\u00e1zy Art Award-ot. M\u0171alkot\u00e1sok Katalin Kortmann-J\u00e1ray 1986, BudapestBudapesten \u00e9l \u00e9s alkot. Tanulm\u00e1nyok 2019\u2013 Doktori Iskola, Magyar K\u00e9pz\u0151m\u0171v\u00e9szeti Egyetem, Budapest 2006\u20132012 K\u00e9pgrafika Szak, Magyar K\u00e9pz\u0151m\u0171v\u00e9szeti Egyetem, Budapest 2011-2012 Akademie der Bildenden K\u00fcnste M\u00fcnchen, DE D\u00edjak, \u00f6szt\u00f6nd\u00edjak 2023 Esterh\u00e1zy Art Award, Budapest,HU Visegrad Scholarship with SOPA Gallery, SL A Budapest Gal\u00e9ria \u00f6szt\u00f6nd\u00edj programja, Krems, AU Ludwig Scholarship by the Peter and Irene Ludwig Foundation, DE 2021 A Budapest Gal\u00e9ria \u00f6szt\u00f6nd\u00edj programja, Budapest, HU Walter Koschatzky Preis 21 (jel\u00f6lt), B\u00e9cs, AT 2019 Award of the International Willi M\u00fcnzenberg Forum, Berlin, DE Installat\u00edv terek csoportos ki\u00e1ll\u00edt\u00e1sokon egy\u00fcttm\u0171k\u00f6d\u00e9sben Mendreczky Karin\u00e1val 2024 Latent Science: Telepathy in the shadow, kur\u00e1tor: Iris Long, Hermit Space, Beijing, CN Tanulni a term\u00e9szett\u0151l? \u2013 Botanika, kur\u00e1torok: T\u00f6r\u00f6k Kriszti\u00e1n G\u00e1bor, S\u00fcli-Zakar Szabolcs, V\u00e9kony Dorottya, Hor\u00e1nyi Attila, MODEM, Debrecen, HU Villa dei Misteri, kur\u00e1tor: T\u00f3th Lili Rebeka, Etyeki bork\u00faria, Etyek, HU To the Bottom of the Goblet, Aqb Project Space, kur\u00e1tor: Jan Gajdusek-Meet Factory, Budapest, HU MALEFICAE, kur\u00e1torok: Koll\u00e1r Dalma Eszter, Hermann J\u00falia, Gad\u00f3 Fl\u00f3ra, Budapest Gallery, Budapest, HU Breaking the Frame, Esterhazy Art Award ki\u00e1ll\u00edt\u00e1s, kur\u00e1tor: Katharina Hoffmann, Esterh\u00e1zy Kast\u00e9y, Eisenstadt, AT Rian\u00e1s, k\u00fclt\u00e9ri install\u00e1ci\u00f3, szervez\u0151: Project 833, kur\u00e1tor: F\u00fcl\u00f6p T\u00edmea, Boszork\u00e1nysziget, Szeged, HU \u00c1tmeneti t\u00e1rgyak, \u00e1tmeneti t\u00e1jak, kur\u00e1tor: Maj Ajna, De\u00e1k Erika Gallery, Budapest, HU 2023 Breaking the Frame Making Future, Esterhazy Art Award ki\u00e1ll\u00edt\u00e1s, kur\u00e1tor: Vitus Weh, Ludwig Museum, Budapest, HU Eternit, szervez\u0151: Project 833, kur\u00e1tor: Zsoldos Anna \u00e9s Seress Anna, Budapest, HU V\u00e1logatott csoportos ki\u00e1ll\u00edt\u00e1sok 2024 Big Bang. T\u00e1gul\u00f3 gy\u0171jtem\u00e9nyi horizontok, kur\u00e1tor: K\u00e9szman J\u00f3zsef, Ludwig M\u00fazeum, Budapest, HU N\u0151i Kv\u00f3ta 02, kur\u00e1tor: Szip\u0151cs Krisztina, Ludwig M\u00fazeum, Budapest, HU &#8222;Would you?&#8221;, kur\u00e1tor: Domenico de Chirico, FELIX, Budapest, HU Step by Step, kur\u00e1tor: Daniel H\u00fcttler, FKSE, Budapest, HU UNPETRIFIED, kur\u00e1tor: Lucia Gregorov\u00e1 Stach, Tomas Umrian Contemporary, Bratislava, SO 6 qm, kur\u00e1tor: Ol\u00e1h Orsolya, Kollab by, Budapest, HU Prelude, curated by MAMA projects, New York, US Handle with Care, kur\u00e1tor: Popovics Vikt\u00f3ria-Museum Ludwig, Liszt Institute, Brussel, BE 2023 Szigetek \u00e9s lehet\u0151s\u00e9geik, kur\u00e1torok: Salamon J\u00falia, Kicsiny Bal\u00e1zs, AQB Project Space, Budapest, HU The eco-theatrical shape-shifter \u2013 landscape as a political agitator, curated by Like a Little Disaster, Museum of Contemporary Art Pino Pascali, Polignano a Mare, IT Mediating Time and Charm, kur\u00e1tor: Zsikla M\u00f3nika, Q Contemporary, Budapest, HU Mondva Csin\u00e1lt Dolgok, kur\u00e1tor: Maj Ajna, Glassyard Gallery, Budapest, HU Parallel Edition, a Galerie Rudolf Leeb-bel, B\u00e9cs, AT An ideal meal, kur\u00e1torok: Henriette \u00e9s Viktor Seibert, Studio Hannibal, Berlin, DE 2022 Maradjon k\u00f6zt\u00fcnk, kur\u00e1torok: Salamon J\u00falia, Czene M\u00e1rta, Magyar K\u00e9pz\u0151m\u0171v\u00e9szeti Egyetem Budapest HU Regresso, kur\u00e1torok: Petr\u00f3 Zsuzska, Vet\u0151 Orsolya Lia Vet\u0151, Tayler Patrick Nicholas, CHB, Berlin, DE Fair For Art Vienna 2021, Galerie Rudolf Leeb, B\u00e9cs, AT The Man Who Stepped in Paint, cur\u00e1tor. Harmati Kitti Klaudia, MKE Profil, Budapest, HU 2021 A Better Time, They Say, 1111 Gallery, Budapest, HU A Whale of a Bad Time\/Spinning the Sticky Threads of Childhood Memories: From Cold War to Anthropocene conference, Sillye G\u00e1bor M\u0171vel\u0151d\u00e9si K\u00f6zpont \u00e9s K\u00f6z\u00f6ss\u00e9gi H\u00e1z, Hajd\u00fab\u00f6sz\u00f6rm\u00e9ny, HU Walter Koschatzky Preis 21 (nominated), B\u00e9cs, AT Fireworks, kur\u00e1tor: Bubla \u00c9va, Placcc Fesztiv\u00e1l 2021, Budapest, HU Maradand\u00f3 Marad\u00e9k, kur\u00e1tor: Maj Ajna, FKSE, Budapest, HU 2020 A gonosz b\u00e1lna, kur\u00e1tor: K\u00f3kai Zs\u00f3fia, ISBN, Budapest, HU 2019 Oft die Zukunft ist schon da, ehe wir ihr gewachsen sind, Internationales Willi M\u00fcnzenberg Forum, Berlin, DE Marianne Eml\u00e9kk\u00f6nyv\u00e9be, kur\u00e1tor: Istv\u00e1nk\u00f3 Bea, PINCE, Budapest, HU 2018 Tokyo International Mini-Print Triennial, Tama Art University, Tokyo, JP Heise Kunstpreis Dessau, Autohaus Heise, Dessau, DE The 5th International Graphic Art Biennial of Szeklerland, RO 2017 Opdagelser 2017, Gallery Heike Arndt Dk, Kettinge, DK Magic mirror in my hand\u2026, Outdoor installation with E\u00d6S project, B\u00e9cs, AT Fresh Legs, Gallery Heike Arndt Dk, Berlin, DE 2016 Heartfield und Grosz, Montage_16, FMP1, Berlin, DE Fundamental, The 5. Mediations Biennale, CK Zamek, Poznan, PL Art Lab Kettinge, Gallery Heike Arndt DK, Kettinge, DK In Vielfalt, Prize and Exhibiton, Eggenstein-Leopoldhafen, DE 2015 Unsere Leben w\u00e4ren alle ganz anders verlaufen\u2026, Gallery2, Auguststrasse, Berlin, DE 2013 18 qm, Berlin, Art residency-collaboration, Berlin, DE Soundscape Festival, Cres, Landart Week, Osor, HR EatLandManArt, Landart Week, Boxtel, Landart Week, Boxtel, NL 2012 Best of Diploma, Magyar K\u00e9pz\u0151m\u0171v\u00e9szeti Egyetem, Budapest, HU Tags\u00e1gok 2019 &#8211; Fiatal K\u00e9pz\u0151m\u0171v\u00e9szek St\u00fadi\u00f3ja Egyes\u00fclet, Budapest, HU Munk\u00e1k int\u00e9zm\u00e9nyi gy\u0171jtem\u00e9nyekben Ludwig M\u00fazeum, Budapest, HU MODEM, Debrecen, HU Tama Art University Graphic Collection, Tokyo, JP<\/p>","protected":false},"author":1,"featured_media":0,"parent":0,"menu_order":0,"comment_status":"closed","ping_status":"closed","template":"","meta":{"footnotes":""},"class_list":["post-2301","page","type-page","status-publish","hentry"],"_links":{"self":[{"href":"https:\/\/amprojects.hu\/en\/wp-json\/wp\/v2\/pages\/2301","targetHints":{"allow":["GET"]}}],"collection":[{"href":"https:\/\/amprojects.hu\/en\/wp-json\/wp\/v2\/pages"}],"about":[{"href":"https:\/\/amprojects.hu\/en\/wp-json\/wp\/v2\/types\/page"}],"author":[{"embeddable":true,"href":"https:\/\/amprojects.hu\/en\/wp-json\/wp\/v2\/users\/1"}],"replies":[{"embeddable":true,"href":"https:\/\/amprojects.hu\/en\/wp-json\/wp\/v2\/comments?post=2301"}],"version-history":[{"count":9,"href":"https:\/\/amprojects.hu\/en\/wp-json\/wp\/v2\/pages\/2301\/revisions"}],"predecessor-version":[{"id":3086,"href":"https:\/\/amprojects.hu\/en\/wp-json\/wp\/v2\/pages\/2301\/revisions\/3086"}],"wp:attachment":[{"href":"https:\/\/amprojects.hu\/en\/wp-json\/wp\/v2\/media?parent=2301"}],"curies":[{"name":"wp","href":"https:\/\/api.w.org\/{rel}","templated":true}]}}