{"id":2316,"date":"2025-11-28T13:05:29","date_gmt":"2025-11-28T13:05:29","guid":{"rendered":"https:\/\/amprojects.hu\/?page_id=2316"},"modified":"2025-11-28T13:18:49","modified_gmt":"2025-11-28T13:18:49","slug":"mendreczky-karina-eletrajz","status":"publish","type":"page","link":"https:\/\/amprojects.hu\/en\/mendreczky-karina-eletrajz\/","title":{"rendered":"Karina Mendreczky biography"},"content":{"rendered":"<div data-elementor-type=\"wp-page\" data-elementor-id=\"2316\" class=\"elementor elementor-2316\" data-elementor-post-type=\"page\">\n\t\t\t\t<div class=\"elementor-element elementor-element-9f47843 e-flex e-con-boxed wpr-particle-no wpr-jarallax-no wpr-parallax-no wpr-sticky-section-no e-con e-parent\" data-id=\"9f47843\" data-element_type=\"container\" data-e-type=\"container\" data-settings=\"{&quot;background_background&quot;:&quot;classic&quot;}\">\n\t\t\t\t\t<div class=\"e-con-inner\">\n\t\t<div class=\"elementor-element elementor-element-7279897 e-con-full e-flex wpr-particle-no wpr-jarallax-no wpr-parallax-no wpr-sticky-section-no e-con e-child\" data-id=\"7279897\" data-element_type=\"container\" data-e-type=\"container\">\n\t\t\t\t<div class=\"elementor-element elementor-element-7c5d752 elementor-widget elementor-widget-image\" data-id=\"7c5d752\" data-element_type=\"widget\" data-e-type=\"widget\" data-widget_type=\"image.default\">\n\t\t\t\t\t\t\t\t\t\t\t\t\t\t\t<img fetchpriority=\"high\" decoding=\"async\" width=\"960\" height=\"639\" src=\"https:\/\/amprojects.hu\/wp-content\/uploads\/2025\/11\/d931fd7ea72e435d9be39cb90e718ef7-1024x682.jpg\" class=\"attachment-large size-large wp-image-2303\" alt=\"\" srcset=\"https:\/\/amprojects.hu\/wp-content\/uploads\/2025\/11\/d931fd7ea72e435d9be39cb90e718ef7-1024x682.jpg 1024w, https:\/\/amprojects.hu\/wp-content\/uploads\/2025\/11\/d931fd7ea72e435d9be39cb90e718ef7-600x400.jpg 600w, https:\/\/amprojects.hu\/wp-content\/uploads\/2025\/11\/d931fd7ea72e435d9be39cb90e718ef7-300x200.jpg 300w, https:\/\/amprojects.hu\/wp-content\/uploads\/2025\/11\/d931fd7ea72e435d9be39cb90e718ef7-768x511.jpg 768w, https:\/\/amprojects.hu\/wp-content\/uploads\/2025\/11\/d931fd7ea72e435d9be39cb90e718ef7.jpg 1200w\" sizes=\"(max-width: 960px) 100vw, 960px\" \/>\t\t\t\t\t\t\t\t\t\t\t\t\t\t\t<\/div>\n\t\t\t\t<div class=\"elementor-element elementor-element-b087a97 elementor-widget__width-inherit elementor-widget elementor-widget-heading\" data-id=\"b087a97\" data-element_type=\"widget\" data-e-type=\"widget\" data-widget_type=\"heading.default\">\n\t\t\t\t\t<h2 class=\"elementor-heading-title elementor-size-default\">Kortmann-J\u00e1ray Katalin &amp; Mendreczky Karina<\/h2>\t\t\t\t<\/div>\n\t\t\t\t<div class=\"elementor-element elementor-element-e95e144 elementor-widget elementor-widget-text-editor\" data-id=\"e95e144\" data-element_type=\"widget\" data-e-type=\"widget\" data-widget_type=\"text-editor.default\">\n\t\t\t\t\t\t\t\t\t<p>Kortmann-J\u00e1ray Katalin (1986, Budapest, Budapesten \u00e9l \u00e9s dolgozik) \u00e9s Mendreczky Karina (1988, Budapest, B\u00e9csben \u00e9s Budapesten \u00e9l \u00e9s dolgozik) m\u0171v\u00e9szp\u00e1ros\u00e1nak munk\u00e1i a kult\u00fara \u00e9s az aktu\u00e1lis k\u00f6rnyezeti hat\u00e1sok emberi \u00e9rz\u00e9kel\u00e9sre gyakorolt hat\u00e1s\u00e1t vizsg\u00e1lj\u00e1k. Az \u00f6kol\u00f3giai v\u00e1ls\u00e1gban gy\u00f6kerez\u0151 \u00e9s az ut\u00f3bbi id\u0151ben egyre ink\u00e1bb el\u0151t\u00e9rbe ker\u00fcl\u0151 animisztikus szeml\u00e9leten kereszt\u00fcl olyan t\u00e1jakon \u00e9s bej\u00e1rhat\u00f3 d\u00edszletekon kereszt\u00fcl hozz\u00e1k l\u00e9tre t\u00f6rt\u00e9neteiket, amelyekben \u00f6sszefon\u00f3dik a mes\u00e9k, az eml\u00e9kezet, a kv\u00e1zi-vall\u00e1si mot\u00edvumok \u00e9s a miszticizmus szimbolik\u00e1ja. Kortmann-J\u00e1ray \u00e9s Mendreczky 2019 \u00f3ta dolgozik szorosan egy\u00fctt. Nagym\u00e9ret\u0171, bej\u00e1rhat\u00f3 install\u00e1ci\u00f3kat hoznak l\u00e9tre k\u00fcl\u00f6nb\u00f6z\u0151 elemek t\u00e9rbeli koll\u00e1zs\u00e1b\u00f3l. K\u00f6z\u00f6s munk\u00e1ikban k\u00fcl\u00f6nb\u00f6z\u0151 technik\u00e1kat \u00e9s anyagokat kombin\u00e1lnak, hogy l\u00e9trehozz\u00e1k metaforikusan n\u0151ies tereiket. A Verena Kaspar Eisert \u00e1ltal kur\u00e1lt, MQ Wien Szalon els\u0151 ki\u00e1ll\u00edt\u00e1sak\u00e9nt 2023-ban nagyszab\u00e1s\u00fa t\u00e1rlatot mutattak be, \u00e9s du\u00f3juk ugyanebben az \u00e9vben elnyerte az Esterh\u00e1zy Art Award-ot.<\/p>\t\t\t\t\t\t\t\t<\/div>\n\t\t\t\t<div class=\"elementor-element elementor-element-cdfdd72 elementor-widget elementor-widget-button\" data-id=\"cdfdd72\" data-element_type=\"widget\" data-e-type=\"widget\" data-widget_type=\"button.default\">\n\t\t\t\t\t\t\t\t\t\t<a class=\"elementor-button elementor-button-link elementor-size-sm elementor-animation-grow\" href=\"https:\/\/amprojects.hu\/en\/kortmann-jaray-katalin\/\">\n\t\t\t\t\t\t<span class=\"elementor-button-content-wrapper\">\n\t\t\t\t\t\t<span class=\"elementor-button-icon\">\n\t\t\t\t<svg aria-hidden=\"true\" class=\"e-font-icon-svg e-fas-angle-double-right\" viewbox=\"0 0 448 512\" xmlns=\"http:\/\/www.w3.org\/2000\/svg\"><path d=\"M224.3 273l-136 136c-9.4 9.4-24.6 9.4-33.9 0l-22.6-22.6c-9.4-9.4-9.4-24.6 0-33.9l96.4-96.4-96.4-96.4c-9.4-9.4-9.4-24.6 0-33.9L54.3 103c9.4-9.4 24.6-9.4 33.9 0l136 136c9.5 9.4 9.5 24.6.1 34zm192-34l-136-136c-9.4-9.4-24.6-9.4-33.9 0l-22.6 22.6c-9.4 9.4-9.4 24.6 0 33.9l96.4 96.4-96.4 96.4c-9.4 9.4-9.4 24.6 0 33.9l22.6 22.6c9.4 9.4 24.6 9.4 33.9 0l136-136c9.4-9.2 9.4-24.4 0-33.8z\"><\/path><\/svg>\t\t\t<\/span>\n\t\t\t\t\t\t\t\t\t<span class=\"elementor-button-text\">M\u0171alkot\u00e1sok<\/span>\n\t\t\t\t\t<\/span>\n\t\t\t\t\t<\/a>\n\t\t\t\t\t\t\t\t<\/div>\n\t\t\t\t<\/div>\n\t\t<div class=\"elementor-element elementor-element-a2be430 e-con-full e-flex wpr-particle-no wpr-jarallax-no wpr-parallax-no wpr-sticky-section-no e-con e-child\" data-id=\"a2be430\" data-element_type=\"container\" data-e-type=\"container\">\n\t\t\t\t<div class=\"elementor-element elementor-element-4a01944 elementor-widget elementor-widget-text-editor\" data-id=\"4a01944\" data-element_type=\"widget\" data-e-type=\"widget\" data-widget_type=\"text-editor.default\">\n\t\t\t\t\t\t\t\t\t<section class=\"elementor-section elementor-inner-section elementor-element elementor-element-5cb1cbd1 elementor-section-boxed elementor-section-height-default elementor-section-height-default\" data-id=\"5cb1cbd1\" data-element_type=\"section\">\n<div class=\"elementor-container elementor-column-gap-default\">\n<div class=\"elementor-column elementor-col-100 elementor-inner-column elementor-element elementor-element-67901ab3\" data-id=\"67901ab3\" data-element_type=\"column\">\n<div class=\"elementor-widget-wrap elementor-element-populated\">\n<div class=\"elementor-element elementor-element-304e04e5 elementor-widget elementor-widget-text-editor\" data-id=\"304e04e5\" data-element_type=\"widget\" data-widget_type=\"text-editor.default\">\n<div class=\"elementor-element elementor-element-d5a49a5 elementor-widget elementor-widget-text-editor\" data-id=\"d5a49a5\" data-element_type=\"widget\" data-widget_type=\"text-editor.default\">\n<div class=\"elementor-element elementor-element-d5a49a5 elementor-widget elementor-widget-text-editor\" data-id=\"d5a49a5\" data-element_type=\"widget\" data-widget_type=\"text-editor.default\">\n<h5>Karina Mendreczky<\/h5>\n<p>1988, Budapest<br>B\u00e9csben \u00e9s Budapesten \u00e9l \u00e9s alkot.<\/p>\n<\/div>\n<div class=\"elementor-element elementor-element-4c14cf4 elementor-widget elementor-widget-text-editor\" data-id=\"4c14cf4\" data-element_type=\"widget\" data-widget_type=\"text-editor.default\">\n<p><strong>Tanulm\u00e1nyok<\/strong><\/p>\n<p><b>2009\u20132015<br><\/b><span style=\"font-size: 1rem;\">Universit\u00e4t f\u00fcr angewandte Kunst, Bildende und Mediale Kunst, Grafik und Druckgrafik (Prof. Jan Svenungsson), Vienna, AT<\/span><\/p>\n<p><b>2014\u20132015<br><\/b><span style=\"font-size: 1rem;\">University of the Arts London, Printmaking and Time-based Media, London, UK<\/span><\/p>\n<\/div>\n<div class=\"elementor-element elementor-element-5895333 elementor-widget elementor-widget-text-editor\" data-id=\"5895333\" data-element_type=\"widget\" data-widget_type=\"text-editor.default\">\n<p><b>V\u00e1logatott ki\u00e1ll\u00edt\u00e1sok Kortmann-J\u00e1ray Katalinnal<\/b><\/p>\n<p><b>2023<br><\/b><span style=\"font-size: 1rem;\">Install\u00e1ci\u00f3 az Esterh\u00e1zy Art Award ki\u00e1ll\u00edt\u00e1s\u00e1n, kir\u00e1lta: Vitus Weh, Ludwig Museum, Budapest, HU<\/span><\/p>\n<p>Oasis, Q21 Salon, kur\u00e1lta: Verena Kaspar-Eisert, Vienna, AT<\/p>\n<p><b>2022<br><\/b><span style=\"font-size: 1rem;\">Buzz, Studio Gallery\/SYAA, Budapest, HU<br><\/span><span style=\"font-size: 1rem;\">People Look Like Flowers at Last, Parallel Vienna 2022, Vienna, AT<\/span><\/p>\n<\/div>\n<div class=\"elementor-element elementor-element-f91b262 elementor-widget elementor-widget-text-editor\" data-id=\"f91b262\" data-element_type=\"widget\" data-widget_type=\"text-editor.default\">\n<p><b>V\u00e1logatott csoportos ki\u00e1ll\u00edt\u00e1sok, bienn\u00e1l\u00e9k \u00e9s v\u00e1s\u00e1rok<\/b><\/p>\n<p><b>2023&nbsp;<br><\/b><span style=\"font-size: 1rem;\">Verwobene Texturen. Zeitgen\u00f6ssische Textilkunst aus Deutschland und Ungarn, CHB, Berlin, DE<\/span><\/p>\n<p>Parallel Edition, Gallery Rudolf Leeb, Neuer Wiener Kunstverein, Vienna, AT<\/p>\n<p>Transitional objects, transitional landscapes, kur\u00e1lta: Maj Maj, De\u00e1k Erika Gal\u00e9ria, Budapest, HU<\/p>\n<p><b>2022&nbsp;<br><\/b><span style=\"font-size: 1rem;\">Sz\u00e9kelyf\u00f6ldi Grafikai Bienn\u00e1l\u00e9 2022, RO&nbsp;<\/span><\/p>\n<p>Body and Nature, Showroom 05, Vienna, AT<\/p>\n<p>Dear Martha turn around, k\u00f6z\u00f6s ki\u00e1ll\u00edt\u00e1s Emma Klinggel, NEW NOW Frankfurt, Frankfurt am Main, DE<\/p>\n<p>\u00dcnnep, Studio Gallery\/SYAA, Budapest, HU<\/p>\n<p>Parallel Edition, Gallery Rudolf Leeb, Sempere Depot, Vienna, AT<\/p>\n<p>Auf der Suche nach einem kulturellen Attraktor, Mauve, Vienna, AT<\/p>\n<p><b>2021<br><\/b><span style=\"font-size: 1rem;\">A Better Time, They Say, 1111 Gallery, Budapest, HU<\/span><\/p>\n<p>A Whale of a Bad Time\/Spinning the Sticky Threads of Childhood Memories: From Cold War to Anthropoce konferencia, G\u00e1bor Sillye Cultur House, Hajd\u00fab\u00f6sz\u00f6rm\u00e9ny, HU<\/p>\n<p>Fair For Art Vienna 2021, Galerie Rudolf Leeb, Vienna, AT<\/p>\n<p>Walter Koschatzky Preis 21 (jel\u00f6lve), Vienna, AT<\/p>\n<p>Permanent residual, kur\u00e1lta: Maj Ajna, SYAA, Budapest, HU<\/p>\n<p><b>2020<br><\/b><span style=\"font-size: 1rem;\">Bea, Eva, Magda, \u00f6n\u00e1ll\u00f3 ki\u00e1ll\u00edt\u00e1s, Galerie Rudolf Leeb, Vienna, AT<\/span><\/p>\n<p>A Whale of a Bad Time, curated by Zs\u00f3fi K\u00f3kai, ISBN Books and Gallery, Budapest, HU<\/p>\n<p>Stand by, Galerie Rudolf Leeb, Vienna, AT<\/p>\n<p><b>2019&nbsp;<br><\/b><span style=\"font-size: 1rem;\">Vienna Art Book Fair #1 with Druckwerk Wien, Vienna, AT<\/span><\/p>\n<p>Awakening \/ Soft tools for self-expression and social disobedience, kur\u00e1lta: Patrycja Rup (PL), FERi Gallery, Budapest, HU<\/p>\n<p>FEMALE \u2013 lebt und arbeitet in Wien, kur\u00e1lta: Veronika Rudorfer, Galerie Rudolf Leeb, Vienna, AT<\/p>\n<p>Marianne eml\u00e9kk\u00f6nyv\u00e9be, kur\u00e1lta: Istv\u00e1nk\u00f3 Bea, PINCE, Budapest, HU<\/p>\n<\/div>\n<div class=\"elementor-element elementor-element-49b0efd elementor-widget elementor-widget-text-editor\" data-id=\"49b0efd\" data-element_type=\"widget\" data-widget_type=\"text-editor.default\">\n<p><strong>D\u00edjak<\/strong><\/p>\n<p><b>2023&nbsp;<br><\/b><span style=\"font-size: 1rem;\">Esterh\u00e1zy Art Award, Kortmann-J\u00e1ray Katalinnal, Budapest, HU<\/span><\/p>\n<p><b>2021&nbsp;<br><\/b><span style=\"font-size: 1rem;\">Walter Koschatzky Preis 21 (jel\u00f6lve), Vienna, AT<\/span><\/p>\n<p><b>2015&nbsp;<br><\/b><span style=\"font-size: 1rem;\">Preis der Kunsthalle Wien, AT<\/span><\/p>\n<p><b>2015&nbsp;<br><\/b><span style=\"font-size: 1rem;\">Nature Reloaded \u2013 New view on nature, \u00d6sterreich Werbung, 3. Preis, AT<\/span><\/p>\n<\/div>\n<div class=\"elementor-element elementor-element-d0cb570 elementor-widget elementor-widget-text-editor\" data-id=\"d0cb570\" data-element_type=\"widget\" data-widget_type=\"text-editor.default\">\n<p><b>Tags\u00e1gok<\/b><\/p>\n<p><b>2022&nbsp;<br><\/b><span style=\"font-size: 1rem;\">Studio Gallery\/SYAA, Budapest, HU&nbsp;<\/span><\/p>\n<p><b>2020<br><\/b><span style=\"font-size: 1rem;\">Bildrecht, Vienna, AT<\/span><\/p>\n<\/div>\n<\/div>\n<\/div>\n<\/div>\n<\/div>\n<\/div>\n<\/section>\t\t\t\t\t\t\t\t<\/div>\n\t\t\t\t<\/div>\n\t\t\t\t\t<\/div>\n\t\t\t\t<\/div>\n\t\t\t\t<\/div>","protected":false},"excerpt":{"rendered":"<p>Kortmann-J\u00e1ray Katalin &amp; Mendreczky Karina Kortmann-J\u00e1ray Katalin (1986, Budapest, Budapesten \u00e9l \u00e9s dolgozik) \u00e9s Mendreczky Karina (1988, Budapest, B\u00e9csben \u00e9s Budapesten \u00e9l \u00e9s dolgozik) m\u0171v\u00e9szp\u00e1ros\u00e1nak munk\u00e1i a kult\u00fara \u00e9s az aktu\u00e1lis k\u00f6rnyezeti hat\u00e1sok emberi \u00e9rz\u00e9kel\u00e9sre gyakorolt hat\u00e1s\u00e1t vizsg\u00e1lj\u00e1k. Az \u00f6kol\u00f3giai v\u00e1ls\u00e1gban gy\u00f6kerez\u0151 \u00e9s az ut\u00f3bbi id\u0151ben egyre ink\u00e1bb el\u0151t\u00e9rbe ker\u00fcl\u0151 animisztikus szeml\u00e9leten kereszt\u00fcl olyan t\u00e1jakon \u00e9s bej\u00e1rhat\u00f3 d\u00edszletekon kereszt\u00fcl hozz\u00e1k l\u00e9tre t\u00f6rt\u00e9neteiket, amelyekben \u00f6sszefon\u00f3dik a mes\u00e9k, az eml\u00e9kezet, a kv\u00e1zi-vall\u00e1si mot\u00edvumok \u00e9s a miszticizmus szimbolik\u00e1ja. Kortmann-J\u00e1ray \u00e9s Mendreczky 2019 \u00f3ta dolgozik szorosan egy\u00fctt. Nagym\u00e9ret\u0171, bej\u00e1rhat\u00f3 install\u00e1ci\u00f3kat hoznak l\u00e9tre k\u00fcl\u00f6nb\u00f6z\u0151 elemek t\u00e9rbeli koll\u00e1zs\u00e1b\u00f3l. K\u00f6z\u00f6s munk\u00e1ikban k\u00fcl\u00f6nb\u00f6z\u0151 technik\u00e1kat \u00e9s anyagokat kombin\u00e1lnak, hogy l\u00e9trehozz\u00e1k metaforikusan n\u0151ies tereiket. A Verena Kaspar Eisert \u00e1ltal kur\u00e1lt, MQ Wien Szalon els\u0151 ki\u00e1ll\u00edt\u00e1sak\u00e9nt 2023-ban nagyszab\u00e1s\u00fa t\u00e1rlatot mutattak be, \u00e9s du\u00f3juk ugyanebben az \u00e9vben elnyerte az Esterh\u00e1zy Art Award-ot. M\u0171alkot\u00e1sok Mendreczky Karina 1988, BudapestB\u00e9csben \u00e9s Budapesten \u00e9l \u00e9s alkot. Tanulm\u00e1nyok 2009\u20132015Universit\u00e4t f\u00fcr angewandte Kunst, Bildende und Mediale Kunst, Grafik und Druckgrafik (Prof. Jan Svenungsson), Vienna, AT 2014\u20132015University of the Arts London, Printmaking and Time-based Media, London, UK V\u00e1logatott ki\u00e1ll\u00edt\u00e1sok Kortmann-J\u00e1ray Katalinnal 2023Install\u00e1ci\u00f3 az Esterh\u00e1zy Art Award ki\u00e1ll\u00edt\u00e1s\u00e1n, kir\u00e1lta: Vitus Weh, Ludwig Museum, Budapest, HU Oasis, Q21 Salon, kur\u00e1lta: Verena Kaspar-Eisert, Vienna, AT 2022Buzz, Studio Gallery\/SYAA, Budapest, HUPeople Look Like Flowers at Last, Parallel Vienna 2022, Vienna, AT V\u00e1logatott csoportos ki\u00e1ll\u00edt\u00e1sok, bienn\u00e1l\u00e9k \u00e9s v\u00e1s\u00e1rok 2023&nbsp;Verwobene Texturen. Zeitgen\u00f6ssische Textilkunst aus Deutschland und Ungarn, CHB, Berlin, DE Parallel Edition, Gallery Rudolf Leeb, Neuer Wiener Kunstverein, Vienna, AT Transitional objects, transitional landscapes, kur\u00e1lta: Maj Maj, De\u00e1k Erika Gal\u00e9ria, Budapest, HU 2022&nbsp;Sz\u00e9kelyf\u00f6ldi Grafikai Bienn\u00e1l\u00e9 2022, RO&nbsp; Body and Nature, Showroom 05, Vienna, AT Dear Martha turn around, k\u00f6z\u00f6s ki\u00e1ll\u00edt\u00e1s Emma Klinggel, NEW NOW Frankfurt, Frankfurt am Main, DE \u00dcnnep, Studio Gallery\/SYAA, Budapest, HU Parallel Edition, Gallery Rudolf Leeb, Sempere Depot, Vienna, AT Auf der Suche nach einem kulturellen Attraktor, Mauve, Vienna, AT 2021A Better Time, They Say, 1111 Gallery, Budapest, HU A Whale of a Bad Time\/Spinning the Sticky Threads of Childhood Memories: From Cold War to Anthropoce konferencia, G\u00e1bor Sillye Cultur House, Hajd\u00fab\u00f6sz\u00f6rm\u00e9ny, HU Fair For Art Vienna 2021, Galerie Rudolf Leeb, Vienna, AT Walter Koschatzky Preis 21 (jel\u00f6lve), Vienna, AT Permanent residual, kur\u00e1lta: Maj Ajna, SYAA, Budapest, HU 2020Bea, Eva, Magda, \u00f6n\u00e1ll\u00f3 ki\u00e1ll\u00edt\u00e1s, Galerie Rudolf Leeb, Vienna, AT A Whale of a Bad Time, curated by Zs\u00f3fi K\u00f3kai, ISBN Books and Gallery, Budapest, HU Stand by, Galerie Rudolf Leeb, Vienna, AT 2019&nbsp;Vienna Art Book Fair #1 with Druckwerk Wien, Vienna, AT Awakening \/ Soft tools for self-expression and social disobedience, kur\u00e1lta: Patrycja Rup (PL), FERi Gallery, Budapest, HU FEMALE \u2013 lebt und arbeitet in Wien, kur\u00e1lta: Veronika Rudorfer, Galerie Rudolf Leeb, Vienna, AT Marianne eml\u00e9kk\u00f6nyv\u00e9be, kur\u00e1lta: Istv\u00e1nk\u00f3 Bea, PINCE, Budapest, HU D\u00edjak 2023&nbsp;Esterh\u00e1zy Art Award, Kortmann-J\u00e1ray Katalinnal, Budapest, HU 2021&nbsp;Walter Koschatzky Preis 21 (jel\u00f6lve), Vienna, AT 2015&nbsp;Preis der Kunsthalle Wien, AT 2015&nbsp;Nature Reloaded \u2013 New view on nature, \u00d6sterreich Werbung, 3. Preis, AT Tags\u00e1gok 2022&nbsp;Studio Gallery\/SYAA, Budapest, HU&nbsp; 2020Bildrecht, Vienna, AT<\/p>","protected":false},"author":1,"featured_media":0,"parent":0,"menu_order":0,"comment_status":"closed","ping_status":"closed","template":"","meta":{"footnotes":""},"class_list":["post-2316","page","type-page","status-publish","hentry"],"_links":{"self":[{"href":"https:\/\/amprojects.hu\/en\/wp-json\/wp\/v2\/pages\/2316","targetHints":{"allow":["GET"]}}],"collection":[{"href":"https:\/\/amprojects.hu\/en\/wp-json\/wp\/v2\/pages"}],"about":[{"href":"https:\/\/amprojects.hu\/en\/wp-json\/wp\/v2\/types\/page"}],"author":[{"embeddable":true,"href":"https:\/\/amprojects.hu\/en\/wp-json\/wp\/v2\/users\/1"}],"replies":[{"embeddable":true,"href":"https:\/\/amprojects.hu\/en\/wp-json\/wp\/v2\/comments?post=2316"}],"version-history":[{"count":7,"href":"https:\/\/amprojects.hu\/en\/wp-json\/wp\/v2\/pages\/2316\/revisions"}],"predecessor-version":[{"id":2323,"href":"https:\/\/amprojects.hu\/en\/wp-json\/wp\/v2\/pages\/2316\/revisions\/2323"}],"wp:attachment":[{"href":"https:\/\/amprojects.hu\/en\/wp-json\/wp\/v2\/media?parent=2316"}],"curies":[{"name":"wp","href":"https:\/\/api.w.org\/{rel}","templated":true}]}}