{"id":2324,"date":"2025-11-28T13:19:16","date_gmt":"2025-11-28T13:19:16","guid":{"rendered":"https:\/\/amprojects.hu\/?page_id=2324"},"modified":"2025-11-28T15:11:39","modified_gmt":"2025-11-28T15:11:39","slug":"wirth-abigail","status":"publish","type":"page","link":"https:\/\/amprojects.hu\/en\/wirth-abigail\/","title":{"rendered":"Abigail Wirth"},"content":{"rendered":"<div data-elementor-type=\"wp-page\" data-elementor-id=\"2324\" class=\"elementor elementor-2324\" data-elementor-post-type=\"page\">\n\t\t\t\t<div class=\"elementor-element elementor-element-3580c86 e-flex e-con-boxed wpr-particle-no wpr-jarallax-no wpr-parallax-no wpr-sticky-section-no e-con e-parent\" data-id=\"3580c86\" data-element_type=\"container\" data-e-type=\"container\" data-settings=\"{&quot;background_background&quot;:&quot;classic&quot;}\">\n\t\t\t\t\t<div class=\"e-con-inner\">\n\t\t<div class=\"elementor-element elementor-element-7ef6d86 e-con-full e-flex wpr-particle-no wpr-jarallax-no wpr-parallax-no wpr-sticky-section-no e-con e-child\" data-id=\"7ef6d86\" data-element_type=\"container\" data-e-type=\"container\">\n\t\t\t\t<div class=\"elementor-element elementor-element-ac9b7bc elementor-widget__width-inherit elementor-widget elementor-widget-heading\" data-id=\"ac9b7bc\" data-element_type=\"widget\" data-e-type=\"widget\" data-widget_type=\"heading.default\">\n\t\t\t\t\t<h2 class=\"elementor-heading-title elementor-size-default\">Abigail Wirth<\/h2>\t\t\t\t<\/div>\n\t\t\t\t<div class=\"elementor-element elementor-element-363cb9c elementor-widget__width-initial elementor-widget elementor-widget-text-editor\" data-id=\"363cb9c\" data-element_type=\"widget\" data-e-type=\"widget\" data-widget_type=\"text-editor.default\">\n\t\t\t\t\t\t\t\t\t<p><b>Abigail Wirth<\/b> The theoretical and emotional background of Abigail Wirth\u2019s (1991, Budapest) work is the everyday experience of neurodivergent existence, with a focus on the possibilities and limitations of self-awareness and self-identity. It is important for her to present human emotions and the state of uncertainty in a universal language, in a way that is accessible and freely interpretable. Embroidery often appears in her paintings, but she also likes to use ceramics and other processes as a way of moving out of the flat surface into space.<br \/>She is currently pursuing a Bachelor\u2019s degree in Ceramics at Moholy-Nagy University of Art and Design, and studied Fashion Design at Mod\u2019Art International Hungary from 2010 to 2012 and from 2015 to 2016. She gained her painting background at the Hungarian University of Fine Arts between 2013 and 2014. She has participated in group exhibitions in Hungary and abroad, her first solo exhibition was in 2015.<\/p>\t\t\t\t\t\t\t\t<\/div>\n\t\t\t\t<div class=\"elementor-element elementor-element-0461f33 elementor-widget elementor-widget-button\" data-id=\"0461f33\" data-element_type=\"widget\" data-e-type=\"widget\" data-widget_type=\"button.default\">\n\t\t\t\t\t\t\t\t\t\t<a class=\"elementor-button elementor-button-link elementor-size-sm elementor-animation-grow\" href=\"https:\/\/amprojects.hu\/en\/wirth-abigail-eletrajz\/\">\n\t\t\t\t\t\t<span class=\"elementor-button-content-wrapper\">\n\t\t\t\t\t\t<span class=\"elementor-button-icon\">\n\t\t\t\t<svg aria-hidden=\"true\" class=\"e-font-icon-svg e-fas-angle-double-right\" viewbox=\"0 0 448 512\" xmlns=\"http:\/\/www.w3.org\/2000\/svg\"><path d=\"M224.3 273l-136 136c-9.4 9.4-24.6 9.4-33.9 0l-22.6-22.6c-9.4-9.4-9.4-24.6 0-33.9l96.4-96.4-96.4-96.4c-9.4-9.4-9.4-24.6 0-33.9L54.3 103c9.4-9.4 24.6-9.4 33.9 0l136 136c9.5 9.4 9.5 24.6.1 34zm192-34l-136-136c-9.4-9.4-24.6-9.4-33.9 0l-22.6 22.6c-9.4 9.4-9.4 24.6 0 33.9l96.4 96.4-96.4 96.4c-9.4 9.4-9.4 24.6 0 33.9l22.6 22.6c9.4 9.4 24.6 9.4 33.9 0l136-136c9.4-9.2 9.4-24.4 0-33.8z\"><\/path><\/svg>\t\t\t<\/span>\n\t\t\t\t\t\t\t\t\t<span class=\"elementor-button-text\">Abigail Wirth biography<\/span>\n\t\t\t\t\t<\/span>\n\t\t\t\t\t<\/a>\n\t\t\t\t\t\t\t\t<\/div>\n\t\t\t\t<\/div>\n\t\t<div class=\"elementor-element elementor-element-7c1b229 e-con-full e-flex wpr-particle-no wpr-jarallax-no wpr-parallax-no wpr-sticky-section-no e-con e-child\" data-id=\"7c1b229\" data-element_type=\"container\" data-e-type=\"container\">\n\t\t\t\t<div class=\"elementor-element elementor-element-3fc422e elementor-widget elementor-widget-gallery\" data-id=\"3fc422e\" data-element_type=\"widget\" data-e-type=\"widget\" data-settings=\"{&quot;gallery_layout&quot;:&quot;justified&quot;,&quot;ideal_row_height&quot;:{&quot;unit&quot;:&quot;px&quot;,&quot;size&quot;:200,&quot;sizes&quot;:[]},&quot;ideal_row_height_tablet&quot;:{&quot;unit&quot;:&quot;px&quot;,&quot;size&quot;:150,&quot;sizes&quot;:[]},&quot;ideal_row_height_mobile&quot;:{&quot;unit&quot;:&quot;px&quot;,&quot;size&quot;:150,&quot;sizes&quot;:[]},&quot;gap&quot;:{&quot;unit&quot;:&quot;px&quot;,&quot;size&quot;:10,&quot;sizes&quot;:[]},&quot;gap_tablet&quot;:{&quot;unit&quot;:&quot;px&quot;,&quot;size&quot;:10,&quot;sizes&quot;:[]},&quot;gap_mobile&quot;:{&quot;unit&quot;:&quot;px&quot;,&quot;size&quot;:10,&quot;sizes&quot;:[]},&quot;link_to&quot;:&quot;file&quot;,&quot;overlay_background&quot;:&quot;yes&quot;,&quot;content_hover_animation&quot;:&quot;fade-in&quot;}\" data-widget_type=\"gallery.default\">\n\t\t\t\t\t\t\t<div class=\"elementor-gallery__container\">\n\t\t\t\t\t\t\t<a class=\"e-gallery-item elementor-gallery-item elementor-animated-content\" href=\"https:\/\/amprojects.hu\/wp-content\/uploads\/2025\/11\/DSC_7498-masolat.jpg\" data-elementor-open-lightbox=\"yes\" data-elementor-lightbox-slideshow=\"3fc422e\" data-elementor-lightbox-title=\"DSC_7498-masolat\" data-e-action-hash=\"#elementor-action%3Aaction%3Dlightbox%26settings%3DeyJpZCI6MjMzMSwidXJsIjoiaHR0cHM6XC9cL2FtcHJvamVjdHMuaHVcL3dwLWNvbnRlbnRcL3VwbG9hZHNcLzIwMjVcLzExXC9EU0NfNzQ5OC1tYXNvbGF0LmpwZyIsInNsaWRlc2hvdyI6IjNmYzQyMmUifQ%3D%3D\">\n\t\t\t\t\t<div class=\"e-gallery-image elementor-gallery-item__image\" data-thumbnail=\"https:\/\/amprojects.hu\/wp-content\/uploads\/2025\/11\/DSC_7498-masolat.jpg\" data-width=\"1365\" data-height=\"2048\" aria-label=\"\" role=\"img\" ><\/div>\n\t\t\t\t\t\t\t\t\t\t\t<div class=\"elementor-gallery-item__overlay\"><\/div>\n\t\t\t\t\t\t\t\t\t\t\t\t\t\t<\/a>\n\t\t\t\t\t\t\t<a class=\"e-gallery-item elementor-gallery-item elementor-animated-content\" href=\"https:\/\/amprojects.hu\/wp-content\/uploads\/2025\/11\/DSC_7472-masolat.jpg\" data-elementor-open-lightbox=\"yes\" data-elementor-lightbox-slideshow=\"3fc422e\" data-elementor-lightbox-title=\"DSC_7472-masolat\" data-e-action-hash=\"#elementor-action%3Aaction%3Dlightbox%26settings%3DeyJpZCI6MjMyOSwidXJsIjoiaHR0cHM6XC9cL2FtcHJvamVjdHMuaHVcL3dwLWNvbnRlbnRcL3VwbG9hZHNcLzIwMjVcLzExXC9EU0NfNzQ3Mi1tYXNvbGF0LmpwZyIsInNsaWRlc2hvdyI6IjNmYzQyMmUifQ%3D%3D\">\n\t\t\t\t\t<div class=\"e-gallery-image elementor-gallery-item__image\" data-thumbnail=\"https:\/\/amprojects.hu\/wp-content\/uploads\/2025\/11\/DSC_7472-masolat.jpg\" data-width=\"2048\" data-height=\"1367\" aria-label=\"\" role=\"img\" ><\/div>\n\t\t\t\t\t\t\t\t\t\t\t<div class=\"elementor-gallery-item__overlay\"><\/div>\n\t\t\t\t\t\t\t\t\t\t\t\t\t\t<\/a>\n\t\t\t\t\t\t\t<a class=\"e-gallery-item elementor-gallery-item elementor-animated-content\" href=\"https:\/\/amprojects.hu\/wp-content\/uploads\/2025\/11\/DSC_7490-masolat.jpg\" data-elementor-open-lightbox=\"yes\" data-elementor-lightbox-slideshow=\"3fc422e\" data-elementor-lightbox-title=\"DSC_7490-masolat\" data-e-action-hash=\"#elementor-action%3Aaction%3Dlightbox%26settings%3DeyJpZCI6MjMzMCwidXJsIjoiaHR0cHM6XC9cL2FtcHJvamVjdHMuaHVcL3dwLWNvbnRlbnRcL3VwbG9hZHNcLzIwMjVcLzExXC9EU0NfNzQ5MC1tYXNvbGF0LmpwZyIsInNsaWRlc2hvdyI6IjNmYzQyMmUifQ%3D%3D\">\n\t\t\t\t\t<div class=\"e-gallery-image elementor-gallery-item__image\" data-thumbnail=\"https:\/\/amprojects.hu\/wp-content\/uploads\/2025\/11\/DSC_7490-masolat.jpg\" data-width=\"2048\" data-height=\"1365\" aria-label=\"\" role=\"img\" ><\/div>\n\t\t\t\t\t\t\t\t\t\t\t<div class=\"elementor-gallery-item__overlay\"><\/div>\n\t\t\t\t\t\t\t\t\t\t\t\t\t\t<\/a>\n\t\t\t\t\t\t\t<a class=\"e-gallery-item elementor-gallery-item elementor-animated-content\" href=\"https:\/\/amprojects.hu\/wp-content\/uploads\/2025\/11\/IMG_3055.jpg\" data-elementor-open-lightbox=\"yes\" data-elementor-lightbox-slideshow=\"3fc422e\" data-elementor-lightbox-title=\"IMG_3055\" data-e-action-hash=\"#elementor-action%3Aaction%3Dlightbox%26settings%3DeyJpZCI6MjMzMiwidXJsIjoiaHR0cHM6XC9cL2FtcHJvamVjdHMuaHVcL3dwLWNvbnRlbnRcL3VwbG9hZHNcLzIwMjVcLzExXC9JTUdfMzA1NS5qcGciLCJzbGlkZXNob3ciOiIzZmM0MjJlIn0%3D\">\n\t\t\t\t\t<div class=\"e-gallery-image elementor-gallery-item__image\" data-thumbnail=\"https:\/\/amprojects.hu\/wp-content\/uploads\/2025\/11\/IMG_3055.jpg\" data-width=\"2037\" data-height=\"863\" aria-label=\"\" role=\"img\" ><\/div>\n\t\t\t\t\t\t\t\t\t\t\t<div class=\"elementor-gallery-item__overlay\"><\/div>\n\t\t\t\t\t\t\t\t\t\t\t\t\t\t<\/a>\n\t\t\t\t\t\t\t<a class=\"e-gallery-item elementor-gallery-item elementor-animated-content\" href=\"https:\/\/amprojects.hu\/wp-content\/uploads\/2025\/11\/MOLNAR_ANI_GALERIA_ARCO_2025_030-scaled-1.jpeg\" data-elementor-open-lightbox=\"yes\" data-elementor-lightbox-slideshow=\"3fc422e\" data-elementor-lightbox-title=\"MOLNAR_ANI_GALERIA_ARCO_2025_030-scaled\" data-e-action-hash=\"#elementor-action%3Aaction%3Dlightbox%26settings%3DeyJpZCI6MjMzMywidXJsIjoiaHR0cHM6XC9cL2FtcHJvamVjdHMuaHVcL3dwLWNvbnRlbnRcL3VwbG9hZHNcLzIwMjVcLzExXC9NT0xOQVJfQU5JX0dBTEVSSUFfQVJDT18yMDI1XzAzMC1zY2FsZWQtMS5qcGVnIiwic2xpZGVzaG93IjoiM2ZjNDIyZSJ9\">\n\t\t\t\t\t<div class=\"e-gallery-image elementor-gallery-item__image\" data-thumbnail=\"https:\/\/amprojects.hu\/wp-content\/uploads\/2025\/11\/MOLNAR_ANI_GALERIA_ARCO_2025_030-scaled-1.jpeg\" data-width=\"1707\" data-height=\"2560\" aria-label=\"\" role=\"img\" ><\/div>\n\t\t\t\t\t\t\t\t\t\t\t<div class=\"elementor-gallery-item__overlay\"><\/div>\n\t\t\t\t\t\t\t\t\t\t\t\t\t\t<\/a>\n\t\t\t\t\t\t\t<a class=\"e-gallery-item elementor-gallery-item elementor-animated-content\" href=\"https:\/\/amprojects.hu\/wp-content\/uploads\/2025\/11\/Wirth-Abigail_Latod-elalszik-anyuka-scaled-1-1.jpg\" data-elementor-open-lightbox=\"yes\" data-elementor-lightbox-slideshow=\"3fc422e\" data-elementor-lightbox-title=\"Wirth-Abigail_Latod-elalszik-anyuka-scaled (1)\" data-e-action-hash=\"#elementor-action%3Aaction%3Dlightbox%26settings%3DeyJpZCI6MjMzNCwidXJsIjoiaHR0cHM6XC9cL2FtcHJvamVjdHMuaHVcL3dwLWNvbnRlbnRcL3VwbG9hZHNcLzIwMjVcLzExXC9XaXJ0aC1BYmlnYWlsX0xhdG9kLWVsYWxzemlrLWFueXVrYS1zY2FsZWQtMS0xLmpwZyIsInNsaWRlc2hvdyI6IjNmYzQyMmUifQ%3D%3D\">\n\t\t\t\t\t<div class=\"e-gallery-image elementor-gallery-item__image\" data-thumbnail=\"https:\/\/amprojects.hu\/wp-content\/uploads\/2025\/11\/Wirth-Abigail_Latod-elalszik-anyuka-scaled-1-1.jpg\" data-width=\"2560\" data-height=\"1828\" aria-label=\"\" role=\"img\" ><\/div>\n\t\t\t\t\t\t\t\t\t\t\t<div class=\"elementor-gallery-item__overlay\"><\/div>\n\t\t\t\t\t\t\t\t\t\t\t\t\t\t<\/a>\n\t\t\t\t\t\t\t<a class=\"e-gallery-item elementor-gallery-item elementor-animated-content\" href=\"https:\/\/amprojects.hu\/wp-content\/uploads\/2025\/11\/Wirth-Abigail_Mint-ket-normalis-ember_Like-Two-Normal-People.jpg\" data-elementor-open-lightbox=\"yes\" data-elementor-lightbox-slideshow=\"3fc422e\" data-elementor-lightbox-title=\"Wirth-Abigail_Mint-ket-normalis-ember_Like-Two-Normal-People\" data-e-action-hash=\"#elementor-action%3Aaction%3Dlightbox%26settings%3DeyJpZCI6MjMzNSwidXJsIjoiaHR0cHM6XC9cL2FtcHJvamVjdHMuaHVcL3dwLWNvbnRlbnRcL3VwbG9hZHNcLzIwMjVcLzExXC9XaXJ0aC1BYmlnYWlsX01pbnQta2V0LW5vcm1hbGlzLWVtYmVyX0xpa2UtVHdvLU5vcm1hbC1QZW9wbGUuanBnIiwic2xpZGVzaG93IjoiM2ZjNDIyZSJ9\">\n\t\t\t\t\t<div class=\"e-gallery-image elementor-gallery-item__image\" data-thumbnail=\"https:\/\/amprojects.hu\/wp-content\/uploads\/2025\/11\/Wirth-Abigail_Mint-ket-normalis-ember_Like-Two-Normal-People.jpg\" data-width=\"1918\" data-height=\"1370\" aria-label=\"\" role=\"img\" ><\/div>\n\t\t\t\t\t\t\t\t\t\t\t<div class=\"elementor-gallery-item__overlay\"><\/div>\n\t\t\t\t\t\t\t\t\t\t\t\t\t\t<\/a>\n\t\t\t\t\t\t\t<a class=\"e-gallery-item elementor-gallery-item elementor-animated-content\" href=\"https:\/\/amprojects.hu\/wp-content\/uploads\/2025\/11\/MOLNAR_ANI_GALERIA_ARCO_2025_034-\u2013-nagy.jpeg\" data-elementor-open-lightbox=\"yes\" data-elementor-lightbox-slideshow=\"3fc422e\" data-elementor-lightbox-title=\"MOLNAR_ANI_GALERIA_ARCO_2025_034-\u2013-nagy\" data-e-action-hash=\"#elementor-action%3Aaction%3Dlightbox%26settings%3DeyJpZCI6MjMzNiwidXJsIjoiaHR0cHM6XC9cL2FtcHJvamVjdHMuaHVcL3dwLWNvbnRlbnRcL3VwbG9hZHNcLzIwMjVcLzExXC9NT0xOQVJfQU5JX0dBTEVSSUFfQVJDT18yMDI1XzAzNC1cdTIwMTMtbmFneS5qcGVnIiwic2xpZGVzaG93IjoiM2ZjNDIyZSJ9\">\n\t\t\t\t\t<div class=\"e-gallery-image elementor-gallery-item__image\" data-thumbnail=\"https:\/\/amprojects.hu\/wp-content\/uploads\/2025\/11\/MOLNAR_ANI_GALERIA_ARCO_2025_034-\u2013-nagy.jpeg\" data-width=\"853\" data-height=\"1280\" aria-label=\"\" role=\"img\" ><\/div>\n\t\t\t\t\t\t\t\t\t\t\t<div class=\"elementor-gallery-item__overlay\"><\/div>\n\t\t\t\t\t\t\t\t\t\t\t\t\t\t<\/a>\n\t\t\t\t\t\t\t<a class=\"e-gallery-item elementor-gallery-item elementor-animated-content\" href=\"https:\/\/amprojects.hu\/wp-content\/uploads\/2025\/11\/Wirth-Abigai_Egy-kanallal-meg-a-vedono-kedveert_One-More-Spoon-for-the-District-Nurse.jpg\" data-elementor-open-lightbox=\"yes\" data-elementor-lightbox-slideshow=\"3fc422e\" data-elementor-lightbox-title=\"Wirth Abigai_Egy kana\u0301llal me\u0301g a ve\u0301do\u030bno\u030b kedve\u0301e\u0301rt_One More Spoon for the District Nurse\" data-e-action-hash=\"#elementor-action%3Aaction%3Dlightbox%26settings%3DeyJpZCI6MjQ5NiwidXJsIjoiaHR0cHM6XC9cL2FtcHJvamVjdHMuaHVcL3dwLWNvbnRlbnRcL3VwbG9hZHNcLzIwMjVcLzExXC9XaXJ0aC1BYmlnYWlfRWd5LWthbmFsbGFsLW1lZy1hLXZlZG9uby1rZWR2ZWVydF9PbmUtTW9yZS1TcG9vbi1mb3ItdGhlLURpc3RyaWN0LU51cnNlLmpwZyIsInNsaWRlc2hvdyI6IjNmYzQyMmUifQ%3D%3D\">\n\t\t\t\t\t<div class=\"e-gallery-image elementor-gallery-item__image\" data-thumbnail=\"https:\/\/amprojects.hu\/wp-content\/uploads\/2025\/11\/Wirth-Abigai_Egy-kanallal-meg-a-vedono-kedveert_One-More-Spoon-for-the-District-Nurse.jpg\" data-width=\"2386\" data-height=\"1705\" aria-label=\"\" role=\"img\" ><\/div>\n\t\t\t\t\t\t\t\t\t\t\t<div class=\"elementor-gallery-item__overlay\"><\/div>\n\t\t\t\t\t\t\t\t\t\t\t\t\t\t<\/a>\n\t\t\t\t\t\t\t<a class=\"e-gallery-item elementor-gallery-item elementor-animated-content\" href=\"https:\/\/amprojects.hu\/wp-content\/uploads\/2025\/11\/Wirth-Abigail_Csak-egy_Only-One-scaled.jpg\" data-elementor-open-lightbox=\"yes\" data-elementor-lightbox-slideshow=\"3fc422e\" data-elementor-lightbox-title=\"Wirth Abigail_Csak egy_Only One\" data-e-action-hash=\"#elementor-action%3Aaction%3Dlightbox%26settings%3DeyJpZCI6MjQ5NywidXJsIjoiaHR0cHM6XC9cL2FtcHJvamVjdHMuaHVcL3dwLWNvbnRlbnRcL3VwbG9hZHNcLzIwMjVcLzExXC9XaXJ0aC1BYmlnYWlsX0NzYWstZWd5X09ubHktT25lLXNjYWxlZC5qcGciLCJzbGlkZXNob3ciOiIzZmM0MjJlIn0%3D\">\n\t\t\t\t\t<div class=\"e-gallery-image elementor-gallery-item__image\" data-thumbnail=\"https:\/\/amprojects.hu\/wp-content\/uploads\/2025\/11\/Wirth-Abigail_Csak-egy_Only-One-scaled.jpg\" data-width=\"2560\" data-height=\"1829\" aria-label=\"\" role=\"img\" ><\/div>\n\t\t\t\t\t\t\t\t\t\t\t<div class=\"elementor-gallery-item__overlay\"><\/div>\n\t\t\t\t\t\t\t\t\t\t\t\t\t\t<\/a>\n\t\t\t\t\t\t\t<a class=\"e-gallery-item elementor-gallery-item elementor-animated-content\" href=\"https:\/\/amprojects.hu\/wp-content\/uploads\/2025\/11\/Wirth-Abigail_Mint-ket-normalis-ember_Like-Two-Normal-People-1.jpg\" data-elementor-open-lightbox=\"yes\" data-elementor-lightbox-slideshow=\"3fc422e\" data-elementor-lightbox-title=\"Wirth Abigail_Mint ke\u0301t norma\u0301lis ember_Like Two Normal People\" data-e-action-hash=\"#elementor-action%3Aaction%3Dlightbox%26settings%3DeyJpZCI6MjQ5OSwidXJsIjoiaHR0cHM6XC9cL2FtcHJvamVjdHMuaHVcL3dwLWNvbnRlbnRcL3VwbG9hZHNcLzIwMjVcLzExXC9XaXJ0aC1BYmlnYWlsX01pbnQta2V0LW5vcm1hbGlzLWVtYmVyX0xpa2UtVHdvLU5vcm1hbC1QZW9wbGUtMS5qcGciLCJzbGlkZXNob3ciOiIzZmM0MjJlIn0%3D\">\n\t\t\t\t\t<div class=\"e-gallery-image elementor-gallery-item__image\" data-thumbnail=\"https:\/\/amprojects.hu\/wp-content\/uploads\/2025\/11\/Wirth-Abigail_Mint-ket-normalis-ember_Like-Two-Normal-People-1.jpg\" data-width=\"1918\" data-height=\"1370\" aria-label=\"\" role=\"img\" ><\/div>\n\t\t\t\t\t\t\t\t\t\t\t<div class=\"elementor-gallery-item__overlay\"><\/div>\n\t\t\t\t\t\t\t\t\t\t\t\t\t\t<\/a>\n\t\t\t\t\t\t\t<a class=\"e-gallery-item elementor-gallery-item elementor-animated-content\" href=\"https:\/\/amprojects.hu\/wp-content\/uploads\/2025\/11\/Wirth-Abigail_Napi-menu-Kanal-elmelet_Daily-Menu-Spoon-theory-scaled.jpg\" data-elementor-open-lightbox=\"yes\" data-elementor-lightbox-slideshow=\"3fc422e\" data-elementor-lightbox-title=\"Wirth Abigail_Napi menu\u0308, Kana\u0301l elme\u0301let_Daily Menu, Spoon theory\" data-e-action-hash=\"#elementor-action%3Aaction%3Dlightbox%26settings%3DeyJpZCI6MjUwMCwidXJsIjoiaHR0cHM6XC9cL2FtcHJvamVjdHMuaHVcL3dwLWNvbnRlbnRcL3VwbG9hZHNcLzIwMjVcLzExXC9XaXJ0aC1BYmlnYWlsX05hcGktbWVudS1LYW5hbC1lbG1lbGV0X0RhaWx5LU1lbnUtU3Bvb24tdGhlb3J5LXNjYWxlZC5qcGciLCJzbGlkZXNob3ciOiIzZmM0MjJlIn0%3D\">\n\t\t\t\t\t<div class=\"e-gallery-image elementor-gallery-item__image\" data-thumbnail=\"https:\/\/amprojects.hu\/wp-content\/uploads\/2025\/11\/Wirth-Abigail_Napi-menu-Kanal-elmelet_Daily-Menu-Spoon-theory-scaled.jpg\" data-width=\"2560\" data-height=\"1829\" aria-label=\"\" role=\"img\" ><\/div>\n\t\t\t\t\t\t\t\t\t\t\t<div class=\"elementor-gallery-item__overlay\"><\/div>\n\t\t\t\t\t\t\t\t\t\t\t\t\t\t<\/a>\n\t\t\t\t\t\t\t<a class=\"e-gallery-item elementor-gallery-item elementor-animated-content\" href=\"https:\/\/amprojects.hu\/wp-content\/uploads\/2025\/11\/Wirth-Abigail_Sosem-sikerul-olyan-rendet-tennem-mint-szeretnek-scaled.jpg\" data-elementor-open-lightbox=\"yes\" data-elementor-lightbox-slideshow=\"3fc422e\" data-elementor-lightbox-title=\"Wirth Abigail_Sosem sikeru\u0308l olyan rendet tennem, mint szeretne\u0301k\" data-e-action-hash=\"#elementor-action%3Aaction%3Dlightbox%26settings%3DeyJpZCI6MjUwMSwidXJsIjoiaHR0cHM6XC9cL2FtcHJvamVjdHMuaHVcL3dwLWNvbnRlbnRcL3VwbG9hZHNcLzIwMjVcLzExXC9XaXJ0aC1BYmlnYWlsX1Nvc2VtLXNpa2VydWwtb2x5YW4tcmVuZGV0LXRlbm5lbS1taW50LXN6ZXJldG5lay1zY2FsZWQuanBnIiwic2xpZGVzaG93IjoiM2ZjNDIyZSJ9\">\n\t\t\t\t\t<div class=\"e-gallery-image elementor-gallery-item__image\" data-thumbnail=\"https:\/\/amprojects.hu\/wp-content\/uploads\/2025\/11\/Wirth-Abigail_Sosem-sikerul-olyan-rendet-tennem-mint-szeretnek-scaled.jpg\" data-width=\"2560\" data-height=\"1828\" aria-label=\"\" role=\"img\" ><\/div>\n\t\t\t\t\t\t\t\t\t\t\t<div class=\"elementor-gallery-item__overlay\"><\/div>\n\t\t\t\t\t\t\t\t\t\t\t\t\t\t<\/a>\n\t\t\t\t\t<\/div>\n\t\t\t\t\t<\/div>\n\t\t\t\t<\/div>\n\t\t\t\t\t<\/div>\n\t\t\t\t<\/div>\n\t\t\t\t<\/div>","protected":false},"excerpt":{"rendered":"<p>Wirth Abigail Wirth Abigail (1991, Budapest) munk\u00e1inak elm\u00e9leti \u00e9s \u00e9rzelmi h\u00e1tter\u00e9t a neurodivergens l\u00e9tez\u00e9s mindennapos \u00e9lm\u00e9nye adja, f\u0151k\u00e9pp az \u00f6nismeret \u00e9s az \u00f6nazonoss\u00e1g lehet\u0151s\u00e9gei \u00e9s korl\u00e1tai foglalkoztatj\u00e1k. Fontosnak tartja, hogy univerz\u00e1lis nyelven, befogadhat\u00f3 \u00e9s szabadon \u00e9rtelmezhet\u0151 m\u00f3don jelen\u00edtse meg az emberi \u00e9rzelmeket, a bizonytalans\u00e1g l\u00e9t\u00e1llapot\u00e1t. Festm\u00e9nyein gyakran jelenik meg h\u00edmz\u00e9s, de ker\u00e1mi\u00e1val \u00e9s m\u00e1s elj\u00e1r\u00e1sokkal is sz\u00edvesen foglalkozik a s\u00edkfel\u00fcletb\u0151l t\u00e9rbe val\u00f3 kil\u00e9p\u00e9s lehet\u0151s\u00e9gek\u00e9nt.Jelenleg a Moholy-Nagy M\u0171v\u00e9szeti Egyetem alapk\u00e9pz\u00e9s\u00e9nek ker\u00e1mia specializ\u00e1ci\u00f3j\u00e1t v\u00e9gzi, 2010 \u00e9s 2012, illetve 2015 \u00e9s 2016 k\u00f6z\u00f6tt a Mod\u2019Art International Hungary int\u00e9zm\u00e9ny\u00e9ben divattervez\u00e9st hallgatott. Fest\u00e9szeti h\u00e1tter\u00e9re a Magyar K\u00e9pz\u0151m\u0171v\u00e9szeti Egyetemen tett szert 2013 \u00e9s 2014 k\u00f6z\u00f6tt. Szerepelt m\u00e1r itthoni \u00e9s k\u00fclf\u00f6ldi csoportos ki\u00e1ll\u00edt\u00e1sokon is, els\u0151 egy\u00e9ni ki\u00e1ll\u00edt\u00e1sa 2015-ben volt. Wirth Abigail \u00e9letrajz<\/p>","protected":false},"author":1,"featured_media":0,"parent":0,"menu_order":0,"comment_status":"closed","ping_status":"closed","template":"","meta":{"footnotes":""},"class_list":["post-2324","page","type-page","status-publish","hentry"],"_links":{"self":[{"href":"https:\/\/amprojects.hu\/en\/wp-json\/wp\/v2\/pages\/2324","targetHints":{"allow":["GET"]}}],"collection":[{"href":"https:\/\/amprojects.hu\/en\/wp-json\/wp\/v2\/pages"}],"about":[{"href":"https:\/\/amprojects.hu\/en\/wp-json\/wp\/v2\/types\/page"}],"author":[{"embeddable":true,"href":"https:\/\/amprojects.hu\/en\/wp-json\/wp\/v2\/users\/1"}],"replies":[{"embeddable":true,"href":"https:\/\/amprojects.hu\/en\/wp-json\/wp\/v2\/comments?post=2324"}],"version-history":[{"count":10,"href":"https:\/\/amprojects.hu\/en\/wp-json\/wp\/v2\/pages\/2324\/revisions"}],"predecessor-version":[{"id":2506,"href":"https:\/\/amprojects.hu\/en\/wp-json\/wp\/v2\/pages\/2324\/revisions\/2506"}],"wp:attachment":[{"href":"https:\/\/amprojects.hu\/en\/wp-json\/wp\/v2\/media?parent=2324"}],"curies":[{"name":"wp","href":"https:\/\/api.w.org\/{rel}","templated":true}]}}