{"id":2343,"date":"2025-11-28T13:28:34","date_gmt":"2025-11-28T13:28:34","guid":{"rendered":"https:\/\/amprojects.hu\/?page_id=2343"},"modified":"2025-11-28T15:12:57","modified_gmt":"2025-11-28T15:12:57","slug":"wirth-abigail-eletrajz","status":"publish","type":"page","link":"https:\/\/amprojects.hu\/en\/wirth-abigail-eletrajz\/","title":{"rendered":"Abigail Wirth biography"},"content":{"rendered":"<div data-elementor-type=\"wp-page\" data-elementor-id=\"2343\" class=\"elementor elementor-2343\" data-elementor-post-type=\"page\">\n\t\t\t\t<div class=\"elementor-element elementor-element-eef54f7 e-flex e-con-boxed wpr-particle-no wpr-jarallax-no wpr-parallax-no wpr-sticky-section-no e-con e-parent\" data-id=\"eef54f7\" data-element_type=\"container\" data-e-type=\"container\" data-settings=\"{&quot;background_background&quot;:&quot;classic&quot;}\">\n\t\t\t\t\t<div class=\"e-con-inner\">\n\t\t<div class=\"elementor-element elementor-element-d5f1667 e-con-full e-flex wpr-particle-no wpr-jarallax-no wpr-parallax-no wpr-sticky-section-no e-con e-child\" data-id=\"d5f1667\" data-element_type=\"container\" data-e-type=\"container\">\n\t\t\t\t<div class=\"elementor-element elementor-element-0eeaec6 elementor-widget__width-initial elementor-widget elementor-widget-image\" data-id=\"0eeaec6\" data-element_type=\"widget\" data-e-type=\"widget\" data-widget_type=\"image.default\">\n\t\t\t\t\t\t\t\t\t\t\t\t\t\t\t<img fetchpriority=\"high\" decoding=\"async\" width=\"768\" height=\"768\" src=\"https:\/\/amprojects.hu\/wp-content\/uploads\/2025\/11\/image0-3-768x768-1.jpeg\" class=\"attachment-large size-large wp-image-2355\" alt=\"\" srcset=\"https:\/\/amprojects.hu\/wp-content\/uploads\/2025\/11\/image0-3-768x768-1.jpeg 768w, https:\/\/amprojects.hu\/wp-content\/uploads\/2025\/11\/image0-3-768x768-1-300x300.jpeg 300w, https:\/\/amprojects.hu\/wp-content\/uploads\/2025\/11\/image0-3-768x768-1-100x100.jpeg 100w, https:\/\/amprojects.hu\/wp-content\/uploads\/2025\/11\/image0-3-768x768-1-600x600.jpeg 600w, https:\/\/amprojects.hu\/wp-content\/uploads\/2025\/11\/image0-3-768x768-1-150x150.jpeg 150w\" sizes=\"(max-width: 768px) 100vw, 768px\" \/>\t\t\t\t\t\t\t\t\t\t\t\t\t\t\t<\/div>\n\t\t\t\t<div class=\"elementor-element elementor-element-4782573 elementor-widget__width-inherit elementor-widget elementor-widget-heading\" data-id=\"4782573\" data-element_type=\"widget\" data-e-type=\"widget\" data-widget_type=\"heading.default\">\n\t\t\t\t\t<h2 class=\"elementor-heading-title elementor-size-default\">Abigail Wirth<\/h2>\t\t\t\t<\/div>\n\t\t\t\t<div class=\"elementor-element elementor-element-164800b elementor-widget elementor-widget-text-editor\" data-id=\"164800b\" data-element_type=\"widget\" data-e-type=\"widget\" data-widget_type=\"text-editor.default\">\n\t\t\t\t\t\t\t\t\t<p>Wirth Abigail (1990, Budapest) munk\u00e1inak elm\u00e9leti \u00e9s \u00e9rzelmi h\u00e1tter\u00e9t a neurodivergens l\u00e9tez\u00e9s mindennapos \u00e9lm\u00e9nye adja, f\u0151k\u00e9pp az \u00f6nismeret \u00e9s az \u00f6nazonoss\u00e1g lehet\u0151s\u00e9gei \u00e9s korl\u00e1tai foglalkoztatj\u00e1k. Fontosnak tartja, hogy univerz\u00e1lis nyelven, befogadhat\u00f3 \u00e9s szabadon \u00e9rtelmezhet\u0151 m\u00f3don jelen\u00edtse meg az emberi \u00e9rzelmeket, a bizonytalans\u00e1g l\u00e9t\u00e1llapot\u00e1t. Festm\u00e9nyein gyakran jelenik meg h\u00edmz\u00e9s, de ker\u00e1mi\u00e1val \u00e9s m\u00e1s elj\u00e1r\u00e1sokkal is sz\u00edvesen foglalkozik a s\u00edkfel\u00fcletb\u0151l t\u00e9rbe val\u00f3 kil\u00e9p\u00e9s lehet\u0151s\u00e9gek\u00e9nt.<\/p><p>She is currently pursuing a Bachelor\u2019s degree in Ceramics at Moholy-Nagy University of Art and Design, and studied Fashion Design at Mod\u2019Art International Hungary from 2010 to 2012 and from 2015 to 2016. She gained her painting background at the Hungarian University of Fine Arts between 2013 and 2014. She has participated in group exhibitions in Hungary and abroad, her first solo exhibition was in 2015.<\/p>\t\t\t\t\t\t\t\t<\/div>\n\t\t\t\t<div class=\"elementor-element elementor-element-e35c496 elementor-widget elementor-widget-button\" data-id=\"e35c496\" data-element_type=\"widget\" data-e-type=\"widget\" data-widget_type=\"button.default\">\n\t\t\t\t\t\t\t\t\t\t<a class=\"elementor-button elementor-button-link elementor-size-sm elementor-animation-grow\" href=\"https:\/\/amprojects.hu\/en\/wirth-abigail\/\">\n\t\t\t\t\t\t<span class=\"elementor-button-content-wrapper\">\n\t\t\t\t\t\t<span class=\"elementor-button-icon\">\n\t\t\t\t<svg aria-hidden=\"true\" class=\"e-font-icon-svg e-fas-angle-double-right\" viewbox=\"0 0 448 512\" xmlns=\"http:\/\/www.w3.org\/2000\/svg\"><path d=\"M224.3 273l-136 136c-9.4 9.4-24.6 9.4-33.9 0l-22.6-22.6c-9.4-9.4-9.4-24.6 0-33.9l96.4-96.4-96.4-96.4c-9.4-9.4-9.4-24.6 0-33.9L54.3 103c9.4-9.4 24.6-9.4 33.9 0l136 136c9.5 9.4 9.5 24.6.1 34zm192-34l-136-136c-9.4-9.4-24.6-9.4-33.9 0l-22.6 22.6c-9.4 9.4-9.4 24.6 0 33.9l96.4 96.4-96.4 96.4c-9.4 9.4-9.4 24.6 0 33.9l22.6 22.6c9.4 9.4 24.6 9.4 33.9 0l136-136c9.4-9.2 9.4-24.4 0-33.8z\"><\/path><\/svg>\t\t\t<\/span>\n\t\t\t\t\t\t\t\t\t<span class=\"elementor-button-text\">M\u0171alkot\u00e1sok<\/span>\n\t\t\t\t\t<\/span>\n\t\t\t\t\t<\/a>\n\t\t\t\t\t\t\t\t<\/div>\n\t\t\t\t<\/div>\n\t\t<div class=\"elementor-element elementor-element-4610096 e-con-full e-flex wpr-particle-no wpr-jarallax-no wpr-parallax-no wpr-sticky-section-no e-con e-child\" data-id=\"4610096\" data-element_type=\"container\" data-e-type=\"container\">\n\t\t\t\t<div class=\"elementor-element elementor-element-f48f4d9 elementor-widget elementor-widget-text-editor\" data-id=\"f48f4d9\" data-element_type=\"widget\" data-e-type=\"widget\" data-widget_type=\"text-editor.default\">\n\t\t\t\t\t\t\t\t\t<p><span style=\"font-weight: 400;\">1990,<\/span><i><span style=\"font-weight: 400;\"> Budapest<\/span><\/i><\/p><p><b>Tanulm\u00e1nyok<\/b><\/p><p><span style=\"font-weight: 400;\">2021- Moholy-Nagy M\u0171v\u00e9szeti Egyetem, T\u00e1rgyalkot\u00e1s BA, Ker\u00e1mia specializ\u00e1ci\u00f3<\/span><\/p><p><span style=\"font-weight: 400;\">2020-2021<\/span><span style=\"font-weight: 400;\"><br \/><\/span><span style=\"font-weight: 400;\">Budapest Art Mentor Program<\/span><\/p><p><span style=\"font-weight: 400;\">2015-2016<\/span><span style=\"font-weight: 400;\"><br \/><\/span><span style=\"font-weight: 400;\">Mod\u2019Art International Hungary, Divattervez\u00e9s<\/span><\/p><p><span style=\"font-weight: 400;\">2013-2014<\/span><span style=\"font-weight: 400;\"><br \/><\/span><span style=\"font-weight: 400;\">Magyar K\u00e9pz\u0151m\u0171v\u00e9szeti Egyetem, Fest\u0151m\u0171v\u00e9sz szak<\/span><\/p><p><span style=\"font-weight: 400;\">2010-2012<\/span><span style=\"font-weight: 400;\"><br \/><\/span><span style=\"font-weight: 400;\">Mod\u2019Art International Hungary, Divattervez\u00e9s<\/span><\/p><p><b>Egy\u00e9ni ki\u00e1ll\u00edt\u00e1sok<\/b><\/p><p><span style=\"font-weight: 400;\">2022<\/span><span style=\"font-weight: 400;\"><br \/><\/span><span style=\"font-weight: 400;\">Hinni akarok, Godot Institute of Contemporary Art, Budapest, Magyarorsz\u00e1g<\/span><\/p><p><span style=\"font-weight: 400;\">2015<\/span><span style=\"font-weight: 400;\"><br \/><\/span><span style=\"font-weight: 400;\">H\u00e1rom H\u00e9t Gal\u00e9ria, Budapest, Magyarorsz\u00e1g<\/span><\/p><p><span style=\"font-weight: 400;\">\u00a0<\/span><\/p><p><b>Csoportos ki\u00e1ll\u00edt\u00e1sok<\/b><b><br \/><\/b><span style=\"font-weight: 400;\">2023<\/span><span style=\"font-weight: 400;\"><br \/><\/span><span style=\"font-weight: 400;\">Room of Their Own, Moln\u00e1r Ani Gal\u00e9ria, Budapest<\/span><\/p><p><span style=\"font-weight: 400;\">2021<\/span><span style=\"font-weight: 400;\"><br \/><\/span><span style=\"font-weight: 400;\">Felfedez\u0151k 4., K\u00e9pez\u0151, Budapest<\/span><\/p><p><span style=\"font-weight: 400;\">2020<\/span><span style=\"font-weight: 400;\"><br \/><\/span><span style=\"font-weight: 400;\">Young Generation Art Fair, Godot Institute of Contemporary Art, Budapest<\/span><span style=\"font-weight: 400;\"><br \/><\/span><span style=\"font-weight: 400;\">Closed Door, Open call csoportos ki\u00e1ll\u00edt\u00e1s, 1111 Gal\u00e9ria, Budapest<\/span><\/p><p><span style=\"font-weight: 400;\">2019<\/span><span style=\"font-weight: 400;\"><br \/><\/span><span style=\"font-weight: 400;\">Young Generation Art Fair, Godot Institute of Contemporary Art, Budapest<br \/><\/span><span style=\"font-weight: 400;\">UNICEF \/ Luppart Alap\u00edtv\u00e1ny, Aukci\u00f3 \u00e9s ki\u00e1ll\u00edt\u00e1s, Brody House, Budapest<\/span><\/p><p><span style=\"font-weight: 400;\">2018<\/span><span style=\"font-weight: 400;\"><br \/><\/span><span style=\"font-weight: 400;\">Young Generation Art Fair, Godot Institute of Contemporary Art, Budapest<\/span><\/p><p><span style=\"font-weight: 400;\">Internation Talent Support 2018, Vogue Italia, Design Exhibition, Trieste, Olaszorsz\u00e1g<\/span><\/p><p><span style=\"font-weight: 400;\">2016<\/span><span style=\"font-weight: 400;\"><br \/><\/span><span style=\"font-weight: 400;\">Art Market Budapest, Millen\u00e1ris, Budapest<\/span><\/p><p><span style=\"font-weight: 400;\">Budapest100 \u2018100 Years Old Buildings\u2019, Budapest<\/span><\/p><p><b>V\u00e1s\u00e1rok<br \/><\/b><span style=\"font-weight: 400;\">2023<br \/><\/span><span style=\"font-weight: 400;\">Budapest Contemporary, Moln\u00e1r Ani Gal\u00e9ria<\/span><\/p><p><b>Rezidencia programok<br \/><\/b><span style=\"font-weight: 400;\">2021<br \/><\/span><span style=\"font-weight: 400;\">Godot Institute of Contemporary Art Residency, Mez\u0151k\u00f6vesd<\/span><\/p><p><span style=\"font-weight: 400;\">2020<\/span><span style=\"font-weight: 400;\"><br \/><\/span><span style=\"font-weight: 400;\">Art+Text Gallery, Luppart Foundation Art Residency, Budapest<\/span><\/p><p><span style=\"font-weight: 400;\">2019<\/span><span style=\"font-weight: 400;\"><br \/><\/span><span style=\"font-weight: 400;\">Art+Text Gallery, Luppart Foundation Art Residency, Budapest<\/span><\/p><p><b>D\u00edjak<\/b><b><br \/><\/b><span style=\"font-weight: 400;\">2020<\/span><span style=\"font-weight: 400;\"><br \/><\/span><span style=\"font-weight: 400;\">Godot Institute of Contemporary Art:5. Godot M\u0171v\u00e9szeti V\u00e1s\u00e1r, 1. hely<\/span><\/p><p><span style=\"font-weight: 400;\">2018<\/span><span style=\"font-weight: 400;\"><br \/><\/span><span style=\"font-weight: 400;\">International Talent Support \u2013 ITS 2018, Finalist (Trieste (IT)<br \/><\/span><span style=\"font-weight: 400;\">REMIX Bronze Award, REMIX by Vogue Italia (Fur Fashion Week), Milan (IT)<\/span><\/p><p><span style=\"font-weight: 400;\">2017<\/span><span style=\"font-weight: 400;\"><br \/><\/span><span style=\"font-weight: 400;\">KRE\u00c1CI\u00d3, First place and Special Award, Budapest (HU)<\/span><\/p><p><span style=\"font-weight: 400;\">2016<\/span><span style=\"font-weight: 400;\"><br \/><\/span><span style=\"font-weight: 400;\">\u201cGombold \u00dajra!\u201d K\u00f6z\u00e9p-Eur\u00f3pai divattervez\u00e9s verseny, Budapest (HU)<\/span><\/p>\t\t\t\t\t\t\t\t<\/div>\n\t\t\t\t<\/div>\n\t\t\t\t\t<\/div>\n\t\t\t\t<\/div>\n\t\t\t\t<\/div>","protected":false},"excerpt":{"rendered":"<p>Wirth Abigail Wirth Abigail (1990, Budapest) munk\u00e1inak elm\u00e9leti \u00e9s \u00e9rzelmi h\u00e1tter\u00e9t a neurodivergens l\u00e9tez\u00e9s mindennapos \u00e9lm\u00e9nye adja, f\u0151k\u00e9pp az \u00f6nismeret \u00e9s az \u00f6nazonoss\u00e1g lehet\u0151s\u00e9gei \u00e9s korl\u00e1tai foglalkoztatj\u00e1k. Fontosnak tartja, hogy univerz\u00e1lis nyelven, befogadhat\u00f3 \u00e9s szabadon \u00e9rtelmezhet\u0151 m\u00f3don jelen\u00edtse meg az emberi \u00e9rzelmeket, a bizonytalans\u00e1g l\u00e9t\u00e1llapot\u00e1t. Festm\u00e9nyein gyakran jelenik meg h\u00edmz\u00e9s, de ker\u00e1mi\u00e1val \u00e9s m\u00e1s elj\u00e1r\u00e1sokkal is sz\u00edvesen foglalkozik a s\u00edkfel\u00fcletb\u0151l t\u00e9rbe val\u00f3 kil\u00e9p\u00e9s lehet\u0151s\u00e9gek\u00e9nt. Jelenleg a Moholy-Nagy M\u0171v\u00e9szeti Egyetem alapk\u00e9pz\u00e9s\u00e9nek ker\u00e1mia specializ\u00e1ci\u00f3j\u00e1t v\u00e9gzi, 2010 \u00e9s 2012, illetve 2015 \u00e9s 2016 k\u00f6z\u00f6tt a Mod\u2019Art International Hungary int\u00e9zm\u00e9ny\u00e9ben divattervez\u00e9st hallgatott. Fest\u00e9szeti h\u00e1tter\u00e9re a Magyar K\u00e9pz\u0151m\u0171v\u00e9szeti Egyetemen tett szert 2013 \u00e9s 2014 k\u00f6z\u00f6tt. Szerepelt m\u00e1r itthoni \u00e9s k\u00fclf\u00f6ldi csoportos ki\u00e1ll\u00edt\u00e1sokon is, els\u0151 egy\u00e9ni ki\u00e1ll\u00edt\u00e1sa 2015-ben volt. M\u0171alkot\u00e1sok 1990, Budapest Tanulm\u00e1nyok 2021- Moholy-Nagy M\u0171v\u00e9szeti Egyetem, T\u00e1rgyalkot\u00e1s BA, Ker\u00e1mia specializ\u00e1ci\u00f3 2020-2021Budapest Art Mentor Program 2015-2016Mod\u2019Art International Hungary, Divattervez\u00e9s 2013-2014Magyar K\u00e9pz\u0151m\u0171v\u00e9szeti Egyetem, Fest\u0151m\u0171v\u00e9sz szak 2010-2012Mod\u2019Art International Hungary, Divattervez\u00e9s Egy\u00e9ni ki\u00e1ll\u00edt\u00e1sok 2022Hinni akarok, Godot Institute of Contemporary Art, Budapest, Magyarorsz\u00e1g 2015H\u00e1rom H\u00e9t Gal\u00e9ria, Budapest, Magyarorsz\u00e1g \u00a0 Csoportos ki\u00e1ll\u00edt\u00e1sok2023Room of Their Own, Moln\u00e1r Ani Gal\u00e9ria, Budapest 2021Felfedez\u0151k 4., K\u00e9pez\u0151, Budapest 2020Young Generation Art Fair, Godot Institute of Contemporary Art, BudapestClosed Door, Open call csoportos ki\u00e1ll\u00edt\u00e1s, 1111 Gal\u00e9ria, Budapest 2019Young Generation Art Fair, Godot Institute of Contemporary Art, BudapestUNICEF \/ Luppart Alap\u00edtv\u00e1ny, Aukci\u00f3 \u00e9s ki\u00e1ll\u00edt\u00e1s, Brody House, Budapest 2018Young Generation Art Fair, Godot Institute of Contemporary Art, Budapest Internation Talent Support 2018, Vogue Italia, Design Exhibition, Trieste, Olaszorsz\u00e1g 2016Art Market Budapest, Millen\u00e1ris, Budapest Budapest100 \u2018100 Years Old Buildings\u2019, Budapest V\u00e1s\u00e1rok2023Budapest Contemporary, Moln\u00e1r Ani Gal\u00e9ria Rezidencia programok2021Godot Institute of Contemporary Art Residency, Mez\u0151k\u00f6vesd 2020Art+Text Gallery, Luppart Foundation Art Residency, Budapest 2019Art+Text Gallery, Luppart Foundation Art Residency, Budapest D\u00edjak2020Godot Institute of Contemporary Art:5. Godot M\u0171v\u00e9szeti V\u00e1s\u00e1r, 1. hely 2018International Talent Support \u2013 ITS 2018, Finalist (Trieste (IT)REMIX Bronze Award, REMIX by Vogue Italia (Fur Fashion Week), Milan (IT) 2017KRE\u00c1CI\u00d3, First place and Special Award, Budapest (HU) 2016\u201cGombold \u00dajra!\u201d K\u00f6z\u00e9p-Eur\u00f3pai divattervez\u00e9s verseny, Budapest (HU)<\/p>","protected":false},"author":1,"featured_media":0,"parent":0,"menu_order":0,"comment_status":"closed","ping_status":"closed","template":"","meta":{"footnotes":""},"class_list":["post-2343","page","type-page","status-publish","hentry"],"_links":{"self":[{"href":"https:\/\/amprojects.hu\/en\/wp-json\/wp\/v2\/pages\/2343","targetHints":{"allow":["GET"]}}],"collection":[{"href":"https:\/\/amprojects.hu\/en\/wp-json\/wp\/v2\/pages"}],"about":[{"href":"https:\/\/amprojects.hu\/en\/wp-json\/wp\/v2\/types\/page"}],"author":[{"embeddable":true,"href":"https:\/\/amprojects.hu\/en\/wp-json\/wp\/v2\/users\/1"}],"replies":[{"embeddable":true,"href":"https:\/\/amprojects.hu\/en\/wp-json\/wp\/v2\/comments?post=2343"}],"version-history":[{"count":19,"href":"https:\/\/amprojects.hu\/en\/wp-json\/wp\/v2\/pages\/2343\/revisions"}],"predecessor-version":[{"id":2510,"href":"https:\/\/amprojects.hu\/en\/wp-json\/wp\/v2\/pages\/2343\/revisions\/2510"}],"wp:attachment":[{"href":"https:\/\/amprojects.hu\/en\/wp-json\/wp\/v2\/media?parent=2343"}],"curies":[{"name":"wp","href":"https:\/\/api.w.org\/{rel}","templated":true}]}}