{"id":2362,"date":"2025-11-28T13:42:11","date_gmt":"2025-11-28T13:42:11","guid":{"rendered":"https:\/\/amprojects.hu\/?page_id=2362"},"modified":"2026-01-22T09:32:30","modified_gmt":"2026-01-22T09:32:30","slug":"combarro-petra-inez","status":"publish","type":"page","link":"https:\/\/amprojects.hu\/en\/combarro-petra-inez\/","title":{"rendered":"Petra Inez Combarro"},"content":{"rendered":"<div data-elementor-type=\"wp-page\" data-elementor-id=\"2362\" class=\"elementor elementor-2362\" data-elementor-post-type=\"page\">\n\t\t\t\t<div class=\"elementor-element elementor-element-a12598c e-flex e-con-boxed wpr-particle-no wpr-jarallax-no wpr-parallax-no wpr-sticky-section-no e-con e-parent\" data-id=\"a12598c\" data-element_type=\"container\" data-e-type=\"container\" data-settings=\"{&quot;background_background&quot;:&quot;classic&quot;}\">\n\t\t\t\t\t<div class=\"e-con-inner\">\n\t\t<div class=\"elementor-element elementor-element-43c5c9b e-con-full e-flex wpr-particle-no wpr-jarallax-no wpr-parallax-no wpr-sticky-section-no e-con e-child\" data-id=\"43c5c9b\" data-element_type=\"container\" data-e-type=\"container\">\n\t\t\t\t<div class=\"elementor-element elementor-element-7b0eb73 elementor-widget__width-inherit elementor-widget elementor-widget-heading\" data-id=\"7b0eb73\" data-element_type=\"widget\" data-e-type=\"widget\" data-widget_type=\"heading.default\">\n\t\t\t\t\t<h2 class=\"elementor-heading-title elementor-size-default\">Petra Inez Combarro<\/h2>\t\t\t\t<\/div>\n\t\t\t\t<div class=\"elementor-element elementor-element-ebe6e9a elementor-widget__width-initial elementor-widget elementor-widget-text-editor\" data-id=\"ebe6e9a\" data-element_type=\"widget\" data-e-type=\"widget\" data-widget_type=\"text-editor.default\">\n\t\t\t\t\t\t\t\t\t<p><strong>Petra Inez Combarro<\/strong> (1993, Budapest) graduated from the Hungarian University of Fine Arts in 2019 as a sculptor, and has been a member of BAGUDA Association since 2023. Her art is based on the reworking of found objects: she creates new, fairy tale-like creatures from damaged porcelain figurines, both perpetuating and recoloring the knick-knacks of our grandmothers. The resulting situations are surprising and humorous, relieving the rigidity and pathetic nature of the material. In 2018, she was awarded the Fundamenta-Amadeus Creative Scholarship.<\/p>\t\t\t\t\t\t\t\t<\/div>\n\t\t\t\t<div class=\"elementor-element elementor-element-b1dde77 elementor-widget elementor-widget-button\" data-id=\"b1dde77\" data-element_type=\"widget\" data-e-type=\"widget\" data-widget_type=\"button.default\">\n\t\t\t\t\t\t\t\t\t\t<a class=\"elementor-button elementor-button-link elementor-size-sm elementor-animation-grow\" href=\"https:\/\/amprojects.hu\/en\/combarro-petra-inez-eletrajz\/\">\n\t\t\t\t\t\t<span class=\"elementor-button-content-wrapper\">\n\t\t\t\t\t\t<span class=\"elementor-button-icon\">\n\t\t\t\t<svg aria-hidden=\"true\" class=\"e-font-icon-svg e-fas-angle-double-right\" viewbox=\"0 0 448 512\" xmlns=\"http:\/\/www.w3.org\/2000\/svg\"><path d=\"M224.3 273l-136 136c-9.4 9.4-24.6 9.4-33.9 0l-22.6-22.6c-9.4-9.4-9.4-24.6 0-33.9l96.4-96.4-96.4-96.4c-9.4-9.4-9.4-24.6 0-33.9L54.3 103c9.4-9.4 24.6-9.4 33.9 0l136 136c9.5 9.4 9.5 24.6.1 34zm192-34l-136-136c-9.4-9.4-24.6-9.4-33.9 0l-22.6 22.6c-9.4 9.4-9.4 24.6 0 33.9l96.4 96.4-96.4 96.4c-9.4 9.4-9.4 24.6 0 33.9l22.6 22.6c9.4 9.4 24.6 9.4 33.9 0l136-136c9.4-9.2 9.4-24.4 0-33.8z\"><\/path><\/svg>\t\t\t<\/span>\n\t\t\t\t\t\t\t\t\t<span class=\"elementor-button-text\">Biography<\/span>\n\t\t\t\t\t<\/span>\n\t\t\t\t\t<\/a>\n\t\t\t\t\t\t\t\t<\/div>\n\t\t\t\t<\/div>\n\t\t<div class=\"elementor-element elementor-element-8a55527 e-con-full e-flex wpr-particle-no wpr-jarallax-no wpr-parallax-no wpr-sticky-section-no e-con e-child\" data-id=\"8a55527\" data-element_type=\"container\" data-e-type=\"container\">\n\t\t\t\t<div class=\"elementor-element elementor-element-10b5323 elementor-widget elementor-widget-gallery\" data-id=\"10b5323\" data-element_type=\"widget\" data-e-type=\"widget\" data-settings=\"{&quot;gallery_layout&quot;:&quot;justified&quot;,&quot;ideal_row_height&quot;:{&quot;unit&quot;:&quot;px&quot;,&quot;size&quot;:200,&quot;sizes&quot;:[]},&quot;ideal_row_height_tablet&quot;:{&quot;unit&quot;:&quot;px&quot;,&quot;size&quot;:150,&quot;sizes&quot;:[]},&quot;ideal_row_height_mobile&quot;:{&quot;unit&quot;:&quot;px&quot;,&quot;size&quot;:150,&quot;sizes&quot;:[]},&quot;gap&quot;:{&quot;unit&quot;:&quot;px&quot;,&quot;size&quot;:10,&quot;sizes&quot;:[]},&quot;gap_tablet&quot;:{&quot;unit&quot;:&quot;px&quot;,&quot;size&quot;:10,&quot;sizes&quot;:[]},&quot;gap_mobile&quot;:{&quot;unit&quot;:&quot;px&quot;,&quot;size&quot;:10,&quot;sizes&quot;:[]},&quot;link_to&quot;:&quot;file&quot;,&quot;overlay_background&quot;:&quot;yes&quot;,&quot;content_hover_animation&quot;:&quot;fade-in&quot;}\" data-widget_type=\"gallery.default\">\n\t\t\t\t\t\t\t<div class=\"elementor-gallery__container\">\n\t\t\t\t\t\t\t<a class=\"e-gallery-item elementor-gallery-item elementor-animated-content\" href=\"https:\/\/amprojects.hu\/wp-content\/uploads\/2025\/11\/IMG_4987-Edit-masolat-scaled.jpg\" data-elementor-open-lightbox=\"yes\" data-elementor-lightbox-slideshow=\"10b5323\" data-elementor-lightbox-title=\"IMG_4987-Edit ma\u0301solat\" data-e-action-hash=\"#elementor-action%3Aaction%3Dlightbox%26settings%3DeyJpZCI6MjQzMSwidXJsIjoiaHR0cHM6XC9cL2FtcHJvamVjdHMuaHVcL3dwLWNvbnRlbnRcL3VwbG9hZHNcLzIwMjVcLzExXC9JTUdfNDk4Ny1FZGl0LW1hc29sYXQtc2NhbGVkLmpwZyIsInNsaWRlc2hvdyI6IjEwYjUzMjMifQ%3D%3D\">\n\t\t\t\t\t<div class=\"e-gallery-image elementor-gallery-item__image\" data-thumbnail=\"https:\/\/amprojects.hu\/wp-content\/uploads\/2025\/11\/IMG_4987-Edit-masolat-scaled.jpg\" data-width=\"1916\" data-height=\"2560\" aria-label=\"\" role=\"img\" ><\/div>\n\t\t\t\t\t\t\t\t\t\t\t<div class=\"elementor-gallery-item__overlay\"><\/div>\n\t\t\t\t\t\t\t\t\t\t\t\t\t\t<\/a>\n\t\t\t\t\t\t\t<a class=\"e-gallery-item elementor-gallery-item elementor-animated-content\" href=\"https:\/\/amprojects.hu\/wp-content\/uploads\/2025\/11\/IMG_4991-masolat-scaled.jpg\" data-elementor-open-lightbox=\"yes\" data-elementor-lightbox-slideshow=\"10b5323\" data-elementor-lightbox-title=\"IMG_4991 ma\u0301solat\" data-e-action-hash=\"#elementor-action%3Aaction%3Dlightbox%26settings%3DeyJpZCI6MjQzNSwidXJsIjoiaHR0cHM6XC9cL2FtcHJvamVjdHMuaHVcL3dwLWNvbnRlbnRcL3VwbG9hZHNcLzIwMjVcLzExXC9JTUdfNDk5MS1tYXNvbGF0LXNjYWxlZC5qcGciLCJzbGlkZXNob3ciOiIxMGI1MzIzIn0%3D\">\n\t\t\t\t\t<div class=\"e-gallery-image elementor-gallery-item__image\" data-thumbnail=\"https:\/\/amprojects.hu\/wp-content\/uploads\/2025\/11\/IMG_4991-masolat-scaled.jpg\" data-width=\"2287\" data-height=\"2560\" aria-label=\"\" role=\"img\" ><\/div>\n\t\t\t\t\t\t\t\t\t\t\t<div class=\"elementor-gallery-item__overlay\"><\/div>\n\t\t\t\t\t\t\t\t\t\t\t\t\t\t<\/a>\n\t\t\t\t\t\t\t<a class=\"e-gallery-item elementor-gallery-item elementor-animated-content\" href=\"https:\/\/amprojects.hu\/wp-content\/uploads\/2025\/11\/Panelpompa_02_VargaSzabolcsLajos-scaled.png\" data-elementor-open-lightbox=\"yes\" data-elementor-lightbox-slideshow=\"10b5323\" data-elementor-lightbox-title=\"Panelpompa_02_VargaSzabolcsLajos\" data-e-action-hash=\"#elementor-action%3Aaction%3Dlightbox%26settings%3DeyJpZCI6Mjc1MiwidXJsIjoiaHR0cHM6XC9cL2FtcHJvamVjdHMuaHVcL3dwLWNvbnRlbnRcL3VwbG9hZHNcLzIwMjVcLzExXC9QYW5lbHBvbXBhXzAyX1ZhcmdhU3phYm9sY3NMYWpvcy1zY2FsZWQucG5nIiwic2xpZGVzaG93IjoiMTBiNTMyMyJ9\">\n\t\t\t\t\t<div class=\"e-gallery-image elementor-gallery-item__image\" data-thumbnail=\"https:\/\/amprojects.hu\/wp-content\/uploads\/2025\/11\/Panelpompa_02_VargaSzabolcsLajos-scaled.png\" data-width=\"2560\" data-height=\"1707\" aria-label=\"\" role=\"img\" ><\/div>\n\t\t\t\t\t\t\t\t\t\t\t<div class=\"elementor-gallery-item__overlay\"><\/div>\n\t\t\t\t\t\t\t\t\t\t\t\t\t\t<\/a>\n\t\t\t\t\t\t\t<a class=\"e-gallery-item elementor-gallery-item elementor-animated-content\" href=\"https:\/\/amprojects.hu\/wp-content\/uploads\/2025\/11\/Panelpompa_05_VargaSzabolcsLajos-scaled.png\" data-elementor-open-lightbox=\"yes\" data-elementor-lightbox-slideshow=\"10b5323\" data-elementor-lightbox-title=\"Panelpompa_05_VargaSzabolcsLajos\" data-e-action-hash=\"#elementor-action%3Aaction%3Dlightbox%26settings%3DeyJpZCI6Mjc1MywidXJsIjoiaHR0cHM6XC9cL2FtcHJvamVjdHMuaHVcL3dwLWNvbnRlbnRcL3VwbG9hZHNcLzIwMjVcLzExXC9QYW5lbHBvbXBhXzA1X1ZhcmdhU3phYm9sY3NMYWpvcy1zY2FsZWQucG5nIiwic2xpZGVzaG93IjoiMTBiNTMyMyJ9\">\n\t\t\t\t\t<div class=\"e-gallery-image elementor-gallery-item__image\" data-thumbnail=\"https:\/\/amprojects.hu\/wp-content\/uploads\/2025\/11\/Panelpompa_05_VargaSzabolcsLajos-scaled.png\" data-width=\"2560\" data-height=\"2040\" aria-label=\"\" role=\"img\" ><\/div>\n\t\t\t\t\t\t\t\t\t\t\t<div class=\"elementor-gallery-item__overlay\"><\/div>\n\t\t\t\t\t\t\t\t\t\t\t\t\t\t<\/a>\n\t\t\t\t\t<\/div>\n\t\t\t\t\t<\/div>\n\t\t\t\t<\/div>\n\t\t\t\t\t<\/div>\n\t\t\t\t<\/div>\n\t\t\t\t<\/div>","protected":false},"excerpt":{"rendered":"<p>Combarro Petra Inez Combarro Petra Inez (1993, Budapest) 2019-ben v\u00e9gzett a Magyar K\u00e9pz\u0151m\u0171v\u00e9szeti Egyetem szobr\u00e1sz szak\u00e1n, 2023 \u00f3ta a BAGUDA Egyes\u00fclet tagja. M\u0171v\u00e9szete a tal\u00e1lt t\u00e1rgyak \u00e1tdolgoz\u00e1s\u00e1ra \u00e9p\u00fcl: s\u00e9r\u00fclt porcel\u00e1n figur\u00e1kb\u00f3l kre\u00e1l \u00faj, mesebeli l\u00e9nyeket, ezzel egyszerre \u00f6r\u00f6k\u00edtve tov\u00e1bb \u00e9s sz\u00ednezve \u00e1t nagyany\u00e1ink nippjeit. Az \u00edgy l\u00e9trej\u00f6v\u0151 szitu\u00e1ci\u00f3k meglep\u0151ek \u00e9s humorosak, oldj\u00e1k az anyag merevs\u00e9g\u00e9t \u00e9s patetikuss\u00e1g\u00e1t. 2018-ban elnyerte a Fundamenta-Amadeus Alkot\u00f3i \u00d6szt\u00f6nd\u00edj\u00e1t. \u00c9letrajz<\/p>","protected":false},"author":1,"featured_media":0,"parent":0,"menu_order":0,"comment_status":"closed","ping_status":"closed","template":"","meta":{"footnotes":""},"class_list":["post-2362","page","type-page","status-publish","hentry"],"_links":{"self":[{"href":"https:\/\/amprojects.hu\/en\/wp-json\/wp\/v2\/pages\/2362","targetHints":{"allow":["GET"]}}],"collection":[{"href":"https:\/\/amprojects.hu\/en\/wp-json\/wp\/v2\/pages"}],"about":[{"href":"https:\/\/amprojects.hu\/en\/wp-json\/wp\/v2\/types\/page"}],"author":[{"embeddable":true,"href":"https:\/\/amprojects.hu\/en\/wp-json\/wp\/v2\/users\/1"}],"replies":[{"embeddable":true,"href":"https:\/\/amprojects.hu\/en\/wp-json\/wp\/v2\/comments?post=2362"}],"version-history":[{"count":19,"href":"https:\/\/amprojects.hu\/en\/wp-json\/wp\/v2\/pages\/2362\/revisions"}],"predecessor-version":[{"id":3073,"href":"https:\/\/amprojects.hu\/en\/wp-json\/wp\/v2\/pages\/2362\/revisions\/3073"}],"wp:attachment":[{"href":"https:\/\/amprojects.hu\/en\/wp-json\/wp\/v2\/media?parent=2362"}],"curies":[{"name":"wp","href":"https:\/\/api.w.org\/{rel}","templated":true}]}}