{"id":2729,"date":"2025-11-30T12:08:26","date_gmt":"2025-11-30T12:08:26","guid":{"rendered":"https:\/\/amprojects.hu\/?page_id=2729"},"modified":"2025-11-30T12:17:41","modified_gmt":"2025-11-30T12:17:41","slug":"mendreczky-karina","status":"publish","type":"page","link":"https:\/\/amprojects.hu\/en\/mendreczky-karina\/","title":{"rendered":"Karina Mendreczky"},"content":{"rendered":"<div data-elementor-type=\"wp-page\" data-elementor-id=\"2729\" class=\"elementor elementor-2729\" data-elementor-post-type=\"page\">\n\t\t\t\t<div class=\"elementor-element elementor-element-a7c1f97 e-flex e-con-boxed wpr-particle-no wpr-jarallax-no wpr-parallax-no wpr-sticky-section-no e-con e-parent\" data-id=\"a7c1f97\" data-element_type=\"container\" data-e-type=\"container\" data-settings=\"{&quot;background_background&quot;:&quot;classic&quot;}\">\n\t\t\t\t\t<div class=\"e-con-inner\">\n\t\t<div class=\"elementor-element elementor-element-4384bb4 e-con-full e-flex wpr-particle-no wpr-jarallax-no wpr-parallax-no wpr-sticky-section-no e-con e-child\" data-id=\"4384bb4\" data-element_type=\"container\" data-e-type=\"container\">\n\t\t\t\t<div class=\"elementor-element elementor-element-ea947a1 elementor-widget__width-inherit elementor-widget elementor-widget-heading\" data-id=\"ea947a1\" data-element_type=\"widget\" data-e-type=\"widget\" data-widget_type=\"heading.default\">\n\t\t\t\t\t<h2 class=\"elementor-heading-title elementor-size-default\">Karina Mendreczky<\/h2>\t\t\t\t<\/div>\n\t\t\t\t<div class=\"elementor-element elementor-element-563633f elementor-widget__width-initial elementor-widget elementor-widget-text-editor\" data-id=\"563633f\" data-element_type=\"widget\" data-e-type=\"widget\" data-widget_type=\"text-editor.default\">\n\t\t\t\t\t\t\t\t\t<p><strong>Karina Mendreczky<\/strong> (1988, Budapest) works around themes of human and social identity, which interest her both as collective and deeply personal phenomena. Her childhood memories often serve as a starting point. Her works feature recurring elements such as photo collages, etchings on Japanese paper, and delicately scratched drawings on acrylic glass. She frequently employs translucent structures that make use of the interplay of light and shadow.<\/p><p><strong>Katalin Kortmann-J\u00e1ray and Karina Mendreczky<\/strong> have been working closely together since 2019. They create large-scale, walk-through installations using a spatial collage of various elements. Their cooperated work combines different techniques and materials to create their metaphorically feminine spaces. Both artists exhibit regularly at national and international group shows and art fairs. In 2023, they were jointly awarded the Esterh\u00e1zy Art Prize, a prestigious award for young artists in Hungary, with their works showcased at venues such as Q21 Salon in Vienna, Budapest Gallery, Ludwig Museum in Budapest, and MODEM in Debrecen. Since 2024, they are represented by\u00a0am projects, following their highly acclaimed debut exhibition, The Long Sigh of the Frog. This year, they also presented site-specific installations in Beijing and at Arsenal Gallery in Poland.<\/p>\t\t\t\t\t\t\t\t<\/div>\n\t\t\t\t<div class=\"elementor-element elementor-element-bd5c140 elementor-widget elementor-widget-button\" data-id=\"bd5c140\" data-element_type=\"widget\" data-e-type=\"widget\" data-widget_type=\"button.default\">\n\t\t\t\t\t\t\t\t\t\t<a class=\"elementor-button elementor-button-link elementor-size-sm elementor-animation-grow\" href=\"https:\/\/amprojects.hu\/en\/mendreczky-karina-eletrajz\/\">\n\t\t\t\t\t\t<span class=\"elementor-button-content-wrapper\">\n\t\t\t\t\t\t<span class=\"elementor-button-icon\">\n\t\t\t\t<svg aria-hidden=\"true\" class=\"e-font-icon-svg e-fas-angle-double-right\" viewbox=\"0 0 448 512\" xmlns=\"http:\/\/www.w3.org\/2000\/svg\"><path d=\"M224.3 273l-136 136c-9.4 9.4-24.6 9.4-33.9 0l-22.6-22.6c-9.4-9.4-9.4-24.6 0-33.9l96.4-96.4-96.4-96.4c-9.4-9.4-9.4-24.6 0-33.9L54.3 103c9.4-9.4 24.6-9.4 33.9 0l136 136c9.5 9.4 9.5 24.6.1 34zm192-34l-136-136c-9.4-9.4-24.6-9.4-33.9 0l-22.6 22.6c-9.4 9.4-9.4 24.6 0 33.9l96.4 96.4-96.4 96.4c-9.4 9.4-9.4 24.6 0 33.9l22.6 22.6c9.4 9.4 24.6 9.4 33.9 0l136-136c9.4-9.2 9.4-24.4 0-33.8z\"><\/path><\/svg>\t\t\t<\/span>\n\t\t\t\t\t\t\t\t\t<span class=\"elementor-button-text\">Karina Mendreczky biography<\/span>\n\t\t\t\t\t<\/span>\n\t\t\t\t\t<\/a>\n\t\t\t\t\t\t\t\t<\/div>\n\t\t\t\t<\/div>\n\t\t<div class=\"elementor-element elementor-element-b90feca e-con-full e-flex wpr-particle-no wpr-jarallax-no wpr-parallax-no wpr-sticky-section-no e-con e-child\" data-id=\"b90feca\" data-element_type=\"container\" data-e-type=\"container\">\n\t\t\t\t<div class=\"elementor-element elementor-element-3ca9527 elementor-widget elementor-widget-gallery\" data-id=\"3ca9527\" data-element_type=\"widget\" data-e-type=\"widget\" data-settings=\"{&quot;gallery_layout&quot;:&quot;justified&quot;,&quot;ideal_row_height&quot;:{&quot;unit&quot;:&quot;px&quot;,&quot;size&quot;:200,&quot;sizes&quot;:[]},&quot;ideal_row_height_tablet&quot;:{&quot;unit&quot;:&quot;px&quot;,&quot;size&quot;:150,&quot;sizes&quot;:[]},&quot;ideal_row_height_mobile&quot;:{&quot;unit&quot;:&quot;px&quot;,&quot;size&quot;:150,&quot;sizes&quot;:[]},&quot;gap&quot;:{&quot;unit&quot;:&quot;px&quot;,&quot;size&quot;:10,&quot;sizes&quot;:[]},&quot;gap_tablet&quot;:{&quot;unit&quot;:&quot;px&quot;,&quot;size&quot;:10,&quot;sizes&quot;:[]},&quot;gap_mobile&quot;:{&quot;unit&quot;:&quot;px&quot;,&quot;size&quot;:10,&quot;sizes&quot;:[]},&quot;link_to&quot;:&quot;file&quot;,&quot;overlay_background&quot;:&quot;yes&quot;,&quot;content_hover_animation&quot;:&quot;fade-in&quot;}\" data-widget_type=\"gallery.default\">\n\t\t\t\t\t\t\t<div class=\"elementor-gallery__container\">\n\t\t\t\t\t\t\t<a class=\"e-gallery-item elementor-gallery-item elementor-animated-content\" href=\"https:\/\/amprojects.hu\/wp-content\/uploads\/2025\/11\/Kepernyofoto-2025-11-28-15.26.45.png\" data-elementor-open-lightbox=\"yes\" data-elementor-lightbox-slideshow=\"3ca9527\" data-elementor-lightbox-title=\"Ke\u0301pernyo\u030bfoto\u0301 2025-11-28 - 15.26.45\" data-e-action-hash=\"#elementor-action%3Aaction%3Dlightbox%26settings%3DeyJpZCI6MjM5NiwidXJsIjoiaHR0cHM6XC9cL2FtcHJvamVjdHMuaHVcL3dwLWNvbnRlbnRcL3VwbG9hZHNcLzIwMjVcLzExXC9LZXBlcm55b2ZvdG8tMjAyNS0xMS0yOC0xNS4yNi40NS5wbmciLCJzbGlkZXNob3ciOiIzY2E5NTI3In0%3D\">\n\t\t\t\t\t<div class=\"e-gallery-image elementor-gallery-item__image\" data-thumbnail=\"https:\/\/amprojects.hu\/wp-content\/uploads\/2025\/11\/Kepernyofoto-2025-11-28-15.26.45.png\" data-width=\"1990\" data-height=\"1018\" aria-label=\"\" role=\"img\" ><\/div>\n\t\t\t\t\t\t\t\t\t\t\t<div class=\"elementor-gallery-item__overlay\"><\/div>\n\t\t\t\t\t\t\t\t\t\t\t\t\t\t<\/a>\n\t\t\t\t\t\t\t<a class=\"e-gallery-item elementor-gallery-item elementor-animated-content\" href=\"https:\/\/amprojects.hu\/wp-content\/uploads\/2025\/11\/katalin2.jpeg\" data-elementor-open-lightbox=\"yes\" data-elementor-lightbox-slideshow=\"3ca9527\" data-elementor-lightbox-title=\"katalin2\" data-e-action-hash=\"#elementor-action%3Aaction%3Dlightbox%26settings%3DeyJpZCI6MjM3OSwidXJsIjoiaHR0cHM6XC9cL2FtcHJvamVjdHMuaHVcL3dwLWNvbnRlbnRcL3VwbG9hZHNcLzIwMjVcLzExXC9rYXRhbGluMi5qcGVnIiwic2xpZGVzaG93IjoiM2NhOTUyNyJ9\">\n\t\t\t\t\t<div class=\"e-gallery-image elementor-gallery-item__image\" data-thumbnail=\"https:\/\/amprojects.hu\/wp-content\/uploads\/2025\/11\/katalin2.jpeg\" data-width=\"980\" data-height=\"1412\" aria-label=\"\" role=\"img\" ><\/div>\n\t\t\t\t\t\t\t\t\t\t\t<div class=\"elementor-gallery-item__overlay\"><\/div>\n\t\t\t\t\t\t\t\t\t\t\t\t\t\t<\/a>\n\t\t\t\t\t\t\t<a class=\"e-gallery-item elementor-gallery-item elementor-animated-content\" href=\"https:\/\/amprojects.hu\/wp-content\/uploads\/2025\/11\/katalin.png\" data-elementor-open-lightbox=\"yes\" data-elementor-lightbox-slideshow=\"3ca9527\" data-elementor-lightbox-title=\"katalin\" data-e-action-hash=\"#elementor-action%3Aaction%3Dlightbox%26settings%3DeyJpZCI6MjM3NywidXJsIjoiaHR0cHM6XC9cL2FtcHJvamVjdHMuaHVcL3dwLWNvbnRlbnRcL3VwbG9hZHNcLzIwMjVcLzExXC9rYXRhbGluLnBuZyIsInNsaWRlc2hvdyI6IjNjYTk1MjcifQ%3D%3D\">\n\t\t\t\t\t<div class=\"e-gallery-image elementor-gallery-item__image\" data-thumbnail=\"https:\/\/amprojects.hu\/wp-content\/uploads\/2025\/11\/katalin.png\" data-width=\"992\" data-height=\"430\" aria-label=\"\" role=\"img\" ><\/div>\n\t\t\t\t\t\t\t\t\t\t\t<div class=\"elementor-gallery-item__overlay\"><\/div>\n\t\t\t\t\t\t\t\t\t\t\t\t\t\t<\/a>\n\t\t\t\t\t\t\t<a class=\"e-gallery-item elementor-gallery-item elementor-animated-content\" href=\"https:\/\/amprojects.hu\/wp-content\/uploads\/2025\/11\/IMG_4139-scaled.jpg\" data-elementor-open-lightbox=\"yes\" data-elementor-lightbox-slideshow=\"3ca9527\" data-elementor-lightbox-title=\"IMG_4139\" data-e-action-hash=\"#elementor-action%3Aaction%3Dlightbox%26settings%3DeyJpZCI6MjQ4MywidXJsIjoiaHR0cHM6XC9cL2FtcHJvamVjdHMuaHVcL3dwLWNvbnRlbnRcL3VwbG9hZHNcLzIwMjVcLzExXC9JTUdfNDEzOS1zY2FsZWQuanBnIiwic2xpZGVzaG93IjoiM2NhOTUyNyJ9\">\n\t\t\t\t\t<div class=\"e-gallery-image elementor-gallery-item__image\" data-thumbnail=\"https:\/\/amprojects.hu\/wp-content\/uploads\/2025\/11\/IMG_4139-scaled.jpg\" data-width=\"1935\" data-height=\"2560\" aria-label=\"\" role=\"img\" ><\/div>\n\t\t\t\t\t\t\t\t\t\t\t<div class=\"elementor-gallery-item__overlay\"><\/div>\n\t\t\t\t\t\t\t\t\t\t\t\t\t\t<\/a>\n\t\t\t\t\t\t\t<a class=\"e-gallery-item elementor-gallery-item elementor-animated-content\" href=\"https:\/\/amprojects.hu\/wp-content\/uploads\/2025\/11\/IMG_4110-scaled.jpg\" data-elementor-open-lightbox=\"yes\" data-elementor-lightbox-slideshow=\"3ca9527\" data-elementor-lightbox-title=\"IMG_4110\" data-e-action-hash=\"#elementor-action%3Aaction%3Dlightbox%26settings%3DeyJpZCI6MjQ4MiwidXJsIjoiaHR0cHM6XC9cL2FtcHJvamVjdHMuaHVcL3dwLWNvbnRlbnRcL3VwbG9hZHNcLzIwMjVcLzExXC9JTUdfNDExMC1zY2FsZWQuanBnIiwic2xpZGVzaG93IjoiM2NhOTUyNyJ9\">\n\t\t\t\t\t<div class=\"e-gallery-image elementor-gallery-item__image\" data-thumbnail=\"https:\/\/amprojects.hu\/wp-content\/uploads\/2025\/11\/IMG_4110-scaled.jpg\" data-width=\"2219\" data-height=\"2560\" aria-label=\"\" role=\"img\" ><\/div>\n\t\t\t\t\t\t\t\t\t\t\t<div class=\"elementor-gallery-item__overlay\"><\/div>\n\t\t\t\t\t\t\t\t\t\t\t\t\t\t<\/a>\n\t\t\t\t\t\t\t<a class=\"e-gallery-item elementor-gallery-item elementor-animated-content\" href=\"https:\/\/amprojects.hu\/wp-content\/uploads\/2025\/11\/MOLNAR_ANI_GALERIA_ARCO_2025_035-scaled.jpg\" data-elementor-open-lightbox=\"yes\" data-elementor-lightbox-slideshow=\"3ca9527\" data-elementor-lightbox-title=\"MOLNAR_ANI_GALERIA_ARCO_2025_035\" data-e-action-hash=\"#elementor-action%3Aaction%3Dlightbox%26settings%3DeyJpZCI6MjQ4NywidXJsIjoiaHR0cHM6XC9cL2FtcHJvamVjdHMuaHVcL3dwLWNvbnRlbnRcL3VwbG9hZHNcLzIwMjVcLzExXC9NT0xOQVJfQU5JX0dBTEVSSUFfQVJDT18yMDI1XzAzNS1zY2FsZWQuanBnIiwic2xpZGVzaG93IjoiM2NhOTUyNyJ9\">\n\t\t\t\t\t<div class=\"e-gallery-image elementor-gallery-item__image\" data-thumbnail=\"https:\/\/amprojects.hu\/wp-content\/uploads\/2025\/11\/MOLNAR_ANI_GALERIA_ARCO_2025_035-scaled.jpg\" data-width=\"1707\" data-height=\"2560\" aria-label=\"\" role=\"img\" ><\/div>\n\t\t\t\t\t\t\t\t\t\t\t<div class=\"elementor-gallery-item__overlay\"><\/div>\n\t\t\t\t\t\t\t\t\t\t\t\t\t\t<\/a>\n\t\t\t\t\t\t\t<a class=\"e-gallery-item elementor-gallery-item elementor-animated-content\" href=\"https:\/\/amprojects.hu\/wp-content\/uploads\/2025\/11\/Karina_2-scaled.jpg\" data-elementor-open-lightbox=\"yes\" data-elementor-lightbox-slideshow=\"3ca9527\" data-elementor-lightbox-title=\"Karina_2\" data-e-action-hash=\"#elementor-action%3Aaction%3Dlightbox%26settings%3DeyJpZCI6MjQ4NSwidXJsIjoiaHR0cHM6XC9cL2FtcHJvamVjdHMuaHVcL3dwLWNvbnRlbnRcL3VwbG9hZHNcLzIwMjVcLzExXC9LYXJpbmFfMi1zY2FsZWQuanBnIiwic2xpZGVzaG93IjoiM2NhOTUyNyJ9\">\n\t\t\t\t\t<div class=\"e-gallery-image elementor-gallery-item__image\" data-thumbnail=\"https:\/\/amprojects.hu\/wp-content\/uploads\/2025\/11\/Karina_2-scaled.jpg\" data-width=\"2560\" data-height=\"1826\" aria-label=\"\" role=\"img\" ><\/div>\n\t\t\t\t\t\t\t\t\t\t\t<div class=\"elementor-gallery-item__overlay\"><\/div>\n\t\t\t\t\t\t\t\t\t\t\t\t\t\t<\/a>\n\t\t\t\t\t\t\t<a class=\"e-gallery-item elementor-gallery-item elementor-animated-content\" href=\"https:\/\/amprojects.hu\/wp-content\/uploads\/2025\/11\/IMG_4837-masolat-scaled.jpg\" data-elementor-open-lightbox=\"yes\" data-elementor-lightbox-slideshow=\"3ca9527\" data-elementor-lightbox-title=\"IMG_4837 ma\u0301solat\" data-e-action-hash=\"#elementor-action%3Aaction%3Dlightbox%26settings%3DeyJpZCI6MjQ4NCwidXJsIjoiaHR0cHM6XC9cL2FtcHJvamVjdHMuaHVcL3dwLWNvbnRlbnRcL3VwbG9hZHNcLzIwMjVcLzExXC9JTUdfNDgzNy1tYXNvbGF0LXNjYWxlZC5qcGciLCJzbGlkZXNob3ciOiIzY2E5NTI3In0%3D\">\n\t\t\t\t\t<div class=\"e-gallery-image elementor-gallery-item__image\" data-thumbnail=\"https:\/\/amprojects.hu\/wp-content\/uploads\/2025\/11\/IMG_4837-masolat-scaled.jpg\" data-width=\"2547\" data-height=\"2560\" aria-label=\"\" role=\"img\" ><\/div>\n\t\t\t\t\t\t\t\t\t\t\t<div class=\"elementor-gallery-item__overlay\"><\/div>\n\t\t\t\t\t\t\t\t\t\t\t\t\t\t<\/a>\n\t\t\t\t\t<\/div>\n\t\t\t\t\t<\/div>\n\t\t\t\t<\/div>\n\t\t\t\t\t<\/div>\n\t\t\t\t<\/div>\n\t\t\t\t<\/div>","protected":false},"excerpt":{"rendered":"<p>Mendreczky Karina Mendreczky Karina (1988, Budapest) munk\u00e1i az emberi \u00e9s t\u00e1rsadalmi identit\u00e1s k\u00f6r\u00e9 \u00e9p\u00fclnek, amely a m\u0171v\u00e9szt kollekt\u00edv \u00e9s szem\u00e9lyes jelens\u00e9gk\u00e9nt egyar\u00e1nt foglalkoztatja. Gyakran szolg\u00e1lnak kiindul\u00f3pontk\u00e9nt gyerekkori eml\u00e9kei. M\u0171veiben visszat\u00e9r\u0151 elemek jelennek meg, p\u00e9ld\u00e1ul fot\u00f3koll\u00e1zsok, jap\u00e1n pap\u00edrra k\u00e9sz\u00fclt r\u00e9zkarcok, valamint finoman karcolt rajzok akril\u00fcvegen. Gyakran dolgozik f\u00e9ny \u00e9s \u00e1rny\u00e9k hat\u00e1sait kihaszn\u00e1l\u00f3 \u00e1ttetsz\u0151 strukt\u00far\u00e1kkal. Kortmann-J\u00e1ray Katalin \u00e9s Mendreczky Karina 2019 \u00f3ta dolgoznak szorosan egy\u00fctt. Nagy l\u00e9pt\u00e9k\u0171, bej\u00e1rhat\u00f3 install\u00e1ci\u00f3kat hoznak l\u00e9tre, amelyek k\u00fcl\u00f6nf\u00e9le elemek t\u00e9rbeli koll\u00e1zs\u00e1ra \u00e9p\u00fclnek. K\u00f6z\u00f6s munk\u00e1ik k\u00fcl\u00f6nb\u00f6z\u0151 technik\u00e1kat \u00e9s anyagokat \u00f6tv\u00f6znek, hogy metaforikusan n\u0151ies tereket hozzanak l\u00e9tre. Mindk\u00e9t m\u0171v\u00e9sz rendszeresen \u00e1ll\u00edt ki hazai \u00e9s nemzetk\u00f6zi csoportos ki\u00e1ll\u00edt\u00e1sokon \u00e9s m\u0171v\u00e9szeti v\u00e1s\u00e1rokon. 2023-ban k\u00f6z\u00f6sen nyert\u00e9k el az Esterh\u00e1zy M\u0171v\u00e9szeti D\u00edjat, amely Magyarorsz\u00e1g egyik rangos, fiatal m\u0171v\u00e9szeknek sz\u00f3l\u00f3 elismer\u00e9se. M\u0171veik olyan helysz\u00edneken ker\u00fcltek bemutat\u00e1sra, mint a b\u00e9csi Q21 Salon, a Budapest Gal\u00e9ria, a budapesti Ludwig M\u00fazeum \u00e9s a debreceni MODEM. 2024 \u00f3ta az am projects k\u00e9pviseli \u0151ket, nagy siker\u0171 deb\u00fct\u00e1l\u00f3 ki\u00e1ll\u00edt\u00e1suk, The Long Sigh of the Frog ut\u00e1n. Ebben az \u00e9vben helyspecifikus install\u00e1ci\u00f3kat mutattak be Pekingben \u00e9s a lengyelorsz\u00e1gi Arsenal Galleryben is. Mendreczky Karina \u00e9letrajz<\/p>","protected":false},"author":1,"featured_media":0,"parent":0,"menu_order":0,"comment_status":"closed","ping_status":"closed","template":"","meta":{"footnotes":""},"class_list":["post-2729","page","type-page","status-publish","hentry"],"_links":{"self":[{"href":"https:\/\/amprojects.hu\/en\/wp-json\/wp\/v2\/pages\/2729","targetHints":{"allow":["GET"]}}],"collection":[{"href":"https:\/\/amprojects.hu\/en\/wp-json\/wp\/v2\/pages"}],"about":[{"href":"https:\/\/amprojects.hu\/en\/wp-json\/wp\/v2\/types\/page"}],"author":[{"embeddable":true,"href":"https:\/\/amprojects.hu\/en\/wp-json\/wp\/v2\/users\/1"}],"replies":[{"embeddable":true,"href":"https:\/\/amprojects.hu\/en\/wp-json\/wp\/v2\/comments?post=2729"}],"version-history":[{"count":7,"href":"https:\/\/amprojects.hu\/en\/wp-json\/wp\/v2\/pages\/2729\/revisions"}],"predecessor-version":[{"id":2740,"href":"https:\/\/amprojects.hu\/en\/wp-json\/wp\/v2\/pages\/2729\/revisions\/2740"}],"wp:attachment":[{"href":"https:\/\/amprojects.hu\/en\/wp-json\/wp\/v2\/media?parent=2729"}],"curies":[{"name":"wp","href":"https:\/\/api.w.org\/{rel}","templated":true}]}}