{"id":3094,"date":"2026-01-22T11:22:40","date_gmt":"2026-01-22T11:22:40","guid":{"rendered":"https:\/\/amprojects.hu\/?post_type=product&#038;p=3094"},"modified":"2026-03-24T15:21:37","modified_gmt":"2026-03-24T15:21:37","slug":"homokvar-sandcastle-eva","status":"publish","type":"product","link":"https:\/\/amprojects.hu\/en\/product\/homokvar-sandcastle-eva\/","title":{"rendered":"Homokv\u00e1r \/ Sandcastle ( \u00c9va)"},"content":{"rendered":"<p class=\"p1\"><strong>Karina Mendreczky<\/strong><\/p>\n<p class=\"p1\"><strong>D\u00e1tum:\u00a02025<\/strong><\/p>\n<p class=\"p1\"><strong>Technika: fot\u00f3, koll\u00e1zs, homok, \u00e1sv\u00e1nypor, lakk, pap\u00edr<\/strong><\/p>\n<p class=\"p1\"><strong>M\u00e9ret: 17 x 11 cm <\/strong><\/p>","protected":false},"excerpt":{"rendered":"<p class=\"p1\"><strong>Karina Mendreczky<\/strong><\/p>\n<p class=\"p1\"><strong>D\u00e1tum:\u00a02025<\/strong><\/p>\n<p class=\"p1\"><strong>Technika: fot\u00f3, koll\u00e1zs, homok, \u00e1sv\u00e1nypor, lakk, pap\u00edr<\/strong><\/p>\n<p class=\"p1\"><strong>M\u00e9ret: 17 x 11 cm<\/strong><\/p>","protected":false},"featured_media":3092,"comment_status":"closed","ping_status":"closed","template":"","meta":[],"product_brand":[],"product_cat":[32],"product_tag":[],"class_list":{"0":"post-3094","1":"product","2":"type-product","3":"status-publish","4":"has-post-thumbnail","6":"product_cat-egyeb","8":"first","9":"instock","10":"taxable","11":"shipping-taxable","12":"product-type-external"},"_links":{"self":[{"href":"https:\/\/amprojects.hu\/en\/wp-json\/wp\/v2\/product\/3094","targetHints":{"allow":["GET"]}}],"collection":[{"href":"https:\/\/amprojects.hu\/en\/wp-json\/wp\/v2\/product"}],"about":[{"href":"https:\/\/amprojects.hu\/en\/wp-json\/wp\/v2\/types\/product"}],"replies":[{"embeddable":true,"href":"https:\/\/amprojects.hu\/en\/wp-json\/wp\/v2\/comments?post=3094"}],"wp:featuredmedia":[{"embeddable":true,"href":"https:\/\/amprojects.hu\/en\/wp-json\/wp\/v2\/media\/3092"}],"wp:attachment":[{"href":"https:\/\/amprojects.hu\/en\/wp-json\/wp\/v2\/media?parent=3094"}],"wp:term":[{"taxonomy":"product_brand","embeddable":true,"href":"https:\/\/amprojects.hu\/en\/wp-json\/wp\/v2\/product_brand?post=3094"},{"taxonomy":"product_cat","embeddable":true,"href":"https:\/\/amprojects.hu\/en\/wp-json\/wp\/v2\/product_cat?post=3094"},{"taxonomy":"product_tag","embeddable":true,"href":"https:\/\/amprojects.hu\/en\/wp-json\/wp\/v2\/product_tag?post=3094"}],"curies":[{"name":"wp","href":"https:\/\/api.w.org\/{rel}","templated":true}]}}