{"id":3097,"date":"2026-01-22T11:26:41","date_gmt":"2026-01-22T11:26:41","guid":{"rendered":"https:\/\/amprojects.hu\/?post_type=product&#038;p=3097"},"modified":"2026-03-24T15:20:53","modified_gmt":"2026-03-24T15:20:53","slug":"it-takes-a-village-3","status":"publish","type":"product","link":"https:\/\/amprojects.hu\/en\/product\/it-takes-a-village-3\/","title":{"rendered":"It takes a village 3"},"content":{"rendered":"","protected":false},"excerpt":{"rendered":"<p class=\"p1\"><strong>M\u0171v\u00e9sz: Wirth Abigail<\/strong><\/p>\n<p class=\"p1\"><strong>\u00c9vsz\u00e1m :\u00a02024<\/strong><\/p>\n<p class=\"p1\"><strong>Technika: magast\u00fcz\u0171 agyag, m\u00e1z felett k\u00e9zzel festve<\/strong><\/p>\n<p class=\"p1\"><strong>M\u00e9ret<i>:<\/i> 22 x 20 cm<\/strong><\/p>","protected":false},"featured_media":3098,"comment_status":"closed","ping_status":"closed","template":"","meta":[],"product_brand":[],"product_cat":[32],"product_tag":[],"class_list":{"0":"post-3097","1":"product","2":"type-product","3":"status-publish","4":"has-post-thumbnail","6":"product_cat-egyeb","8":"first","9":"instock","10":"taxable","11":"shipping-taxable","12":"product-type-external"},"_links":{"self":[{"href":"https:\/\/amprojects.hu\/en\/wp-json\/wp\/v2\/product\/3097","targetHints":{"allow":["GET"]}}],"collection":[{"href":"https:\/\/amprojects.hu\/en\/wp-json\/wp\/v2\/product"}],"about":[{"href":"https:\/\/amprojects.hu\/en\/wp-json\/wp\/v2\/types\/product"}],"replies":[{"embeddable":true,"href":"https:\/\/amprojects.hu\/en\/wp-json\/wp\/v2\/comments?post=3097"}],"wp:featuredmedia":[{"embeddable":true,"href":"https:\/\/amprojects.hu\/en\/wp-json\/wp\/v2\/media\/3098"}],"wp:attachment":[{"href":"https:\/\/amprojects.hu\/en\/wp-json\/wp\/v2\/media?parent=3097"}],"wp:term":[{"taxonomy":"product_brand","embeddable":true,"href":"https:\/\/amprojects.hu\/en\/wp-json\/wp\/v2\/product_brand?post=3097"},{"taxonomy":"product_cat","embeddable":true,"href":"https:\/\/amprojects.hu\/en\/wp-json\/wp\/v2\/product_cat?post=3097"},{"taxonomy":"product_tag","embeddable":true,"href":"https:\/\/amprojects.hu\/en\/wp-json\/wp\/v2\/product_tag?post=3097"}],"curies":[{"name":"wp","href":"https:\/\/api.w.org\/{rel}","templated":true}]}}