{"id":3099,"date":"2026-01-22T11:29:05","date_gmt":"2026-01-22T11:29:05","guid":{"rendered":"https:\/\/amprojects.hu\/?post_type=product&#038;p=3099"},"modified":"2026-03-24T15:20:32","modified_gmt":"2026-03-24T15:20:32","slug":"man-fantasy-series-power-serve-02","status":"publish","type":"product","link":"https:\/\/amprojects.hu\/en\/product\/man-fantasy-series-power-serve-02\/","title":{"rendered":"MAN FANTASY Series: Power Serve 02"},"content":{"rendered":"","protected":false},"excerpt":{"rendered":"<p class=\"p1\"><strong>A f\u00e9rfi duzzad\u00f3 izmokkal \/ The man with bulging muscles<\/strong><\/p>\n<p class=\"p1\"><b>D\u00e1tum : 2025<\/b><\/p>\n<p class=\"p1\"><b>Technika \/ Media: Gyanta, gy\u00e9m\u00e1ntfest\u00e9ses mozaikok, t\u00fckr\u00f6z\u00f6tt plexi\u00fcveg, l\u00e1nc<\/b><\/p>\n<p class=\"p1\"><b>M\u00e9ret: 25 \u00d7 4 \u00d7 15 cm<\/b><\/p>","protected":false},"featured_media":3091,"comment_status":"closed","ping_status":"closed","template":"","meta":[],"product_brand":[],"product_cat":[32],"product_tag":[],"class_list":{"0":"post-3099","1":"product","2":"type-product","3":"status-publish","4":"has-post-thumbnail","6":"product_cat-egyeb","8":"first","9":"instock","10":"taxable","11":"shipping-taxable","12":"product-type-external"},"_links":{"self":[{"href":"https:\/\/amprojects.hu\/en\/wp-json\/wp\/v2\/product\/3099","targetHints":{"allow":["GET"]}}],"collection":[{"href":"https:\/\/amprojects.hu\/en\/wp-json\/wp\/v2\/product"}],"about":[{"href":"https:\/\/amprojects.hu\/en\/wp-json\/wp\/v2\/types\/product"}],"replies":[{"embeddable":true,"href":"https:\/\/amprojects.hu\/en\/wp-json\/wp\/v2\/comments?post=3099"}],"wp:featuredmedia":[{"embeddable":true,"href":"https:\/\/amprojects.hu\/en\/wp-json\/wp\/v2\/media\/3091"}],"wp:attachment":[{"href":"https:\/\/amprojects.hu\/en\/wp-json\/wp\/v2\/media?parent=3099"}],"wp:term":[{"taxonomy":"product_brand","embeddable":true,"href":"https:\/\/amprojects.hu\/en\/wp-json\/wp\/v2\/product_brand?post=3099"},{"taxonomy":"product_cat","embeddable":true,"href":"https:\/\/amprojects.hu\/en\/wp-json\/wp\/v2\/product_cat?post=3099"},{"taxonomy":"product_tag","embeddable":true,"href":"https:\/\/amprojects.hu\/en\/wp-json\/wp\/v2\/product_tag?post=3099"}],"curies":[{"name":"wp","href":"https:\/\/api.w.org\/{rel}","templated":true}]}}