{"id":3100,"date":"2026-01-22T11:31:23","date_gmt":"2026-01-22T11:31:23","guid":{"rendered":"https:\/\/amprojects.hu\/?post_type=product&#038;p=3100"},"modified":"2026-03-24T15:19:57","modified_gmt":"2026-03-24T15:19:57","slug":"venae-folii","status":"publish","type":"product","link":"https:\/\/amprojects.hu\/en\/product\/venae-folii\/","title":{"rendered":"Venae folii"},"content":{"rendered":"","protected":false},"excerpt":{"rendered":"<p class=\"p1\"><strong>Veronika Csonka<\/strong><\/p>\n<p class=\"p1\"><strong>\u00c9vsz\u00e1m:\u00a02025<\/strong><\/p>\n<p class=\"p2\"><strong>Technika: \u00a0\u00fajrahasznos\u00edtott m\u0171anyag, f\u00e9m\u00a0<\/strong><\/p>\n<p class=\"p2\"><strong>M\u00e9ret : 33 x 32 x 20 cm<\/strong><\/p>","protected":false},"featured_media":3101,"comment_status":"closed","ping_status":"closed","template":"","meta":[],"product_brand":[],"product_cat":[32],"product_tag":[],"class_list":{"0":"post-3100","1":"product","2":"type-product","3":"status-publish","4":"has-post-thumbnail","6":"product_cat-egyeb","8":"first","9":"instock","10":"taxable","11":"shipping-taxable","12":"product-type-external"},"_links":{"self":[{"href":"https:\/\/amprojects.hu\/en\/wp-json\/wp\/v2\/product\/3100","targetHints":{"allow":["GET"]}}],"collection":[{"href":"https:\/\/amprojects.hu\/en\/wp-json\/wp\/v2\/product"}],"about":[{"href":"https:\/\/amprojects.hu\/en\/wp-json\/wp\/v2\/types\/product"}],"replies":[{"embeddable":true,"href":"https:\/\/amprojects.hu\/en\/wp-json\/wp\/v2\/comments?post=3100"}],"wp:featuredmedia":[{"embeddable":true,"href":"https:\/\/amprojects.hu\/en\/wp-json\/wp\/v2\/media\/3101"}],"wp:attachment":[{"href":"https:\/\/amprojects.hu\/en\/wp-json\/wp\/v2\/media?parent=3100"}],"wp:term":[{"taxonomy":"product_brand","embeddable":true,"href":"https:\/\/amprojects.hu\/en\/wp-json\/wp\/v2\/product_brand?post=3100"},{"taxonomy":"product_cat","embeddable":true,"href":"https:\/\/amprojects.hu\/en\/wp-json\/wp\/v2\/product_cat?post=3100"},{"taxonomy":"product_tag","embeddable":true,"href":"https:\/\/amprojects.hu\/en\/wp-json\/wp\/v2\/product_tag?post=3100"}],"curies":[{"name":"wp","href":"https:\/\/api.w.org\/{rel}","templated":true}]}}